{"id":3258,"date":"2020-11-11T20:43:54","date_gmt":"2020-11-11T20:43:54","guid":{"rendered":"https:\/\/airplastic.es\/?page_id=3258"},"modified":"2020-11-11T21:35:07","modified_gmt":"2020-11-11T21:35:07","slug":"politica-de-cookies-ue","status":"publish","type":"page","link":"https:\/\/airplastic.es\/pt-pt\/politica-de-cookies-ue\/","title":{"rendered":"Pol\u00edtica de Cookies"},"content":{"rendered":"<p>[vc_row][vc_column][vc_custom_heading text=&#8221;Pol\u00edtica de cookies&#8221; use_theme_fonts=&#8221;yes&#8221; el_class=&#8221;title&#8221;][vc_column_text]<\/p>\r\n\n<!-- Legal document generated by Complianz | GDPR\/CCPA Cookie Consent https:\/\/wordpress.org\/plugins\/complianz-gdpr -->\n<div id=\"cmplz-document\" class=\"cmplz-document cookie-statement\"><p><i>This Cookie Policy was last updated on 5 de May de 2022 and applies to citizens and legal permanent residents of the European Economic Area and Switzerland<\/i><br><\/p><h2>1. Introdu\u00e7\u00e3o<\/h2><p>Nosso site, <a href=\"https:\/\/airplastic.es\/pt-pt\/\">https:\/\/airplastic.es\/pt-pt\/<\/a> (doravante: &#8220;o site&#8221;) usa cookies e outras tecnologias relacionadas (por conveni\u00eancia todas as tecnologias s\u00e3o referidas como &#8220;cookies&#8221;). Os cookies tamb\u00e9m s\u00e3o inseridos por terceiros que contratamos. No documento abaixo informamos sobre o uso de cookies em nosso site.<\/p><h2>2. O que s\u00e3o cookies?<\/h2><p>Um cookie \u00e9 um arquivo pequeno e simples que \u00e9 enviado junto com p\u00e1ginas deste site e armazenado pelo seu navegador no disco r\u00edgido do seu computador ou outro dispositivo. As informa\u00e7\u00f5es armazenadas podem ser enviadas de volta aos nossos servidores ou aos servidores dos terceiros relevantes durante uma visita subsequente.<\/p><h2>3. O que s\u00e3o scripts?<\/h2><p>Um script \u00e9 uma parte de c\u00f3digo de programa usado para fazer nosso site funcionar de forma adequada e interativa. Este c\u00f3digo \u00e9 executado no nosso servidor ou no seu dispositivo.<\/p><h2>4. O que \u00e9 um web beacon?<\/h2><p>Um web beacon (ou uma tag pixel) \u00e9 um pequeno e invis\u00edvel texto ou imagem num site que \u00e9 usado para monitorar o tr\u00e1fego num site. Para fazer isso, v\u00e1rios dados sobre si s\u00e3o armazenados utilizando web beacons.<\/p><h2>5. Cookies<\/h2><p class=\"cmplz-subtitle\">5.1 Cookies t\u00e9cnicos ou funcionais<\/p><p>Alguns cookies garantem que certas partes do site funcionem corretamente e que suas prefer\u00eancias de usu\u00e1rio permane\u00e7am conhecidas. Ao inserir cookies funcionais, facilitamos a visita ao nosso site. Dessa forma, voc\u00ea n\u00e3o precisa inserir repetidamente as mesmas informa\u00e7\u00f5es ao visitar nosso site e, por exemplo, os itens permanecem em seu carrinho de compras at\u00e9 que voc\u00ea tenha conclu\u00eddo a compra. Podemos inserir esses cookies sem o seu consentimento.<\/p><p class=\"cmplz-subtitle\">5.2 Cookies anal\u00edticos<\/p><p>Usamos cookies anal\u00edticos para otimizar a experi\u00eancia do site para nossos usu\u00e1rios. Com estes cookies anal\u00edticos, obtemos informa\u00e7\u00f5es sobre o uso de nosso site.&nbsp;Pedimos sua permiss\u00e3o para inserir cookies anal\u00edticos.<\/p><p class=\"cmplz-subtitle\">5.3 Cookies de marketing\/rastreamento<\/p><p>Cookies de marketing\/rastreamento s\u00e3o cookies ou qualquer outra forma de armazenamento local, usados para criar perfis de usu\u00e1rio para exibir publicidade ou para rastrear o usu\u00e1rio neste site ou em v\u00e1rios sites para fins semelhantes de marketing.<\/p><p class=\"cmplz-subtitle\">5.4 Bot\u00f5es de m\u00eddia social<\/p><p>Em nosso site, inclu\u00edmos bot\u00f5es para  promover(em) p\u00e1ginas da web (por exemplo, &#8220;curtir&#8221;, &#8220;pinar&#8221;) ou compartilhar (por exemplo, &#8220;tuitar&#8221;) em redes sociais como . Esses bot\u00f5es funcionam usando peda\u00e7os de c\u00f3digo provenientes deles mesmos (). Este c\u00f3digo insere cookies. Esses bot\u00f5es de m\u00eddia social tamb\u00e9m podem armazenar e processar certas informa\u00e7\u00f5es para que um an\u00fancio personalizado possa ser mostrado a voc\u00ea.<\/p><p>Leia a declara\u00e7\u00e3o de privacidade dessas redes sociais (que podem mudar regularmente) para saber o que eles fazem com seus dados (pessoais) que eles processam usando esses cookies. Os dados recuperados s\u00e3o anonimizados tanto quanto poss\u00edvel.  est\u00e3o localizados nos Estados Unidos.<\/p><h2>6. Cookies inseridos<\/h2><div id=\"cmplz-cookies-overview\"><details class=\"cmplz-dropdown cmplz-service-desc cmplz-dropdown-cookiepolicy \">\n\t<summary class=\"cmplz-service-header\"><div>\n\t\t<h3>Complianz<\/h3>\n\t\t<p>Finalidade pendente de investiga\u00e7\u00e3o<\/p>\n\t\t<input type=\"checkbox\" class=\"cmplz-accept-service cmplz-hidden\" data-service=\"complianz\" data-category=\"functional\"><\/div>\n\t<\/summary>\n\t<div class=\"cmplz-service-description\">\n\t\t<h4>Utiliza\u00e7\u00e3o<\/h4>\n\t\t<p>Usamos Complianz para cookie consent management.<\/p>\n\t<\/div>\n\t<div class=\"cmplz-sharing-data\">\n\t\t<h4>Compartilhamento de dados<\/h4>\n\t\t<p>Esses dados n\u00e3o s\u00e3o compartilhados com terceiros.&nbsp;Para mais informa\u00e7\u00f5es, leia a <a target=\"_blank\" rel=\"noopener noreferrer\" href=\"https:\/\/complianz.io\/legal\/privacy-statement\/\">Complianz Declara\u00e7\u00e3o de Privacidade<\/a>.<\/p>\n\t<\/div>\n\t<div class=\"cookies-per-purpose\">\n    <div class=\"purpose\"><h4>Finalidade pendente de investiga\u00e7\u00e3o<\/h4><\/div>\n    <div class=\"name-header\">\n\t<h5>Nome<\/h5>\n<\/div>\n<div class=\"name\">cmplz_marketing<\/div>\n<div class=\"retention-header\">\n\t<h5>Vencimento<\/h5>\n<\/div>\n<div class=\"retention\">365 dias<\/div>\n<div class=\"function-header\">\n\t<h5>Fun\u00e7\u00e3o<\/h5>\n<\/div>\n<div class=\"function\"><\/div>\n\n<\/div>\n<\/details>\n<details class=\"cmplz-dropdown cmplz-service-desc cmplz-dropdown-cookiepolicy \">\n\t<summary class=\"cmplz-service-header\"><div>\n\t\t<h3>Google Analytics<\/h3>\n\t\t<p>Finalidade pendente de investiga\u00e7\u00e3o<\/p>\n\t\t<input type=\"checkbox\" class=\"cmplz-accept-service cmplz-hidden\" data-service=\"google-analytics\" data-category=\"functional\"><\/div>\n\t<\/summary>\n\t<div class=\"cmplz-service-description\">\n\t\t<h4>Utiliza\u00e7\u00e3o<\/h4>\n\t\t<p>Usamos Google Analytics para website statistics.<\/p>\n\t<\/div>\n\t<div class=\"cmplz-sharing-data\">\n\t\t<h4>Compartilhamento de dados<\/h4>\n\t\t<p><\/p>\n\t<\/div>\n\t<div class=\"cookies-per-purpose\">\n    <div class=\"purpose\"><h4>Finalidade pendente de investiga\u00e7\u00e3o<\/h4><\/div>\n    <div class=\"name-header\">\n\t<h5>Nome<\/h5>\n<\/div>\n<div class=\"name\">_ga<\/div>\n<div class=\"retention-header\">\n\t<h5>Vencimento<\/h5>\n<\/div>\n<div class=\"retention\"><\/div>\n<div class=\"function-header\">\n\t<h5>Fun\u00e7\u00e3o<\/h5>\n<\/div>\n<div class=\"function\"><\/div>\n<div class=\"name-header\">\n\t<h5>Nome<\/h5>\n<\/div>\n<div class=\"name\">_ga_*<\/div>\n<div class=\"retention-header\">\n\t<h5>Vencimento<\/h5>\n<\/div>\n<div class=\"retention\"><\/div>\n<div class=\"function-header\">\n\t<h5>Fun\u00e7\u00e3o<\/h5>\n<\/div>\n<div class=\"function\"><\/div>\n<div class=\"name-header\">\n\t<h5>Nome<\/h5>\n<\/div>\n<div class=\"name\">_ga_*<\/div>\n<div class=\"retention-header\">\n\t<h5>Vencimento<\/h5>\n<\/div>\n<div class=\"retention\"><\/div>\n<div class=\"function-header\">\n\t<h5>Fun\u00e7\u00e3o<\/h5>\n<\/div>\n<div class=\"function\"><\/div>\n\n<\/div>\n<\/details>\n<details class=\"cmplz-dropdown cmplz-service-desc cmplz-dropdown-cookiepolicy \">\n\t<summary class=\"cmplz-service-header\"><div>\n\t\t<h3>WPML<\/h3>\n\t\t<p>Finalidade pendente de investiga\u00e7\u00e3o<\/p>\n\t\t<input type=\"checkbox\" class=\"cmplz-accept-service cmplz-hidden\" data-service=\"wpml\" data-category=\"functional\"><\/div>\n\t<\/summary>\n\t<div class=\"cmplz-service-description\">\n\t\t<h4>Utiliza\u00e7\u00e3o<\/h4>\n\t\t<p>Usamos WPML para locale management.<\/p>\n\t<\/div>\n\t<div class=\"cmplz-sharing-data\">\n\t\t<h4>Compartilhamento de dados<\/h4>\n\t\t<p>Esses dados n\u00e3o s\u00e3o compartilhados com terceiros.<\/p>\n\t<\/div>\n\t<div class=\"cookies-per-purpose\">\n    <div class=\"purpose\"><h4>Finalidade pendente de investiga\u00e7\u00e3o<\/h4><\/div>\n    <div class=\"name-header\">\n\t<h5>Nome<\/h5>\n<\/div>\n<div class=\"name\">wp-wpml_current_language<\/div>\n<div class=\"retention-header\">\n\t<h5>Vencimento<\/h5>\n<\/div>\n<div class=\"retention\"><\/div>\n<div class=\"function-header\">\n\t<h5>Fun\u00e7\u00e3o<\/h5>\n<\/div>\n<div class=\"function\"><\/div>\n\n<\/div>\n<\/details>\n<details class=\"cmplz-dropdown cmplz-service-desc cmplz-dropdown-cookiepolicy \">\n\t<summary class=\"cmplz-service-header\"><div>\n\t\t<h3>Google Fonts<\/h3>\n\t\t<p>Finalidade pendente de investiga\u00e7\u00e3o<\/p>\n\t\t<input type=\"checkbox\" class=\"cmplz-accept-service cmplz-hidden\" data-service=\"google-fonts\" data-category=\"functional\"><\/div>\n\t<\/summary>\n\t<div class=\"cmplz-service-description\">\n\t\t<h4>Utiliza\u00e7\u00e3o<\/h4>\n\t\t<p>Usamos Google Fonts para display of webfonts.<\/p>\n\t<\/div>\n\t<div class=\"cmplz-sharing-data\">\n\t\t<h4>Compartilhamento de dados<\/h4>\n\t\t<p><\/p>\n\t<\/div>\n\t<div class=\"cookies-per-purpose\">\n    <div class=\"purpose\"><h4>Finalidade pendente de investiga\u00e7\u00e3o<\/h4><\/div>\n    <div class=\"name-header\">\n\t<h5>Nome<\/h5>\n<\/div>\n<div class=\"name\">Google Fonts API<\/div>\n<div class=\"retention-header\">\n\t<h5>Vencimento<\/h5>\n<\/div>\n<div class=\"retention\"><\/div>\n<div class=\"function-header\">\n\t<h5>Fun\u00e7\u00e3o<\/h5>\n<\/div>\n<div class=\"function\"><\/div>\n\n<\/div>\n<\/details>\n<details class=\"cmplz-dropdown cmplz-service-desc cmplz-dropdown-cookiepolicy \">\n\t<summary class=\"cmplz-service-header\"><div>\n\t\t<h3>Google Maps<\/h3>\n\t\t<p>Finalidade pendente de investiga\u00e7\u00e3o<\/p>\n\t\t<input type=\"checkbox\" class=\"cmplz-accept-service cmplz-hidden\" data-service=\"google-maps\" data-category=\"functional\"><\/div>\n\t<\/summary>\n\t<div class=\"cmplz-service-description\">\n\t\t<h4>Utiliza\u00e7\u00e3o<\/h4>\n\t\t<p>Usamos Google Maps para maps display.<\/p>\n\t<\/div>\n\t<div class=\"cmplz-sharing-data\">\n\t\t<h4>Compartilhamento de dados<\/h4>\n\t\t<p><\/p>\n\t<\/div>\n\t<div class=\"cookies-per-purpose\">\n    <div class=\"purpose\"><h4>Finalidade pendente de investiga\u00e7\u00e3o<\/h4><\/div>\n    <div class=\"name-header\">\n\t<h5>Nome<\/h5>\n<\/div>\n<div class=\"name\">Google Maps API<\/div>\n<div class=\"retention-header\">\n\t<h5>Vencimento<\/h5>\n<\/div>\n<div class=\"retention\"><\/div>\n<div class=\"function-header\">\n\t<h5>Fun\u00e7\u00e3o<\/h5>\n<\/div>\n<div class=\"function\"><\/div>\n\n<\/div>\n<\/details>\n<details class=\"cmplz-dropdown cmplz-service-desc cmplz-dropdown-cookiepolicy \">\n\t<summary class=\"cmplz-service-header\"><div>\n\t\t<h3>YouTube<\/h3>\n\t\t<p>Finalidade pendente de investiga\u00e7\u00e3o<\/p>\n\t\t<input type=\"checkbox\" class=\"cmplz-accept-service cmplz-hidden\" data-service=\"youtube\" data-category=\"functional\"><\/div>\n\t<\/summary>\n\t<div class=\"cmplz-service-description\">\n\t\t<h4>Utiliza\u00e7\u00e3o<\/h4>\n\t\t<p>Usamos YouTube para video display.<\/p>\n\t<\/div>\n\t<div class=\"cmplz-sharing-data\">\n\t\t<h4>Compartilhamento de dados<\/h4>\n\t\t<p><\/p>\n\t<\/div>\n\t<div class=\"cookies-per-purpose\">\n    <div class=\"purpose\"><h4>Finalidade pendente de investiga\u00e7\u00e3o<\/h4><\/div>\n    <div class=\"name-header\">\n\t<h5>Nome<\/h5>\n<\/div>\n<div class=\"name\">GPS<\/div>\n<div class=\"retention-header\">\n\t<h5>Vencimento<\/h5>\n<\/div>\n<div class=\"retention\"><\/div>\n<div class=\"function-header\">\n\t<h5>Fun\u00e7\u00e3o<\/h5>\n<\/div>\n<div class=\"function\"><\/div>\n<div class=\"name-header\">\n\t<h5>Nome<\/h5>\n<\/div>\n<div class=\"name\">VISITOR_INFO1_LIVE<\/div>\n<div class=\"retention-header\">\n\t<h5>Vencimento<\/h5>\n<\/div>\n<div class=\"retention\"><\/div>\n<div class=\"function-header\">\n\t<h5>Fun\u00e7\u00e3o<\/h5>\n<\/div>\n<div class=\"function\"><\/div>\n<div class=\"name-header\">\n\t<h5>Nome<\/h5>\n<\/div>\n<div class=\"name\">YSC<\/div>\n<div class=\"retention-header\">\n\t<h5>Vencimento<\/h5>\n<\/div>\n<div class=\"retention\"><\/div>\n<div class=\"function-header\">\n\t<h5>Fun\u00e7\u00e3o<\/h5>\n<\/div>\n<div class=\"function\"><\/div>\n<div class=\"name-header\">\n\t<h5>Nome<\/h5>\n<\/div>\n<div class=\"name\">PREF<\/div>\n<div class=\"retention-header\">\n\t<h5>Vencimento<\/h5>\n<\/div>\n<div class=\"retention\"><\/div>\n<div class=\"function-header\">\n\t<h5>Fun\u00e7\u00e3o<\/h5>\n<\/div>\n<div class=\"function\"><\/div>\n\n<\/div>\n<\/details>\n<details class=\"cmplz-dropdown cmplz-service-desc cmplz-dropdown-cookiepolicy \">\n\t<summary class=\"cmplz-service-header\"><div>\n\t\t<h3>Diversos<\/h3>\n\t\t<p>Finalidade pendente de investiga\u00e7\u00e3o<\/p>\n\t\t<input type=\"checkbox\" class=\"cmplz-accept-service cmplz-hidden\" data-service=\"diversos\" data-category=\"functional\"><\/div>\n\t<\/summary>\n\t<div class=\"cmplz-service-description\">\n\t\t<h4>Utiliza\u00e7\u00e3o<\/h4>\n\t\t<p><\/p>\n\t<\/div>\n\t<div class=\"cmplz-sharing-data\">\n\t\t<h4>Compartilhamento de dados<\/h4>\n\t\t<p>O compartilhamento de dados est\u00e1 pendente de investiga\u00e7\u00e3o<\/p>\n\t<\/div>\n\t<div class=\"cookies-per-purpose\">\n    <div class=\"purpose\"><h4>Finalidade pendente de investiga\u00e7\u00e3o<\/h4><\/div>\n    <div class=\"name-header\">\n\t<h5>Nome<\/h5>\n<\/div>\n<div class=\"name\">cmplz_toggle_data_id_0<\/div>\n<div class=\"retention-header\">\n\t<h5>Vencimento<\/h5>\n<\/div>\n<div class=\"retention\">365 dias<\/div>\n<div class=\"function-header\">\n\t<h5>Fun\u00e7\u00e3o<\/h5>\n<\/div>\n<div class=\"function\"><\/div>\n<div class=\"name-header\">\n\t<h5>Nome<\/h5>\n<\/div>\n<div class=\"name\">cmplzDashboardDefaultsSet<\/div>\n<div class=\"retention-header\">\n\t<h5>Vencimento<\/h5>\n<\/div>\n<div class=\"retention\">365 dias<\/div>\n<div class=\"function-header\">\n\t<h5>Fun\u00e7\u00e3o<\/h5>\n<\/div>\n<div class=\"function\"><\/div>\n<div class=\"name-header\">\n\t<h5>Nome<\/h5>\n<\/div>\n<div class=\"name\">cmplz_toggle_data_id_1<\/div>\n<div class=\"retention-header\">\n\t<h5>Vencimento<\/h5>\n<\/div>\n<div class=\"retention\">365 dias<\/div>\n<div class=\"function-header\">\n\t<h5>Fun\u00e7\u00e3o<\/h5>\n<\/div>\n<div class=\"function\"><\/div>\n<div class=\"name-header\">\n\t<h5>Nome<\/h5>\n<\/div>\n<div class=\"name\">cmplz_toggle_data_id_2<\/div>\n<div class=\"retention-header\">\n\t<h5>Vencimento<\/h5>\n<\/div>\n<div class=\"retention\">365 dias<\/div>\n<div class=\"function-header\">\n\t<h5>Fun\u00e7\u00e3o<\/h5>\n<\/div>\n<div class=\"function\"><\/div>\n<div class=\"name-header\">\n\t<h5>Nome<\/h5>\n<\/div>\n<div class=\"name\">cmplz_toggle_data_id_3<\/div>\n<div class=\"retention-header\">\n\t<h5>Vencimento<\/h5>\n<\/div>\n<div class=\"retention\">365 dias<\/div>\n<div class=\"function-header\">\n\t<h5>Fun\u00e7\u00e3o<\/h5>\n<\/div>\n<div class=\"function\"><\/div>\n<div class=\"name-header\">\n\t<h5>Nome<\/h5>\n<\/div>\n<div class=\"name\">cmplz_toggle_data_id_4<\/div>\n<div class=\"retention-header\">\n\t<h5>Vencimento<\/h5>\n<\/div>\n<div class=\"retention\">365 dias<\/div>\n<div class=\"function-header\">\n\t<h5>Fun\u00e7\u00e3o<\/h5>\n<\/div>\n<div class=\"function\"><\/div>\n<div class=\"name-header\">\n\t<h5>Nome<\/h5>\n<\/div>\n<div class=\"name\">cmplzFormValues<\/div>\n<div class=\"retention-header\">\n\t<h5>Vencimento<\/h5>\n<\/div>\n<div class=\"retention\">365 dias<\/div>\n<div class=\"function-header\">\n\t<h5>Fun\u00e7\u00e3o<\/h5>\n<\/div>\n<div class=\"function\"><\/div>\n<div class=\"name-header\">\n\t<h5>Nome<\/h5>\n<\/div>\n<div class=\"name\">cmplz_layout<\/div>\n<div class=\"retention-header\">\n\t<h5>Vencimento<\/h5>\n<\/div>\n<div class=\"retention\">365 dias<\/div>\n<div class=\"function-header\">\n\t<h5>Fun\u00e7\u00e3o<\/h5>\n<\/div>\n<div class=\"function\"><\/div>\n<div class=\"name-header\">\n\t<h5>Nome<\/h5>\n<\/div>\n<div class=\"name\">complianz_policy_id<\/div>\n<div class=\"retention-header\">\n\t<h5>Vencimento<\/h5>\n<\/div>\n<div class=\"retention\">365 dias<\/div>\n<div class=\"function-header\">\n\t<h5>Fun\u00e7\u00e3o<\/h5>\n<\/div>\n<div class=\"function\"><\/div>\n<div class=\"name-header\">\n\t<h5>Nome<\/h5>\n<\/div>\n<div class=\"name\">cmplz_stats<\/div>\n<div class=\"retention-header\">\n\t<h5>Vencimento<\/h5>\n<\/div>\n<div class=\"retention\">365 dias<\/div>\n<div class=\"function-header\">\n\t<h5>Fun\u00e7\u00e3o<\/h5>\n<\/div>\n<div class=\"function\"><\/div>\n<div class=\"name-header\">\n\t<h5>Nome<\/h5>\n<\/div>\n<div class=\"name\">complianz_consent_status<\/div>\n<div class=\"retention-header\">\n\t<h5>Vencimento<\/h5>\n<\/div>\n<div class=\"retention\">365 dias<\/div>\n<div class=\"function-header\">\n\t<h5>Fun\u00e7\u00e3o<\/h5>\n<\/div>\n<div class=\"function\"><\/div>\n<div class=\"name-header\">\n\t<h5>Nome<\/h5>\n<\/div>\n<div class=\"name\">PHPSESSID<\/div>\n<div class=\"retention-header\">\n\t<h5>Vencimento<\/h5>\n<\/div>\n<div class=\"retention\"><\/div>\n<div class=\"function-header\">\n\t<h5>Fun\u00e7\u00e3o<\/h5>\n<\/div>\n<div class=\"function\"><\/div>\n<div class=\"name-header\">\n\t<h5>Nome<\/h5>\n<\/div>\n<div class=\"name\">cmplz_consented_services<\/div>\n<div class=\"retention-header\">\n\t<h5>Vencimento<\/h5>\n<\/div>\n<div class=\"retention\">365 dias<\/div>\n<div class=\"function-header\">\n\t<h5>Fun\u00e7\u00e3o<\/h5>\n<\/div>\n<div class=\"function\"><\/div>\n<div class=\"name-header\">\n\t<h5>Nome<\/h5>\n<\/div>\n<div class=\"name\">cmplz_policy_id<\/div>\n<div class=\"retention-header\">\n\t<h5>Vencimento<\/h5>\n<\/div>\n<div class=\"retention\">365 dias<\/div>\n<div class=\"function-header\">\n\t<h5>Fun\u00e7\u00e3o<\/h5>\n<\/div>\n<div class=\"function\"><\/div>\n<div class=\"name-header\">\n\t<h5>Nome<\/h5>\n<\/div>\n<div class=\"name\">cmplz_statistics<\/div>\n<div class=\"retention-header\">\n\t<h5>Vencimento<\/h5>\n<\/div>\n<div class=\"retention\">365 dias<\/div>\n<div class=\"function-header\">\n\t<h5>Fun\u00e7\u00e3o<\/h5>\n<\/div>\n<div class=\"function\"><\/div>\n<div class=\"name-header\">\n\t<h5>Nome<\/h5>\n<\/div>\n<div class=\"name\">cmplz_preferences<\/div>\n<div class=\"retention-header\">\n\t<h5>Vencimento<\/h5>\n<\/div>\n<div class=\"retention\">365 dias<\/div>\n<div class=\"function-header\">\n\t<h5>Fun\u00e7\u00e3o<\/h5>\n<\/div>\n<div class=\"function\"><\/div>\n<div class=\"name-header\">\n\t<h5>Nome<\/h5>\n<\/div>\n<div class=\"name\">cmplz_functional<\/div>\n<div class=\"retention-header\">\n\t<h5>Vencimento<\/h5>\n<\/div>\n<div class=\"retention\">365 dias<\/div>\n<div class=\"function-header\">\n\t<h5>Fun\u00e7\u00e3o<\/h5>\n<\/div>\n<div class=\"function\"><\/div>\n<div class=\"name-header\">\n\t<h5>Nome<\/h5>\n<\/div>\n<div class=\"name\">cmplz_banner-status<\/div>\n<div class=\"retention-header\">\n\t<h5>Vencimento<\/h5>\n<\/div>\n<div class=\"retention\">365 dias<\/div>\n<div class=\"function-header\">\n\t<h5>Fun\u00e7\u00e3o<\/h5>\n<\/div>\n<div class=\"function\"><\/div>\n<div class=\"name-header\">\n\t<h5>Nome<\/h5>\n<\/div>\n<div class=\"name\">continueReview<\/div>\n<div class=\"retention-header\">\n\t<h5>Vencimento<\/h5>\n<\/div>\n<div class=\"retention\"><\/div>\n<div class=\"function-header\">\n\t<h5>Fun\u00e7\u00e3o<\/h5>\n<\/div>\n<div class=\"function\"><\/div>\n<div class=\"name-header\">\n\t<h5>Nome<\/h5>\n<\/div>\n<div class=\"name\">wp-autosave-1<\/div>\n<div class=\"retention-header\">\n\t<h5>Vencimento<\/h5>\n<\/div>\n<div class=\"retention\"><\/div>\n<div class=\"function-header\">\n\t<h5>Fun\u00e7\u00e3o<\/h5>\n<\/div>\n<div class=\"function\"><\/div>\n<div class=\"name-header\">\n\t<h5>Nome<\/h5>\n<\/div>\n<div class=\"name\">rs6_overview_pagination<\/div>\n<div class=\"retention-header\">\n\t<h5>Vencimento<\/h5>\n<\/div>\n<div class=\"retention\"><\/div>\n<div class=\"function-header\">\n\t<h5>Fun\u00e7\u00e3o<\/h5>\n<\/div>\n<div class=\"function\"><\/div>\n\n<\/div>\n<\/details>\n<\/div><h2>7. Consentimento<\/h2><p>Quando voc\u00ea visitar nosso site pela primeira vez, mostraremos um pop-up com uma explica\u00e7\u00e3o sobre cookies. Assim que voc\u00ea clica em &#8220;Salvar prefer\u00eancias&#8221;, voc\u00ea nos autoriza a usar as categorias de cookies e plugins selecionados no pop-up, conforme descrito nesta Pol\u00edtica de Cookies. Voc\u00ea pode desativar o uso de cookies atrav\u00e9s do seu navegador, mas observe que nosso site pode n\u00e3o funcionar corretamente.<\/p><p class=\"cmplz-subtitle\">7.1 Gerencie suas configura\u00e7\u00f5es de consentimento<\/p><div id=\"cmplz-manage-consent-container-nojavascript\">Voc\u00ea carregou a Pol\u00edtica de Cookies sem suporte a javascript.&nbsp;No AMP, voc\u00ea pode usar o bot\u00e3o de gerenciamento de consentimento na parte inferior da p\u00e1gina.<\/div><div id=\"cmplz-manage-consent-container\" name=\"cmplz-manage-consent-container\" class=\"cmplz-manage-consent-container\"><\/div>&nbsp;<h2>8. Seus direitos em rela\u00e7\u00e3o aos dados pessoais<\/h2><p>Voc\u00ea tem os seguintes direitos em rela\u00e7\u00e3o aos seus dados pessoais:<\/p><ul>\n                    <li>Voc\u00ea tem o direito de saber por que seus dados pessoais s\u00e3o necess\u00e1rios, o que acontecer\u00e1 com eles e por quanto tempo eles ser\u00e3o retidos.<\/li>\n                    <li>Direito de acesso: Voc\u00ea tem o direito de acessar seus dados pessoais que s\u00e3o conhecidos por n\u00f3s.<\/li>\n                    <li>Direito \u00e0 retifica\u00e7\u00e3o: voc\u00ea tem o direito de complementar, corrigir, ter exclu\u00eddos ou bloqueados seus dados pessoais sempre que desejar.<\/li>\n                    <li>Se voc\u00ea nos der seu consentimento para processar seus dados, voc\u00ea tem o direito de revogar esse consentimento e ter seus dados pessoais exclu\u00eddos.<\/li>\n                    <li>Direito de transferir seus dados: voc\u00ea tem o direito de solicitar todos os seus dados pessoais do controlador e transferi-los em sua totalidade para outro controlador.<\/li>\n                    <li>Direito de objeto: voc\u00ea pode rejeitar o processamento de seus dados. N\u00f3s cumprimos com isso, a menos que haja motivos justificados para o processamento.<\/li>\n                <\/ul>&nbsp;<p>Para exercer esses direitos, entre em contato conosco. Consulte os detalhes de contato no final desta Pol\u00edtica de Cookies. Se voc\u00ea tem uma reclama\u00e7\u00e3o sobre como lidamos com seus dados, gostar\u00edamos de ouvi-la, mas voc\u00ea tamb\u00e9m tem o direito de enviar uma reclama\u00e7\u00e3o \u00e0 autoridade supervisora (a Autoridade de Prote\u00e7\u00e3o de Dados).<\/p><h2>9. Ativa\u00e7\u00e3o\/desativa\u00e7\u00e3o e exclus\u00e3o de cookies<\/h2><p>Voc\u00ea pode usar seu navegador de internet para excluir cookies automaticamente ou manualmente. Voc\u00ea tamb\u00e9m pode especificar que certos cookies podem n\u00e3o ser inseridos. Outra op\u00e7\u00e3o \u00e9 alterar as configura\u00e7\u00f5es do seu navegador para que voc\u00ea receba uma mensagem cada vez que um cookie \u00e9 inserido. Para obter mais informa\u00e7\u00f5es sobre essas op\u00e7\u00f5es, consulte as instru\u00e7\u00f5es na se\u00e7\u00e3o Ajuda do seu navegador.<\/p><p>Por favor, observe que nosso site pode n\u00e3o funcionar corretamente se todos os cookies forem desativados. Se voc\u00ea excluir os cookies do seu navegador, eles ser\u00e3o inseridos novamente ap\u00f3s o seu consentimento quando voc\u00ea visitar nossos sites outra vez.<\/p><h2>10. Detalhes de contato<\/h2><p>Para perguntas e\/ou coment\u00e1rios sobre nossa Pol\u00edtica de Cookies e esta declara\u00e7\u00e3o, entre em contato conosco usando os seguintes detalhes de contato:<\/p><p>EMBALAJES AIRPLASTIC, S.L.U.<br>\n                    Pol\u00edgono Industrial Malpica Sta Isabel, Calle E, Parcelas 29-30-31 Naves 12-13-14, 50016 Zaragoza<br>\n                    Espanha<br>\n                    Website: <a href=\"https:\/\/airplastic.es\/pt-pt\/\">https:\/\/airplastic.es\/pt-pt\/<\/a> <br>\n                    E-mail: <span class=\"cmplz-obfuscate\">s&#101;&#x2e;ci&#x74;sa&#x6c;p&#114;i&#x61;&#x40;c&#105;&#x74;s&#x61;lpria<\/span> <br>\n                    N\u00famero de telefone: +34 976 57 14 87<br><\/p><p>Esta Pol\u00edtica de Cookies foi sincronizada com <a href=\"https:\/\/cookiedatabase.org\/\" target=\"_blank\">cookiedatabase.org<\/a> em 5 de May de 2022<\/p><\/div>\r\n<p>[\/vc_column_text][\/vc_column][\/vc_row]<\/p>","protected":false},"excerpt":{"rendered":"<p>[vc_row][vc_column][vc_custom_heading text=&#8221;Pol\u00edtica de cookies&#8221; use_theme_fonts=&#8221;yes&#8221; el_class=&#8221;title&#8221;][vc_column_text] [\/vc_column_text][\/vc_column][\/vc_row]<\/p>\n","protected":false},"author":1,"featured_media":0,"parent":0,"menu_order":0,"comment_status":"closed","ping_status":"closed","template":"","meta":[],"_links":{"self":[{"href":"https:\/\/airplastic.es\/pt-pt\/wp-json\/wp\/v2\/pages\/3258"}],"collection":[{"href":"https:\/\/airplastic.es\/pt-pt\/wp-json\/wp\/v2\/pages"}],"about":[{"href":"https:\/\/airplastic.es\/pt-pt\/wp-json\/wp\/v2\/types\/page"}],"author":[{"embeddable":true,"href":"https:\/\/airplastic.es\/pt-pt\/wp-json\/wp\/v2\/users\/1"}],"replies":[{"embeddable":true,"href":"https:\/\/airplastic.es\/pt-pt\/wp-json\/wp\/v2\/comments?post=3258"}],"version-history":[{"count":4,"href":"https:\/\/airplastic.es\/pt-pt\/wp-json\/wp\/v2\/pages\/3258\/revisions"}],"predecessor-version":[{"id":3265,"href":"https:\/\/airplastic.es\/pt-pt\/wp-json\/wp\/v2\/pages\/3258\/revisions\/3265"}],"wp:attachment":[{"href":"https:\/\/airplastic.es\/pt-pt\/wp-json\/wp\/v2\/media?parent=3258"}],"curies":[{"name":"wp","href":"https:\/\/api.w.org\/{rel}","templated":true}]}}