{"id":3237,"date":"2020-11-11T12:04:04","date_gmt":"2020-11-11T12:04:04","guid":{"rendered":"https:\/\/airplastic.es\/?page_id=3237"},"modified":"2020-11-12T09:51:07","modified_gmt":"2020-11-12T09:51:07","slug":"politica-de-privacidade","status":"publish","type":"page","link":"https:\/\/airplastic.es\/pt-pt\/politica-de-privacidade\/","title":{"rendered":"Pol\u00edtica de Privacidade"},"content":{"rendered":"<p>[vc_row css=&#8221;.vc_custom_1605130675387{margin-bottom: 30px !important;}&#8221;][vc_column][vc_custom_heading text=&#8221;Pol\u00edtica de Privacidade&#8221; use_theme_fonts=&#8221;yes&#8221; el_class=&#8221;title&#8221;][vc_empty_space height=&#8221;20px&#8221;][vc_column_text]A Embalajes AIRPLASTIC S.L.U. considera como objetivo b\u00e1sico garantir a privacidade e confidencialidade dos dados de car\u00e1ter pessoal dos seus Utilizadores obtidos atrav\u00e9s de qualquer sistema que permita a transmiss\u00e3o de dados, e manifesta o seu compromisso de cumprimento com a normativa estabelecida no Regulamento Geral de Prote\u00e7\u00e3o de dados (Regulamento UE 2016\/679), tomando as medidas de seguran\u00e7a necess\u00e1rias para garantir a confidencialidade, integridade, disponibilidade, e evitar a sua altera\u00e7\u00e3o, perda, tratamento ou acesso n\u00e3o autorizado por parte de terceiros<\/p>\n<p>O utilizador poder\u00e1 proporcionar-nos, de forma volunt\u00e1ria, informa\u00e7\u00e3o de car\u00e1ter pessoal, atrav\u00e9s de determinados formul\u00e1rios de recolha de dados inclu\u00eddos nas diferentes sec\u00e7\u00f5es do site, ou mediante as dire\u00e7\u00f5es de correio eletr\u00f3nico habilitadas para tal efeito. De conformidade com a normativa vigente em mat\u00e9ria de prote\u00e7\u00e3o de dados, informamos-lhe de que a disponibiliza\u00e7\u00e3o de qualquer dado de car\u00e1ter pessoal atrav\u00e9s dos distintos formul\u00e1rios e dire\u00e7\u00f5es de correio eletr\u00f3nico do presente site, implica aceitar e consentir o tratamento dos mesmos nos termos indicados na presente pol\u00edtica de privacidade.<\/p>\n<h3>1.- Respons\u00e1vel pelo tratamento<\/h3>\n<p>O respons\u00e1vel pelo tratamento dos dados \u00e9 o titular do site:<br \/>\nDenomina\u00e7\u00e3o social: Embalajes AIRPLASTIC S.L.U..<br \/>\nDomic\u00edlio social: Pol\u00edgono Industrial Malpica, c\/ E, parcelas 29-30-31, naves 12-13-14. 50016 Zaragoza<br \/>\nCIF: B-50854165<br \/>\nDire\u00e7\u00e3o de correio eletr\u00f3nico: airplastic@airplastic.es<\/p>\n<h3>2. Seguran\u00e7a dos dados<\/h3>\n<p>A Embalajes AIRPLASTIC S.L.U. garante as medidas t\u00e9cnicas e organizativas necess\u00e1rias para a seguran\u00e7a e integridade dos dados pessoais que cont\u00e9m, evitando a sua altera\u00e7\u00e3o, perda, tratamento ou acesso n\u00e3o autorizado, tendo em conta o estado da tecnologia, a natureza dos dados armazenados, e os riscos a que est\u00e3o expostos, bem provenham da a\u00e7\u00e3o humana, bem do meio f\u00edsico ou natural.<\/p>\n<h3>3.- Finalidade da recolha dos dados<\/h3>\n<p>A recolha e tratamento automatizado dos Dados Pessoais tem como finalidade a manuten\u00e7\u00e3o e execu\u00e7\u00e3o da rela\u00e7\u00e3o comercial estabelecida, bem como o envio de informa\u00e7\u00e3o comercial solicitada. Em nenhum caso ser\u00e3o utilizados para outra finalidade diferente daquela para a qual foram obtidos.<br \/>\nDa mesma forma, e para melhorar a navega\u00e7\u00e3o, utilizam-se cookies (pequenos arquivos de informa\u00e7\u00e3o que o servidor envia para o computador de quem aceder \u00e0 p\u00e1gina) para levar a cabo determinadas fun\u00e7\u00f5es que s\u00e3o consideradas imprescind\u00edveis para o correto funcionamento e visualiza\u00e7\u00e3o do site. Consulte a nossa pol\u00edtica de cookies.<\/p>\n<h3>4.- Dever de informa\u00e7\u00e3o e consentimento do afetado<\/h3>\n<p>Quando lhe forem solicitados dados ao Utilizador atrav\u00e9s do site, ser\u00e3o incorporados ao sistema de tratamento da Embalajes AIRPLASTIC S.L.U., sendo tratados com a finalidade e base jur\u00eddica estabelecida na cl\u00e1usula anexa a cada formul\u00e1rio existente para tal efeito e com o grau de prote\u00e7\u00e3o adequado, de acordo com o Regulamento Geral de Prote\u00e7\u00e3o de dados (Regulamento UE 2016\/679), tomando-se as medidas de seguran\u00e7a necess\u00e1rias para garantir a confidencialidade, integridade, disponibilidade e evitar a sua altera\u00e7\u00e3o, perda, tratamento ou acesso n\u00e3o autorizado por parte de terceiros.<br \/>\nOs dados ser\u00e3o conservados enquanto n\u00e3o solicitar a sua supress\u00e3o ou enquanto se mantiver a rela\u00e7\u00e3o comercial, ou durante os anos necess\u00e1rios para cumprir as obriga\u00e7\u00f5es legais.<br \/>\nSe foi solicitado o seu consentimento para algum dos tratamentos que vamos levar a cabo, informamos-lhe de que pode retir\u00e1-lo a qualquer momento.<\/p>\n<h3>5.- Cess\u00e3o de dados<\/h3>\n<p>A Embalajes AIRPLASTIC S.L.U. n\u00e3o informar\u00e1 sobre os seus dados pessoais a nenhum terceiro, salvo que a comunica\u00e7\u00e3o tenha como finalidade o cumprimento das finalidades diretamente relacionadas com as fun\u00e7\u00f5es leg\u00edtimas do cedente e do cession\u00e1rio, ou o Titular tenha outorgado o seu consentimento para os citados efeitos, ou quando a cess\u00e3o estiver autorizada por alguma Lei.<\/p>\n<h3>6.- Direitos do titular dos dados<\/h3>\n<p>O utilizador poder\u00e1 exercer a qualquer momento o seu direito de acesso, retifica\u00e7\u00e3o, oposi\u00e7\u00e3o, portabilidade, supress\u00e3o e limita\u00e7\u00e3o do tratamento sobre os seus dados pessoais, bem como retirar o consentimento mediante pedido dirigido \u00e0 nossa dire\u00e7\u00e3o postal: Pol\u00edgono Industrial Malpica, c\/ E, parcelas 29-30-31, naves 12-13-14. 50016 Zaragoza, ou \u00e0 dire\u00e7\u00e3o de correio eletr\u00f3nico airplastic@airplastic.es, anexando em qualquer caso, fotoc\u00f3pia do C.C. ou documento equivalente v\u00e1lido em direito que permita confirmar a sua identidade.<br \/>\nIgualmente tem a possibilidade de apresentar uma reclama\u00e7\u00e3o perante a Ag\u00eancia Espanhola de Prote\u00e7\u00e3o de dados, no caso de considerar que o tratamento dos seus dados n\u00e3o est\u00e1 a ser adequado.<\/p>\n<h3>7.- Legisla\u00e7\u00e3o<\/h3>\n<p>Em tudo aquilo que n\u00e3o estiver expressamente indicado neste documento, a Embalajes AIRPLASTIC S.L.U., submete-se ao disposto na legisla\u00e7\u00e3o espanhola e europeia vigente na mat\u00e9ria.[\/vc_column_text][\/vc_column][\/vc_row]<\/p>\n","protected":false},"excerpt":{"rendered":"<p>[vc_row css=&#8221;.vc_custom_1605130675387{margin-bottom: 30px !important;}&#8221;][vc_column][vc_custom_heading text=&#8221;Pol\u00edtica de Privacidade&#8221; use_theme_fonts=&#8221;yes&#8221; el_class=&#8221;title&#8221;][vc_empty_space height=&#8221;20px&#8221;][vc_column_text]A Embalajes AIRPLASTIC S.L.U. considera como objetivo b\u00e1sico garantir a privacidade e confidencialidade dos dados de car\u00e1ter pessoal dos seus Utilizadores obtidos atrav\u00e9s de qualquer sistema que permita a transmiss\u00e3o de &hellip;<\/p>\n","protected":false},"author":1,"featured_media":0,"parent":0,"menu_order":0,"comment_status":"closed","ping_status":"closed","template":"","meta":[],"_links":{"self":[{"href":"https:\/\/airplastic.es\/pt-pt\/wp-json\/wp\/v2\/pages\/3237"}],"collection":[{"href":"https:\/\/airplastic.es\/pt-pt\/wp-json\/wp\/v2\/pages"}],"about":[{"href":"https:\/\/airplastic.es\/pt-pt\/wp-json\/wp\/v2\/types\/page"}],"author":[{"embeddable":true,"href":"https:\/\/airplastic.es\/pt-pt\/wp-json\/wp\/v2\/users\/1"}],"replies":[{"embeddable":true,"href":"https:\/\/airplastic.es\/pt-pt\/wp-json\/wp\/v2\/comments?post=3237"}],"version-history":[{"count":6,"href":"https:\/\/airplastic.es\/pt-pt\/wp-json\/wp\/v2\/pages\/3237\/revisions"}],"predecessor-version":[{"id":3276,"href":"https:\/\/airplastic.es\/pt-pt\/wp-json\/wp\/v2\/pages\/3237\/revisions\/3276"}],"wp:attachment":[{"href":"https:\/\/airplastic.es\/pt-pt\/wp-json\/wp\/v2\/media?parent=3237"}],"curies":[{"name":"wp","href":"https:\/\/api.w.org\/{rel}","templated":true}]}}