{"id":3234,"date":"2020-11-11T12:03:08","date_gmt":"2020-11-11T12:03:08","guid":{"rendered":"https:\/\/airplastic.es\/?page_id=3234"},"modified":"2020-11-12T09:33:19","modified_gmt":"2020-11-12T09:33:19","slug":"aviso-legal","status":"publish","type":"page","link":"https:\/\/airplastic.es\/pt-pt\/aviso-legal\/","title":{"rendered":"Aviso Legal"},"content":{"rendered":"<p>[vc_row css=&#8221;.vc_custom_1605130636444{margin-bottom: 30px !important;}&#8221;][vc_column][vc_custom_heading text=&#8221;Aviso Legal&#8221; use_theme_fonts=&#8221;yes&#8221; el_class=&#8221;title&#8221;][vc_empty_space height=&#8221;20px&#8221;][vc_column_text]<\/p>\n<h3>Dados identificativos do titular da p\u00e1gina web<\/h3>\n<p>Em cumprimento do dever de informa\u00e7\u00e3o estipulado no artigo 10 da Lei 34\/2002, de 11 de Julho, de Servi\u00e7os da Sociedade da Informa\u00e7\u00e3o e de Com\u00e9rcio Electr\u00f3nico, os Embalajes AIRPLASTIC S.L.U. e na qualidade de titular do website airplastic.es, procede a comunicar os dados identificativos exigidos pela referida norma:<\/p>\n<p>Denomina\u00e7\u00e3o social: Embalajes AIRPLASTIC S.L.U.<br \/>\nDomic\u00edlio social: Pol\u00edgono Industrial Malpica, c\/ E, parcelas 29-30-31, naves 12-13-14. 50016 Zaragoza<br \/>\nCIF: B-50854165<br \/>\nDirec\u00e7\u00e3o de correio electr\u00f3nico: info@airplastic.es<\/p>\n<p>A presente informa\u00e7\u00e3o conforma e regula as condi\u00e7\u00f5es de uso, as limita\u00e7\u00f5es de responsabilidade e as obriga\u00e7\u00f5es que, os utilizadores da p\u00e1gina Web que se publica sob o nome de dom\u00ednio www.airplastic.es, assumem e se comprometem a respeitar.<\/p>\n<h3>Condi\u00e7\u00f5es de uso<\/h3>\n<p>A simples e mera utiliza\u00e7\u00e3o da P\u00e1gina outorga a condi\u00e7\u00e3o de utilizador da P\u00e1gina, seja pessoa individual ou colectiva, e obrigatoriamente implica a aceita\u00e7\u00e3o completa, plena e sem reservas de todas e cada uma das cl\u00e1usulas e condi\u00e7\u00f5es gerais inclu\u00eddas no Aviso Legal. Se o Utilizador n\u00e3o estiver de acordo com as cl\u00e1usulas e condi\u00e7\u00f5es de uso de este Aviso Legal, dever\u00e1 abster-se de utilizar a P\u00e1gina.<\/p>\n<p>Este Aviso Legal est\u00e1 sujeito a altera\u00e7\u00f5es e actualiza\u00e7\u00f5es, por isso a vers\u00e3o publicada pelos Embalajes AIRPLASTIC S.L.U. pode ser diferente em cada momento em que o Utilizador aceder ao Portal. Portanto, o Utilizador deve ler o Aviso Legal em todas e cada uma das ocasi\u00f5es em que aceder \u00e0 P\u00e1gina.<\/p>\n<p>Atrav\u00e9s da P\u00e1gina, os Embalajes AIRPLASTIC S.L.U. facilitam aos Utilizadores o acesso e a utiliza\u00e7\u00e3o de diversos Conte\u00fados publicados por meio da Internet pelos Embalajes AIRPLASTIC S.L.U. ou por terceiros autorizados.<\/p>\n<p>O Utilizador tem a obriga\u00e7\u00e3o e compromete-se a utilizar a P\u00e1gina e os Conte\u00fados de conformidade com a legisla\u00e7\u00e3o vigente, o Aviso Legal, e quaisquer outros avisos ou instru\u00e7\u00f5es postos no seu conhecimento, bem por meio deste aviso legal ou em qualquer outro local dentro dos Conte\u00fados que conformam a P\u00e1gina, bem como com as normas de conviv\u00eancia, a moral e bons costumes geralmente aceites.<\/p>\n<p>Para tal efeito, o Utilizador obriga-se e compromete-se a N\u00c3O utilizar quaisquer dos Conte\u00fados com fins ou efeitos il\u00edcitos, proibidos no Aviso Legal ou pela legisla\u00e7\u00e3o vigente, lesivos dos direitos e interesses de terceiros, ou que de qualquer forma puderem danificar, inutilizar, sobrecarregar, deteriorar ou impedir a normal utiliza\u00e7\u00e3o dos Conte\u00fados, dos equipamentos inform\u00e1ticos ou dos documentos, arquivos e toda a classe de conte\u00fados armazenados em quaisquer equipamentos inform\u00e1ticos pr\u00f3prios ou contratados pelos Embalajes AIRPLASTIC S.L.U., de outros Utilizadores ou de qualquer Utilizador da Internet (hardware e software).<\/p>\n<p>O Utilizador obriga-se e compromete-se a n\u00e3o transmitir, difundir ou colocar \u00e0 disposi\u00e7\u00e3o de terceiros qualquer classe de material contido na P\u00e1gina, tais como informa\u00e7\u00f5es, textos, dados, conte\u00fados, mensagens, gr\u00e1ficos, desenhos, arquivos de som e\/ou imagem, fotografias, grava\u00e7\u00f5es, software, log\u00f3tipos, marcas, \u00edcones, tecnologia, fotografias, software, enlaces, design gr\u00e1fico e c\u00f3digos fonte, ou qualquer outro material a que tiver acesso na sua condi\u00e7\u00e3o de Utilizador da P\u00e1gina, sem que esta enumera\u00e7\u00e3o tenha car\u00e1cter limitativo.<\/p>\n<p>Da mesma forma, de conformidade com tudo isso, o Utilizador n\u00e3o poder\u00e1:<\/p>\n<p>\u2013 Reproduzir, copiar, distribuir, colocar \u00e0 disposi\u00e7\u00e3o ou de qualquer outra forma comunicar publicamente, transformar ou modificar os Conte\u00fados, a menos que se conte com a autoriza\u00e7\u00e3o escrita e expl\u00edcita dos Embalajes AIRPLASTIC S.L.U., que \u00e9 titular dos correspondentes direitos, ou bem que isso resulte legalmente permitido.<\/p>\n<p>\u2013 Suprimir, manipular ou de qualquer forma alterar o \u201ccopyright\u201d e demais dados identificativos da reserva de direitos dos Embalajes AIRPLASTIC S.L.U. ou dos seus titulares, das impress\u00f5es e\/ou identificadores digitais, ou de quaisquer outros meios t\u00e9cnicos estabelecidos para o seu reconhecimento.<\/p>\n<p>O Utilizador dever\u00e1 abster-se de obter e mesmo de tentar obter os Conte\u00fados empregando para isso meios ou procedimentos diferentes dos que, segundo os casos, se tenham colocado \u00e0 sua disposi\u00e7\u00e3o para tal efeito ou se tenham indicado para este efeito nas p\u00e1ginas Web onde se encontrem os Conte\u00fados ou, em geral, dos que se empreguem habitualmente na Internet para este efeito sempre que n\u00e3o envolvam um risco de dano ou inutiliza\u00e7\u00e3o da P\u00e1gina, e\/ou dos Conte\u00fados.<\/p>\n<h3>Propriedade intelectual<\/h3>\n<p>Todas as marcas, nomes comerciais ou signos distintivos de qualquer classe que aparecem na P\u00e1gina s\u00e3o propriedade dos Embalajes AIRPLASTIC S.L.U. ou, no seu caso, de terceiros que autorizaram o seu uso, sem que possa entender-se que o uso ou acesso ao Portal e\/ou aos Conte\u00fados atribua ao Utilizador direito algum sobre as citadas marcas, nomes comerciais e\/ou signos distintivos, e sem que possam entender-se cedidos ao Utilizador, nenhum dos direitos de explora\u00e7\u00e3o que existem ou possam existir sobre os citados Conte\u00fados.<\/p>\n<p>De igual modo, os Conte\u00fados s\u00e3o propriedade intelectual dos Embalajes AIRPLASTIC S.L.U., ou de terceiros no seu caso, portanto, os direitos de Propriedade Intelectual s\u00e3o titularidade dos Embalajes AIRPLASTIC S.L.U. ou de terceiros que autorizaram o seu uso, a quem corresponde o exerc\u00edcio exclusivo dos direitos de explora\u00e7\u00e3o dos mesmos em qualquer forma e, em especial, os direitos de reprodu\u00e7\u00e3o, distribui\u00e7\u00e3o, comunica\u00e7\u00e3o p\u00fablica e transforma\u00e7\u00e3o.<\/p>\n<p>A utiliza\u00e7\u00e3o n\u00e3o autorizada da informa\u00e7\u00e3o contida nesta Web, bem como a les\u00e3o dos direitos de Propriedade Intelectual ou Industrial dos Embalajes AIRPLASTIC S.L.U. ou de terceiros inclu\u00eddos na P\u00e1gina que tenham cedido conte\u00fados, dar\u00e1 lugar \u00e0s responsabilidades legalmente estabelecidas.<\/p>\n<h3>Hiperliga\u00e7\u00f5es<\/h3>\n<p>Aquelas pessoas que se proponham estabelecer hiperliga\u00e7\u00f5es entre a sua p\u00e1gina Web e a P\u00e1gina, dever\u00e3o observar e cumprir as condi\u00e7\u00f5es seguintes:<\/p>\n<p>\u2013 N\u00e3o ser\u00e1 necess\u00e1ria autoriza\u00e7\u00e3o pr\u00e9via quando a hiperliga\u00e7\u00e3o permitir unicamente o acesso \u00e0 p\u00e1gina de in\u00edcio, mas n\u00e3o poder\u00e1 reproduzi-la de forma alguma. Qualquer outra forma de hiperliga\u00e7\u00e3o requerer\u00e1 a autoriza\u00e7\u00e3o expressa e inequ\u00edvoca por escrito por parte dos Embalajes AIRPLASTIC S.L.U..<\/p>\n<p>\u2013 N\u00e3o ser\u00e3o criados \u201cquadros\u201d (\u201cframes\u201d) com as p\u00e1ginas Web nem sobre as p\u00e1ginas Web dos Embalajes AIRPLASTIC S.L.U..<\/p>\n<p>\u2013 N\u00e3o ser\u00e3o realizadas manifesta\u00e7\u00f5es ou indica\u00e7\u00f5es falsas, inexactas ou ofensivas dos Embalajes AIRPLASTIC S.L.U., dos seus directivos, funcion\u00e1rios ou colaboradores, ou das pessoas que se relacionem na P\u00e1gina por qualquer motivo, ou dos Utilizadores das P\u00e1gina, ou dos Conte\u00fados fornecidos.<\/p>\n<p>\u2013 N\u00e3o ser\u00e1 declarado nem se dar\u00e1 a entender que os Embalajes AIRPLASTIC S.L.U. autorizaram a hiperliga\u00e7\u00e3o ou que supervisionaram ou assumiram em qualquer forma os Conte\u00fados oferecidos ou colocados \u00e0 disposi\u00e7\u00e3o da p\u00e1gina Web em que se estabelece a hiperliga\u00e7\u00e3o.<\/p>\n<p>\u2013 A p\u00e1gina Web em que se estabele\u00e7a a hiperliga\u00e7\u00e3o apenas poder\u00e1 conter o estritamente necess\u00e1rio para identificar o destino da hiperliga\u00e7\u00e3o.<\/p>\n<p>\u2013 A p\u00e1gina Web em que se estabele\u00e7a a hiperliga\u00e7\u00e3o n\u00e3o conter\u00e1 informa\u00e7\u00f5es ou conte\u00fados il\u00edcitos, contr\u00e1rios \u00e0 moral e aos bons costumes geralmente aceites e \u00e0 ordem p\u00fablica, bem como tamb\u00e9m n\u00e3o conter\u00e1 conte\u00fados contr\u00e1rios a quaisquer direitos de terceiros.<\/p>\n<h3>Cookies<\/h3>\n<p>As cookies s\u00e3o o meio t\u00e9cnico para a \u201ctra\u00e7abilidade\u201d e acompanhamento da navega\u00e7\u00e3o nos S\u00edtios Web. S\u00e3o pequenos ficheiros de texto que se escrevem no computador do Utilizador. Este m\u00e9todo tem implica\u00e7\u00f5es sobre a privacidade, por isso os Embalajes AIRPLASTIC S.L.U. informam de que poder\u00e3o utilizar cookies com a finalidade de elaborar estat\u00edsticas de utiliza\u00e7\u00e3o do s\u00edtio web, bem como para identificar o PC do Utilizador permitindo reconhec\u00ea-lo nas suas pr\u00f3ximas visitas. Em qualquer caso, o Utilizador pode configurar o seu navegador para n\u00e3o permitir o uso de cookies nas suas visitas ao website.<\/p>\n<h3>Disponibilidade da P\u00e1gina<\/h3>\n<p>Os Embalajes AIRPLASTIC S.L.U. n\u00e3o garantem a inexist\u00eancia de interrup\u00e7\u00f5es ou erros no acesso \u00e0 P\u00e1gina ou aos seus Conte\u00fados, nem que estes se encontrem actualizados, mas desenvolver\u00e1 os seus melhores esfor\u00e7os para, no seu caso, evit\u00e1-los, solucion\u00e1-los ou actualiz\u00e1-los. Por conseguinte, os Embalajes AIRPLASTIC S.L.U. n\u00e3o se responsabilizam pelos danos ou preju\u00edzos de qualquer tipo produzidos no Utilizador que tragam causa de falhas ou desliga\u00e7\u00f5es nas redes de telecomunica\u00e7\u00f5es que produzam a suspens\u00e3o, cancelamento ou interrup\u00e7\u00e3o do servi\u00e7o do Portal durante a presta\u00e7\u00e3o do mesmo ou com car\u00e1cter pr\u00e9vio.<\/p>\n<p>Os Embalajes AIRPLASTIC S.L.U. excluem, com as excep\u00e7\u00f5es contempladas na legisla\u00e7\u00e3o vigente, quaisquer responsabilidades pelos danos e preju\u00edzos de qualquer natureza que possam ser devidos \u00e0 falta de disponibilidade, continuidade ou qualidade do funcionamento da P\u00e1gina e dos Conte\u00fados, ao n\u00e3o cumprimento da expectativa de utilidade que os Utilizadores tiverem podido atribuir \u00e0 P\u00e1gina e aos Conte\u00fados.<\/p>\n<p>A fun\u00e7\u00e3o das Hiperliga\u00e7\u00f5es que aparecem nesta Web \u00e9 exclusivamente informar o Utilizador acerca da exist\u00eancia de outras Web que cont\u00eam informa\u00e7\u00e3o sobre a mat\u00e9ria. As citadas Hiperliga\u00e7\u00f5es n\u00e3o constituem sugest\u00e3o nem recomenda\u00e7\u00e3o alguma.<\/p>\n<p>Os Embalajes AIRPLASTIC S.L.U. n\u00e3o se tornam respons\u00e1veis pelos conte\u00fados das ditas p\u00e1ginas enla\u00e7adas, do funcionamento ou utilidade das Hiperliga\u00e7\u00f5es nem do resultado dos ditos enlaces, nem garante a aus\u00eancia de v\u00edrus ou outros elementos nos mesmos que possam produzir altera\u00e7\u00f5es no sistema inform\u00e1tico (hardware e software), os documentos ou os ficheiros do Utilizador, excluindo quaisquer responsabilidades pelos danos de qualquer classe causados ao Utilizador por este motivo.<\/p>\n<p>O acesso \u00e0 P\u00e1gina n\u00e3o implica a obriga\u00e7\u00e3o por parte dos Embalajes AIRPLASTIC S.L.U. de controlar a aus\u00eancia de v\u00edrus, malef\u00edcios ou quaisquer outros elementos inform\u00e1ticos nocivos. Corresponde ao Utilizador, em todo o caso, a disponibilidade de ferramentas adequadas para a detec\u00e7\u00e3o e desinfec\u00e7\u00e3o de programas inform\u00e1ticos nocivos, portanto, os Embalajes AIRPLASTIC S.L.U. n\u00e3o se tornam respons\u00e1veis pelos poss\u00edveis erros de seguran\u00e7a que se puderem produzir durante a presta\u00e7\u00e3o do servi\u00e7o da P\u00e1gina, nem pelos poss\u00edveis danos que puderem causar-se ao sistema inform\u00e1tico do Utilizador ou de terceiros (hardware e software), os ficheiros ou documentos armazenados no mesmo, como consequ\u00eancia da presen\u00e7a de v\u00edrus no computador do Utilizador utilizado para a liga\u00e7\u00e3o aos servi\u00e7os e conte\u00fados do Web, de um mal funcionamento do navegador ou do uso de vers\u00f5es n\u00e3o actualizadas do mesmo.<\/p>\n<h3>Qualidade da P\u00e1gina<\/h3>\n<p>Dado o \u00e2mbito din\u00e2mico e mut\u00e1vel da informa\u00e7\u00e3o e servi\u00e7os que s\u00e3o fornecidos por meio da P\u00e1gina, os Embalajes AIRPLASTIC S.L.U. realizam o seu melhor esfor\u00e7o, mas n\u00e3o garantem a completa veracidade, exactid\u00e3o, fiabilidade, utilidade e\/ou actualidade dos Conte\u00fados.<\/p>\n<p>A informa\u00e7\u00e3o contida nas p\u00e1ginas que comp\u00f5em este Portal apenas tem car\u00e1cter informativo, consultivo, divulgativo e publicit\u00e1rio. Em nenhum caso oferecem nem t\u00eam car\u00e1cter de compromisso vinculativo ou contratual.<\/p>\n<h3>Limita\u00e7\u00e3o de responsabilidade<\/h3>\n<p>Os Embalajes AIRPLASTIC S.L.U. excluem toda a responsabilidade pelas decis\u00f5es que o Utilizador possa tomar baseado nesta informa\u00e7\u00e3o, bem como pelos poss\u00edveis erros tipogr\u00e1ficos que possam conter os documentos e gr\u00e1ficos da P\u00e1gina. A informa\u00e7\u00e3o est\u00e1 submetida a poss\u00edveis altera\u00e7\u00f5es peri\u00f3dicas sem pr\u00e9vio aviso do seu conte\u00fado por amplia\u00e7\u00e3o, melhoria, correc\u00e7\u00e3o ou actualiza\u00e7\u00e3o dos Conte\u00fados.<\/p>\n<h3>Disponibilidade dos Conte\u00fados<\/h3>\n<p>A presta\u00e7\u00e3o do servi\u00e7o da P\u00e1gina e dos Conte\u00fados tem, em princ\u00edpio, dura\u00e7\u00e3o indefinida. Os Embalajes AIRPLASTIC S.L.U., entretanto, ficam autorizados para dar por terminada ou suspender a presta\u00e7\u00e3o do servi\u00e7o da P\u00e1gina e\/ou de qualquer dos Conte\u00fados em qualquer momento. Quando isso for razoavelmente poss\u00edvel, os Embalajes AIRPLASTIC S.L.U.advertir\u00e3o previamente a finaliza\u00e7\u00e3o ou suspens\u00e3o da P\u00e1gina.<\/p>\n<h3>Protec\u00e7\u00e3o de Dados de Car\u00e1cter Pessoal<\/h3>\n<p>Os Embalajes AIRPLASTIC S.L.U. s\u00e3o conscientes da import\u00e2ncia da privacidade dos dados de car\u00e1cter pessoal e, por isso, implementaram uma pol\u00edtica de tratamento de dados orientada a fornecer a m\u00e1xima seguran\u00e7a no uso e recolha dos mesmos, garantindo o cumprimento da normativa vigente na mat\u00e9ria e configurando a dita pol\u00edtica como um dos pilares b\u00e1sicos nas linhas de actua\u00e7\u00e3o da entidade.<\/p>\n<p>Durante a navega\u00e7\u00e3o atrav\u00e9s da web airplastic.es \u00e9 poss\u00edvel que sejam solicitados dados de car\u00e1cter pessoal atrav\u00e9s de diferentes formul\u00e1rios dispostos para tal efeito. Os citados dados far\u00e3o parte dos pertinentes ficheiros em fun\u00e7\u00e3o da finalidade determinada e concreta que motiva o pedido dos mesmos.<\/p>\n<p>Desta forma, a informa\u00e7\u00e3o particular de cada tratamento de dados ser\u00e1 facilitada conjuntamente com cada formul\u00e1rio web, sendo comum a todos eles o respons\u00e1vel pelo ficheiro: Embalajes AIRPLASTIC S.L.U. domiciliados no Pol. Ind. Malpica Sta. Isabel, Calle E, Parcelas 29-30-31 Naves 12-13-14, 50016 Zaragoza, bem como o lugar e forma de exerc\u00edcio dos direitos de acesso, rectifica\u00e7\u00e3o, cancelamento e oposi\u00e7\u00e3o, que dever\u00e1 ser formalizado mediante uma comunica\u00e7\u00e3o escrita ao endere\u00e7o indicado anteriormente incluindo c\u00f3pia do BI ou documento identificativo equivalente.<\/p>\n<p>No suposto que facilite os seus dados atrav\u00e9s de uma mensagem de correio electr\u00f3nico, o mesmo far\u00e1 parte de um ficheiro cuja finalidade ser\u00e1 a gest\u00e3o do pedido ou coment\u00e1rio que nos realiza, sendo aplic\u00e1veis o resto dos aspectos indicados no par\u00e1grafo anterior.<\/p>\n<p>Da mesma forma, as condi\u00e7\u00f5es gerais de contrata\u00e7\u00e3o dos servi\u00e7os dos Embalajes AIRPLASTIC S.L.U. cont\u00eam as caracter\u00edsticas e natureza do tratamento dos dados que v\u00e3o ser desenvolvidos pelos mesmos no suposto de contratar qualquer dos mesmos.<\/p>\n<p>Por outro lado, os Embalajes AIRPLASTIC S.L.U. implantaram as medidas t\u00e9cnicas e organizativas necess\u00e1rias para evitar a perda, mal uso, altera\u00e7\u00e3o, acesso n\u00e3o autorizado e roubo dos Dados Pessoais que os interessados possam facilitar como consequ\u00eancia do acesso \u00e0s diferentes sec\u00e7\u00f5es do website www.airplastic.es, aplicando as medidas de seguran\u00e7a contempladas no Real Decreto 1720\/2007, de 21 de Dezembro, pelo qual \u00e9 aprovado o Regulamento de desenvolvimento da Lei Org\u00e2nica 15\/1999, de 13 de Dezembro, de Protec\u00e7\u00e3o de Dados de Car\u00e1cter Pessoal.<\/p>\n<h3>Jurisdi\u00e7\u00e3o<\/h3>\n<p>Para quantas quest\u00f5es forem suscitadas sobre a interpreta\u00e7\u00e3o, aplica\u00e7\u00e3o e cumprimento deste Aviso Legal, bem como das reclama\u00e7\u00f5es que puderem derivar-se do seu uso, todas as partes intervenientes se submetem aos Ju\u00edzes e Tribunais de Zaragoza, renunciando de forma expressa a qualquer outro foro que puder corresponder-lhes.<\/p>\n<h3>Legisla\u00e7\u00e3o aplic\u00e1vel<\/h3>\n<p>O Aviso Legal \u00e9 regido pela lei espanhola.[\/vc_column_text][vc_column_text][\/vc_column_text][\/vc_column][\/vc_row]<\/p>\n","protected":false},"excerpt":{"rendered":"<p>[vc_row css=&#8221;.vc_custom_1605130636444{margin-bottom: 30px !important;}&#8221;][vc_column][vc_custom_heading text=&#8221;Aviso Legal&#8221; use_theme_fonts=&#8221;yes&#8221; el_class=&#8221;title&#8221;][vc_empty_space height=&#8221;20px&#8221;][vc_column_text] Dados identificativos do titular da p\u00e1gina web Em cumprimento do dever de informa\u00e7\u00e3o estipulado no artigo 10 da Lei 34\/2002, de 11 de Julho, de Servi\u00e7os da Sociedade da Informa\u00e7\u00e3o e &hellip;<\/p>\n","protected":false},"author":1,"featured_media":0,"parent":0,"menu_order":0,"comment_status":"closed","ping_status":"closed","template":"","meta":[],"_links":{"self":[{"href":"https:\/\/airplastic.es\/pt-pt\/wp-json\/wp\/v2\/pages\/3234"}],"collection":[{"href":"https:\/\/airplastic.es\/pt-pt\/wp-json\/wp\/v2\/pages"}],"about":[{"href":"https:\/\/airplastic.es\/pt-pt\/wp-json\/wp\/v2\/types\/page"}],"author":[{"embeddable":true,"href":"https:\/\/airplastic.es\/pt-pt\/wp-json\/wp\/v2\/users\/1"}],"replies":[{"embeddable":true,"href":"https:\/\/airplastic.es\/pt-pt\/wp-json\/wp\/v2\/comments?post=3234"}],"version-history":[{"count":6,"href":"https:\/\/airplastic.es\/pt-pt\/wp-json\/wp\/v2\/pages\/3234\/revisions"}],"predecessor-version":[{"id":3274,"href":"https:\/\/airplastic.es\/pt-pt\/wp-json\/wp\/v2\/pages\/3234\/revisions\/3274"}],"wp:attachment":[{"href":"https:\/\/airplastic.es\/pt-pt\/wp-json\/wp\/v2\/media?parent=3234"}],"curies":[{"name":"wp","href":"https:\/\/api.w.org\/{rel}","templated":true}]}}