{"id":3178,"date":"2020-11-10T19:48:15","date_gmt":"2020-11-10T19:48:15","guid":{"rendered":"https:\/\/airplastic.es\/?page_id=3178"},"modified":"2020-11-11T08:42:31","modified_gmt":"2020-11-11T08:42:31","slug":"orcamento","status":"publish","type":"page","link":"https:\/\/airplastic.es\/pt-pt\/orcamento\/","title":{"rendered":"OR\u00c7AMENTO"},"content":{"rendered":"<p>[vc_row][vc_column][vc_custom_heading text=&#8221;Pe\u00e7a or\u00e7amento&#8221; use_theme_fonts=&#8221;yes&#8221; el_class=&#8221;title&#8221;][\/vc_column][\/vc_row][vc_row][vc_column width=&#8221;5\/12&#8243;]<table class='info-table'><\/tbody><tr class='info-table-row'><th class='info-table-icon'><i class='fa fas fa-long-arrow-alt-right'><\/i><\/th><td class='info-table-content'>Embalajes AIRPLASTIC S.L.U.<\/td><\/tr><tr class='info-table-row'><th class='info-table-icon'><i class='fa fas fa-phone'><\/i><\/th><td class='info-table-content'>Tlf.:+34 976 57 14 87<\/td><\/tr><tr class='info-table-row'><th class='info-table-icon'><i class='fa fas fa-envelope'><\/i><\/th><td class='info-table-content'>airplastic@airplastic.es<\/td><\/tr><\/table><\/tbody>[\/vc_column][vc_column width=&#8221;7\/12&#8243;][vc_column_text]Se preferir poder\u00e1 indicar o que necessita no formul\u00e1rio. Preparar-lhe-emos um or\u00e7amento sem compromisso e entraremos em contato consigo o mais breve poss\u00edvel. [\/vc_column_text][vc_column_text]<div role=\"form\" class=\"wpcf7\" id=\"wpcf7-f3218-o1\" lang=\"pt-PT\" dir=\"ltr\">\n<div class=\"screen-reader-response\"><p role=\"status\" aria-live=\"polite\" aria-atomic=\"true\"><\/p> <ul><\/ul><\/div>\n<form action=\"\/pt-pt\/wp-json\/wp\/v2\/pages\/3178#wpcf7-f3218-o1\" method=\"post\" class=\"wpcf7-form init\" novalidate=\"novalidate\" data-status=\"init\">\n<div style=\"display: none;\">\n<input type=\"hidden\" name=\"_wpcf7\" value=\"3218\" \/>\n<input type=\"hidden\" name=\"_wpcf7_version\" value=\"5.3\" \/>\n<input type=\"hidden\" name=\"_wpcf7_locale\" value=\"pt_PT\" \/>\n<input type=\"hidden\" name=\"_wpcf7_unit_tag\" value=\"wpcf7-f3218-o1\" \/>\n<input type=\"hidden\" name=\"_wpcf7_container_post\" value=\"0\" \/>\n<input type=\"hidden\" name=\"_wpcf7_posted_data_hash\" value=\"\" \/>\n<\/div>\n<p><label> Nome \/ Empresa * (obrigat\u00f3rio)<br \/>\n    <span class=\"wpcf7-form-control-wrap your-name\"><input type=\"text\" name=\"your-name\" value=\"\" size=\"40\" class=\"wpcf7-form-control wpcf7-text wpcf7-validates-as-required\" aria-required=\"true\" aria-invalid=\"false\" \/><\/span> <\/label><\/p>\n<p><label> Email * (obrigat\u00f3rio)<br \/>\n    <span class=\"wpcf7-form-control-wrap your-email\"><input type=\"email\" name=\"your-email\" value=\"\" size=\"40\" class=\"wpcf7-form-control wpcf7-text wpcf7-email wpcf7-validates-as-required wpcf7-validates-as-email\" aria-required=\"true\" aria-invalid=\"false\" \/><\/span> <\/label><\/p>\n<p><label> Telefone * (obrigat\u00f3rio)<br \/>\n<span class=\"wpcf7-form-control-wrap tel-791\"><input type=\"tel\" name=\"tel-791\" value=\"\" size=\"40\" class=\"wpcf7-form-control wpcf7-text wpcf7-tel wpcf7-validates-as-required wpcf7-validates-as-tel\" aria-required=\"true\" aria-invalid=\"false\" \/><\/span> <\/label><\/p>\n<p><label> Mensagem:<br \/>\n    <span class=\"wpcf7-form-control-wrap your-message\"><textarea name=\"your-message\" cols=\"40\" rows=\"10\" class=\"wpcf7-form-control wpcf7-textarea\" aria-invalid=\"false\"><\/textarea><\/span> <\/label><\/p>\n<p> Li e aceito a <a href=\"\/politica-de-privacidad\/\">pol\u00edtica de privacidade.<\/a> <span class=\"wpcf7-form-control-wrap acceptance-967\"><span class=\"wpcf7-form-control wpcf7-acceptance\"><span class=\"wpcf7-list-item\"><input type=\"checkbox\" name=\"acceptance-967\" value=\"1\" aria-invalid=\"false\" \/><\/span><\/span><\/span><\/p>\n<p><input type=\"submit\" value=\"Enviar\" class=\"wpcf7-form-control wpcf7-submit\" \/><\/p>\n<div class=\"wpcf7-response-output\" aria-hidden=\"true\"><\/div><\/form><\/div>[\/vc_column_text][vc_column_text]<span style=\"font-size: 12px;\">Embalajes AIRPLASTIC S.L.U. informa que os dados recolhidos neste site ser\u00e3o incorporados a um ficheiro de dados de car\u00e1ter pessoal.<\/span><\/p>\n<p><span style=\"font-size: 12px;\">O respons\u00e1vel pelo ficheiro \u00e9 Embalajes AIRPLASTIC S.L.U. Poder\u00e1 exercer os direitos de oposi\u00e7\u00e3o, acesso, retifica\u00e7\u00e3o e cancelamento dirigindo-se por escrito a Embalajes AIRPLASTIC S.L.U. Pol\u00edgono Industrial Malpica, calle E, parcelas 29-30-31, naves 12-13-14, 50014 Sarago\u00e7a, Espanha.<\/span><\/p>\n<p><span style=\"font-size: 12px;\">Ao aceitar o envio dos dados, significa que AUTORIZA a Embalajes AIRPLASTIC S.L.U. a, no cumprimento dos fins diretamente relacionados com as fun\u00e7\u00f5es leg\u00edtimas do cession\u00e1rio, tratar os seus dados de car\u00e1ter pessoal no \u00e2mbito da institui\u00e7\u00e3o, os seus departamentos, entes colaboradores e institui\u00e7\u00f5es anexas, bem como a cess\u00e3o aos estamentos oficiais p\u00fablicos e privados oportunos para o desempenho das suas atribui\u00e7\u00f5es, de acordo com o disposto na Lei 15\/1.999 de 13 de dezembro.<\/span>[\/vc_column_text][vc_empty_space height=&#8221;15&#8243;][\/vc_column][\/vc_row]<\/p>\n","protected":false},"excerpt":{"rendered":"<p>[vc_row][vc_column][vc_custom_heading text=&#8221;Pe\u00e7a or\u00e7amento&#8221; use_theme_fonts=&#8221;yes&#8221; el_class=&#8221;title&#8221;][\/vc_column][\/vc_row][vc_row][vc_column width=&#8221;5\/12&#8243;][\/vc_column][vc_column width=&#8221;7\/12&#8243;][vc_column_text]Se preferir poder\u00e1 indicar o que necessita no formul\u00e1rio. Preparar-lhe-emos um or\u00e7amento sem compromisso e entraremos em contato consigo o mais breve poss\u00edvel. [\/vc_column_text][vc_column_text][\/vc_column_text][vc_column_text]Embalajes AIRPLASTIC S.L.U. informa que os dados recolhidos neste site ser\u00e3o &hellip;<\/p>\n","protected":false},"author":1,"featured_media":0,"parent":0,"menu_order":0,"comment_status":"closed","ping_status":"closed","template":"","meta":[],"_links":{"self":[{"href":"https:\/\/airplastic.es\/pt-pt\/wp-json\/wp\/v2\/pages\/3178"}],"collection":[{"href":"https:\/\/airplastic.es\/pt-pt\/wp-json\/wp\/v2\/pages"}],"about":[{"href":"https:\/\/airplastic.es\/pt-pt\/wp-json\/wp\/v2\/types\/page"}],"author":[{"embeddable":true,"href":"https:\/\/airplastic.es\/pt-pt\/wp-json\/wp\/v2\/users\/1"}],"replies":[{"embeddable":true,"href":"https:\/\/airplastic.es\/pt-pt\/wp-json\/wp\/v2\/comments?post=3178"}],"version-history":[{"count":5,"href":"https:\/\/airplastic.es\/pt-pt\/wp-json\/wp\/v2\/pages\/3178\/revisions"}],"predecessor-version":[{"id":3183,"href":"https:\/\/airplastic.es\/pt-pt\/wp-json\/wp\/v2\/pages\/3178\/revisions\/3183"}],"wp:attachment":[{"href":"https:\/\/airplastic.es\/pt-pt\/wp-json\/wp\/v2\/media?parent=3178"}],"curies":[{"name":"wp","href":"https:\/\/api.w.org\/{rel}","templated":true}]}}