{"id":2901,"date":"2020-11-08T15:29:58","date_gmt":"2020-11-08T15:29:58","guid":{"rendered":"https:\/\/airplastic.es\/?page_id=2901"},"modified":"2020-12-01T10:16:07","modified_gmt":"2020-12-01T10:16:07","slug":"outros-produtos-e-servicos","status":"publish","type":"page","link":"https:\/\/airplastic.es\/pt-pt\/outros-produtos-e-servicos\/","title":{"rendered":"OUTROS PRODUTOS E SERVI\u00c7OS"},"content":{"rendered":"<p>[vc_row css=&#8221;.vc_custom_1453476243999{margin-bottom: 15px !important;}&#8221;][vc_column width=&#8221;1\/2&#8243;][vc_single_image image=&#8221;2967&#8243; img_size=&#8221;full&#8221; onclick=&#8221;link_image&#8221;][\/vc_column][vc_column width=&#8221;1\/2&#8243;][vc_custom_heading text=&#8221;PERFURA\u00c7\u00c3O&#8221; use_theme_fonts=&#8221;yes&#8221; el_class=&#8221;title&#8221;][vc_column_text]Perfura\u00e7\u00e3o \u00e0 medida desejada, permitindo otimizar o espa\u00e7o uma vez que \u00e9 comercializado em rolos e tem um corte simples e r\u00e1pido.[\/vc_column_text][\/vc_column][vc_column][vc_empty_space][vc_separator el_width=&#8221;60&#8243;][\/vc_column][\/vc_row][vc_row css=&#8221;.vc_custom_1453476243999{margin-bottom: 15px !important;}&#8221;][vc_column width=&#8221;1\/2&#8243;][vc_single_image image=&#8221;2966&#8243; img_size=&#8221;full&#8221; onclick=&#8221;link_image&#8221;][\/vc_column][vc_column width=&#8221;1\/2&#8243;][vc_custom_heading text=&#8221;CORTES \u00c0 MEDIDA&#8221; use_theme_fonts=&#8221;yes&#8221; el_class=&#8221;title&#8221;][vc_column_text]Possibilidade de cortar os rolos \u00e0 medida desejada para facilitar a sua manipula\u00e7\u00e3o.[\/vc_column_text][\/vc_column][vc_column][vc_empty_space][vc_separator el_width=&#8221;60&#8243;][\/vc_column][\/vc_row][vc_row css=&#8221;.vc_custom_1453476243999{margin-bottom: 15px !important;}&#8221;][vc_column width=&#8221;1\/2&#8243;][vc_single_image image=&#8221;2964&#8243; img_size=&#8221;full&#8221; onclick=&#8221;link_image&#8221;][\/vc_column][vc_column width=&#8221;1\/2&#8243;][vc_custom_heading text=&#8221;BOLHA DE AR GRANDE&#8221; use_theme_fonts=&#8221;yes&#8221; el_class=&#8221;title&#8221;][vc_column_text]Bolha de ar de duas camadas de 27 mm de di\u00e2metro, recomendada para objetos fr\u00e1geis e muito pesados, \u00e9 disposto em rolos de larguras de 1600 e 1200 mm.[\/vc_column_text][\/vc_column][vc_column][vc_empty_space][vc_separator el_width=&#8221;60&#8243;][\/vc_column][\/vc_row][vc_row css=&#8221;.vc_custom_1453476243999{margin-bottom: 15px !important;}&#8221;][vc_column width=&#8221;1\/2&#8243;][vc_single_image image=&#8221;2965&#8243; img_size=&#8221;full&#8221; onclick=&#8221;link_image&#8221;][\/vc_column][vc_column width=&#8221;1\/2&#8243;][vc_custom_heading text=&#8221;PERFIS E CANTOS&#8221; use_theme_fonts=&#8221;yes&#8221; el_class=&#8221;title&#8221;][vc_column_text]Muito apropriados para o setor do mobili\u00e1rio, do vidro e setor da sa\u00fade.[\/vc_column_text][\/vc_column][\/vc_row]<\/p>\n","protected":false},"excerpt":{"rendered":"<p>[vc_row css=&#8221;.vc_custom_1453476243999{margin-bottom: 15px !important;}&#8221;][vc_column width=&#8221;1\/2&#8243;][vc_single_image image=&#8221;2967&#8243; img_size=&#8221;full&#8221; onclick=&#8221;link_image&#8221;][\/vc_column][vc_column width=&#8221;1\/2&#8243;][vc_custom_heading text=&#8221;PERFURA\u00c7\u00c3O&#8221; use_theme_fonts=&#8221;yes&#8221; el_class=&#8221;title&#8221;][vc_column_text]Perfura\u00e7\u00e3o \u00e0 medida desejada, permitindo otimizar o espa\u00e7o uma vez que \u00e9 comercializado em rolos e tem um corte simples e r\u00e1pido.[\/vc_column_text][\/vc_column][vc_column][vc_empty_space][vc_separator el_width=&#8221;60&#8243;][\/vc_column][\/vc_row][vc_row css=&#8221;.vc_custom_1453476243999{margin-bottom: 15px !important;}&#8221;][vc_column width=&#8221;1\/2&#8243;][vc_single_image image=&#8221;2966&#8243; img_size=&#8221;full&#8221; &hellip;<\/p>\n","protected":false},"author":1,"featured_media":0,"parent":0,"menu_order":0,"comment_status":"closed","ping_status":"closed","template":"","meta":[],"_links":{"self":[{"href":"https:\/\/airplastic.es\/pt-pt\/wp-json\/wp\/v2\/pages\/2901"}],"collection":[{"href":"https:\/\/airplastic.es\/pt-pt\/wp-json\/wp\/v2\/pages"}],"about":[{"href":"https:\/\/airplastic.es\/pt-pt\/wp-json\/wp\/v2\/types\/page"}],"author":[{"embeddable":true,"href":"https:\/\/airplastic.es\/pt-pt\/wp-json\/wp\/v2\/users\/1"}],"replies":[{"embeddable":true,"href":"https:\/\/airplastic.es\/pt-pt\/wp-json\/wp\/v2\/comments?post=2901"}],"version-history":[{"count":5,"href":"https:\/\/airplastic.es\/pt-pt\/wp-json\/wp\/v2\/pages\/2901\/revisions"}],"predecessor-version":[{"id":3064,"href":"https:\/\/airplastic.es\/pt-pt\/wp-json\/wp\/v2\/pages\/2901\/revisions\/3064"}],"wp:attachment":[{"href":"https:\/\/airplastic.es\/pt-pt\/wp-json\/wp\/v2\/media?parent=2901"}],"curies":[{"name":"wp","href":"https:\/\/api.w.org\/{rel}","templated":true}]}}