{"id":2899,"date":"2020-11-08T15:28:02","date_gmt":"2020-11-08T15:28:02","guid":{"rendered":"https:\/\/airplastic.es\/?page_id=2899"},"modified":"2020-11-08T19:41:34","modified_gmt":"2020-11-08T19:41:34","slug":"impressoes","status":"publish","type":"page","link":"https:\/\/airplastic.es\/pt-pt\/impressoes\/","title":{"rendered":"IMPRESS\u00d5ES"},"content":{"rendered":"<p>[vc_row css=&#8221;.vc_custom_1453476243999{margin-bottom: 15px !important;}&#8221;][vc_column width=&#8221;1\/2&#8243;]<div class=\"gallery-fs\"><figure><img src=\"https:\/\/airplastic.es\/wp-content\/uploads\/2020\/10\/impresa_2-scaled.jpg\" alt=\"\"><figcaption>impresa_2<\/figcaption><\/figure><div class=\"gallery-fs-nav\"><button class=\"gallery-fs-fullscreen\"><i class=\"fa fa-arrows-alt\"><\/i><\/button><\/div><div class=\"gallery-fs-thumbnails gallery-fs-thumbnails-col-5 owl-carousel\"><a href='https:\/\/airplastic.es\/wp-content\/uploads\/2020\/10\/impresa_2-scaled.jpg' data-caption='impresa_2' title='impresa_2' class=\"selected\"><img width=\"280\" height=\"210\" src=\"https:\/\/airplastic.es\/wp-content\/uploads\/2020\/10\/impresa_2-280x210.jpg\" class=\"attachment-anps-gallery-thumb size-anps-gallery-thumb\" alt=\"\" loading=\"lazy\" \/><\/a><a href='https:\/\/airplastic.es\/wp-content\/uploads\/2020\/10\/impresa_1-scaled.jpg' data-caption='impresa_1' title='impresa_1'><img width=\"280\" height=\"210\" src=\"https:\/\/airplastic.es\/wp-content\/uploads\/2020\/10\/impresa_1-280x210.jpg\" class=\"attachment-anps-gallery-thumb size-anps-gallery-thumb\" alt=\"\" loading=\"lazy\" \/><\/a><\/div><\/div>[\/vc_column][vc_column width=&#8221;1\/2&#8243;][vc_custom_heading text=&#8221;IMPRESS\u00d5ES&#8221; use_theme_fonts=&#8221;yes&#8221; el_class=&#8221;title&#8221;][vc_column_text]Possibilidade de impress\u00f5es personalizadas quer em l\u00e2mina quer em celulose branca, personaliza\u00e7\u00e3o dos rolos a gosto do cliente.[\/vc_column_text][\/vc_column][vc_column][vc_empty_space][vc_separator el_width=&#8221;60&#8243;][\/vc_column][\/vc_row]<\/p>\n","protected":false},"excerpt":{"rendered":"<p>[vc_row css=&#8221;.vc_custom_1453476243999{margin-bottom: 15px !important;}&#8221;][vc_column width=&#8221;1\/2&#8243;][\/vc_column][vc_column width=&#8221;1\/2&#8243;][vc_custom_heading text=&#8221;IMPRESS\u00d5ES&#8221; use_theme_fonts=&#8221;yes&#8221; el_class=&#8221;title&#8221;][vc_column_text]Possibilidade de impress\u00f5es personalizadas quer em l\u00e2mina quer em celulose branca, personaliza\u00e7\u00e3o dos rolos a gosto do cliente.[\/vc_column_text][\/vc_column][vc_column][vc_empty_space][vc_separator el_width=&#8221;60&#8243;][\/vc_column][\/vc_row]<\/p>\n","protected":false},"author":1,"featured_media":0,"parent":0,"menu_order":0,"comment_status":"closed","ping_status":"closed","template":"","meta":[],"_links":{"self":[{"href":"https:\/\/airplastic.es\/pt-pt\/wp-json\/wp\/v2\/pages\/2899"}],"collection":[{"href":"https:\/\/airplastic.es\/pt-pt\/wp-json\/wp\/v2\/pages"}],"about":[{"href":"https:\/\/airplastic.es\/pt-pt\/wp-json\/wp\/v2\/types\/page"}],"author":[{"embeddable":true,"href":"https:\/\/airplastic.es\/pt-pt\/wp-json\/wp\/v2\/users\/1"}],"replies":[{"embeddable":true,"href":"https:\/\/airplastic.es\/pt-pt\/wp-json\/wp\/v2\/comments?post=2899"}],"version-history":[{"count":3,"href":"https:\/\/airplastic.es\/pt-pt\/wp-json\/wp\/v2\/pages\/2899\/revisions"}],"predecessor-version":[{"id":3061,"href":"https:\/\/airplastic.es\/pt-pt\/wp-json\/wp\/v2\/pages\/2899\/revisions\/3061"}],"wp:attachment":[{"href":"https:\/\/airplastic.es\/pt-pt\/wp-json\/wp\/v2\/media?parent=2899"}],"curies":[{"name":"wp","href":"https:\/\/api.w.org\/{rel}","templated":true}]}}