{"id":2895,"date":"2020-11-08T15:26:27","date_gmt":"2020-11-08T15:26:27","guid":{"rendered":"https:\/\/airplastic.es\/?page_id=2895"},"modified":"2020-11-08T19:29:45","modified_gmt":"2020-11-08T19:29:45","slug":"bolha-de-ar","status":"publish","type":"page","link":"https:\/\/airplastic.es\/pt-pt\/bolha-de-ar\/","title":{"rendered":"BOLHA DE AR"},"content":{"rendered":"<p>[vc_row css=&#8221;.vc_custom_1453476243999{margin-bottom: 15px !important;}&#8221;][vc_column width=&#8221;1\/2&#8243;]<div class=\"gallery-fs\"><figure><img src=\"https:\/\/airplastic.es\/wp-content\/uploads\/2020\/10\/sencilla-1-1.jpg\" alt=\"\"><figcaption>sencilla 1<\/figcaption><\/figure><div class=\"gallery-fs-nav\"><button class=\"gallery-fs-fullscreen\"><i class=\"fa fa-arrows-alt\"><\/i><\/button><\/div><div class=\"gallery-fs-thumbnails gallery-fs-thumbnails-col-5 owl-carousel\"><a href='https:\/\/airplastic.es\/wp-content\/uploads\/2020\/10\/sencilla-1-1.jpg' data-caption='sencilla 1' title='sencilla 1' class=\"selected\"><img width=\"280\" height=\"210\" src=\"https:\/\/airplastic.es\/wp-content\/uploads\/2020\/10\/sencilla-1-1-280x210.jpg\" class=\"attachment-anps-gallery-thumb size-anps-gallery-thumb\" alt=\"\" loading=\"lazy\" \/><\/a><a href='https:\/\/airplastic.es\/wp-content\/uploads\/2020\/11\/Burbuja-sencilla9.jpg' data-caption='Burbuja sencilla9' title='Burbuja sencilla9'><img width=\"280\" height=\"210\" src=\"https:\/\/airplastic.es\/wp-content\/uploads\/2020\/11\/Burbuja-sencilla9-280x210.jpg\" class=\"attachment-anps-gallery-thumb size-anps-gallery-thumb\" alt=\"\" loading=\"lazy\" \/><\/a><a href='https:\/\/airplastic.es\/wp-content\/uploads\/2020\/11\/Burbuja-sencilla-11.jpg' data-caption='Burbuja sencilla 11' title='Burbuja sencilla 11'><img width=\"280\" height=\"210\" src=\"https:\/\/airplastic.es\/wp-content\/uploads\/2020\/11\/Burbuja-sencilla-11-280x210.jpg\" class=\"attachment-anps-gallery-thumb size-anps-gallery-thumb\" alt=\"\" loading=\"lazy\" \/><\/a><\/div><\/div>[\/vc_column][vc_column width=&#8221;1\/2&#8243;][vc_custom_heading text=&#8221;BOLHA DE AR SIMPLES&#8221; use_theme_fonts=&#8221;yes&#8221; el_class=&#8221;title&#8221;][vc_column_text]Rolo de pl\u00e1stico com bolhas de ar de duas camadas, fabrico a partir de 35 gr\/PE m2, larguras at\u00e9 2600 mm, possibilidade de cortes \u00e0 medida e perfura\u00e7\u00e3o.<br \/>\nProte\u00e7\u00e3o para o embalamento de todo o tipo de produtos gra\u00e7as ao amortecimento da bolha de ar.[\/vc_column_text][\/vc_column][vc_column][vc_empty_space][vc_separator el_width=&#8221;60&#8243;][\/vc_column][\/vc_row][vc_row css=&#8221;.vc_custom_1453476243999{margin-bottom: 15px !important;}&#8221;][vc_column width=&#8221;1\/2&#8243;]<div class=\"gallery-fs\"><figure><img src=\"https:\/\/airplastic.es\/wp-content\/uploads\/2020\/10\/Plastico_Burbuja_Doble.jpg\" alt=\"\"><figcaption>Plastico_Burbuja_Doble<\/figcaption><\/figure><div class=\"gallery-fs-nav\"><button class=\"gallery-fs-fullscreen\"><i class=\"fa fa-arrows-alt\"><\/i><\/button><\/div><div class=\"gallery-fs-thumbnails gallery-fs-thumbnails-col-5 owl-carousel\"><a href='https:\/\/airplastic.es\/wp-content\/uploads\/2020\/10\/Plastico_Burbuja_Doble.jpg' data-caption='Plastico_Burbuja_Doble' title='Plastico_Burbuja_Doble' class=\"selected\"><img width=\"280\" height=\"210\" src=\"https:\/\/airplastic.es\/wp-content\/uploads\/2020\/10\/Plastico_Burbuja_Doble-280x210.jpg\" class=\"attachment-anps-gallery-thumb size-anps-gallery-thumb\" alt=\"\" loading=\"lazy\" \/><\/a><a href='https:\/\/airplastic.es\/wp-content\/uploads\/2020\/10\/Plastico_Burbuja_Doble2-1.jpg' data-caption='Plastico_Burbuja_Doble2' title='Plastico_Burbuja_Doble2'><img width=\"280\" height=\"210\" src=\"https:\/\/airplastic.es\/wp-content\/uploads\/2020\/10\/Plastico_Burbuja_Doble2-1-280x210.jpg\" class=\"attachment-anps-gallery-thumb size-anps-gallery-thumb\" alt=\"\" loading=\"lazy\" \/><\/a><a href='https:\/\/airplastic.es\/wp-content\/uploads\/2020\/10\/Plastico_Burbuja_Doble3-1.jpg' data-caption='Plastico_Burbuja_Doble3' title='Plastico_Burbuja_Doble3'><img width=\"280\" height=\"210\" src=\"https:\/\/airplastic.es\/wp-content\/uploads\/2020\/10\/Plastico_Burbuja_Doble3-1-280x210.jpg\" class=\"attachment-anps-gallery-thumb size-anps-gallery-thumb\" alt=\"\" loading=\"lazy\" \/><\/a><\/div><\/div>[\/vc_column][vc_column width=&#8221;1\/2&#8243;][vc_custom_heading text=&#8221;BOLHA DE AR DUPLA&#8221; use_theme_fonts=&#8221;yes&#8221; el_class=&#8221;title&#8221;][vc_column_text]Processo de complexar dois rolos simples dando como resultado uma bolha de ar dupla (quatro camadas).<br \/>\nProte\u00e7\u00e3o extra com um produto inovador.[\/vc_column_text][\/vc_column][\/vc_row]<\/p>\n","protected":false},"excerpt":{"rendered":"<p>[vc_row css=&#8221;.vc_custom_1453476243999{margin-bottom: 15px !important;}&#8221;][vc_column width=&#8221;1\/2&#8243;][\/vc_column][vc_column width=&#8221;1\/2&#8243;][vc_custom_heading text=&#8221;BOLHA DE AR SIMPLES&#8221; use_theme_fonts=&#8221;yes&#8221; el_class=&#8221;title&#8221;][vc_column_text]Rolo de pl\u00e1stico com bolhas de ar de duas camadas, fabrico a partir de 35 gr\/PE m2, larguras at\u00e9 2600 mm, possibilidade de cortes \u00e0 medida e perfura\u00e7\u00e3o. Prote\u00e7\u00e3o &hellip;<\/p>\n","protected":false},"author":1,"featured_media":0,"parent":0,"menu_order":0,"comment_status":"closed","ping_status":"closed","template":"","meta":[],"_links":{"self":[{"href":"https:\/\/airplastic.es\/pt-pt\/wp-json\/wp\/v2\/pages\/2895"}],"collection":[{"href":"https:\/\/airplastic.es\/pt-pt\/wp-json\/wp\/v2\/pages"}],"about":[{"href":"https:\/\/airplastic.es\/pt-pt\/wp-json\/wp\/v2\/types\/page"}],"author":[{"embeddable":true,"href":"https:\/\/airplastic.es\/pt-pt\/wp-json\/wp\/v2\/users\/1"}],"replies":[{"embeddable":true,"href":"https:\/\/airplastic.es\/pt-pt\/wp-json\/wp\/v2\/comments?post=2895"}],"version-history":[{"count":4,"href":"https:\/\/airplastic.es\/pt-pt\/wp-json\/wp\/v2\/pages\/2895\/revisions"}],"predecessor-version":[{"id":3052,"href":"https:\/\/airplastic.es\/pt-pt\/wp-json\/wp\/v2\/pages\/2895\/revisions\/3052"}],"wp:attachment":[{"href":"https:\/\/airplastic.es\/pt-pt\/wp-json\/wp\/v2\/media?parent=2895"}],"curies":[{"name":"wp","href":"https:\/\/api.w.org\/{rel}","templated":true}]}}