{"id":2893,"date":"2020-11-08T15:33:34","date_gmt":"2020-11-08T15:33:34","guid":{"rendered":"https:\/\/airplastic.es\/?page_id=2893"},"modified":"2020-11-08T19:31:58","modified_gmt":"2020-11-08T19:31:58","slug":"sacos-e-formatos","status":"publish","type":"page","link":"https:\/\/airplastic.es\/pt-pt\/sacos-e-formatos\/","title":{"rendered":"SACOS E FORMATOS"},"content":{"rendered":"<p>[vc_row css=&#8221;.vc_custom_1453476243999{margin-bottom: 15px !important;}&#8221;][vc_column width=&#8221;1\/2&#8243;]<div class=\"gallery-fs\"><figure><img src=\"https:\/\/airplastic.es\/wp-content\/uploads\/2020\/10\/Bolsa_Burbuja.jpg\" alt=\"\"><figcaption>Bolsa_Burbuja<\/figcaption><\/figure><div class=\"gallery-fs-nav\"><button class=\"gallery-fs-fullscreen\"><i class=\"fa fa-arrows-alt\"><\/i><\/button><\/div><div class=\"gallery-fs-thumbnails gallery-fs-thumbnails-col-5 owl-carousel\"><a href='https:\/\/airplastic.es\/wp-content\/uploads\/2020\/10\/Bolsa_Burbuja.jpg' data-caption='Bolsa_Burbuja' title='Bolsa_Burbuja' class=\"selected\"><img width=\"280\" height=\"210\" src=\"https:\/\/airplastic.es\/wp-content\/uploads\/2020\/10\/Bolsa_Burbuja-280x210.jpg\" class=\"attachment-anps-gallery-thumb size-anps-gallery-thumb\" alt=\"\" loading=\"lazy\" \/><\/a><a href='https:\/\/airplastic.es\/wp-content\/uploads\/2020\/10\/Bolsa_Burbuja2.jpg' data-caption='Bolsa_Burbuja2' title='Bolsa_Burbuja2'><img width=\"280\" height=\"210\" src=\"https:\/\/airplastic.es\/wp-content\/uploads\/2020\/10\/Bolsa_Burbuja2-280x210.jpg\" class=\"attachment-anps-gallery-thumb size-anps-gallery-thumb\" alt=\"\" loading=\"lazy\" \/><\/a><a href='https:\/\/airplastic.es\/wp-content\/uploads\/2020\/10\/Bolsa_Burbuja3.jpg' data-caption='Bolsa_Burbuja3' title='Bolsa_Burbuja3'><img width=\"280\" height=\"210\" src=\"https:\/\/airplastic.es\/wp-content\/uploads\/2020\/10\/Bolsa_Burbuja3-280x210.jpg\" class=\"attachment-anps-gallery-thumb size-anps-gallery-thumb\" alt=\"\" loading=\"lazy\" \/><\/a><a href='https:\/\/airplastic.es\/wp-content\/uploads\/2020\/10\/Bolsa_Burbuja4.jpg' data-caption='Bolsa_Burbuja4' title='Bolsa_Burbuja4'><img width=\"280\" height=\"210\" src=\"https:\/\/airplastic.es\/wp-content\/uploads\/2020\/10\/Bolsa_Burbuja4-280x210.jpg\" class=\"attachment-anps-gallery-thumb size-anps-gallery-thumb\" alt=\"\" loading=\"lazy\" \/><\/a><\/div><\/div>[\/vc_column][vc_column width=&#8221;1\/2&#8243;][vc_custom_heading text=&#8221;SACOS&#8221; use_theme_fonts=&#8221;yes&#8221; el_class=&#8221;title&#8221;][vc_column_text]Fabrico de sacos e rolos de tubo, possibilidade de medidas e materiais \u00e0 escolha do cliente, aba com e sem fecho, antiest\u00e1tico, laminados, espuma.<br \/>\nIdeais para realizar envios sem problemas de golpes ou deteriora\u00e7\u00e3o, quer para o setor do mobili\u00e1rio, o autom\u00f3vel ou o industrial.[\/vc_column_text][\/vc_column][vc_column][vc_empty_space][vc_separator el_width=&#8221;60&#8243;][\/vc_column][\/vc_row][vc_row css=&#8221;.vc_custom_1453476243999{margin-bottom: 15px !important;}&#8221;][vc_column width=&#8221;1\/2&#8243;]<div class=\"gallery-fs\"><figure><img src=\"https:\/\/airplastic.es\/wp-content\/uploads\/2020\/11\/formatos-1.jpg\" alt=\"\"><figcaption>formatos 1<\/figcaption><\/figure><div class=\"gallery-fs-nav\"><button class=\"gallery-fs-fullscreen\"><i class=\"fa fa-arrows-alt\"><\/i><\/button><\/div><div class=\"gallery-fs-thumbnails gallery-fs-thumbnails-col-5 owl-carousel\"><a href='https:\/\/airplastic.es\/wp-content\/uploads\/2020\/11\/formatos-1.jpg' data-caption='formatos 1' title='formatos 1' class=\"selected\"><img width=\"280\" height=\"210\" src=\"https:\/\/airplastic.es\/wp-content\/uploads\/2020\/11\/formatos-1-280x210.jpg\" class=\"attachment-anps-gallery-thumb size-anps-gallery-thumb\" alt=\"\" loading=\"lazy\" \/><\/a><a href='https:\/\/airplastic.es\/wp-content\/uploads\/2020\/11\/formatos-2.jpg' data-caption='formatos 2' title='formatos 2'><img width=\"280\" height=\"210\" src=\"https:\/\/airplastic.es\/wp-content\/uploads\/2020\/11\/formatos-2-280x210.jpg\" class=\"attachment-anps-gallery-thumb size-anps-gallery-thumb\" alt=\"\" loading=\"lazy\" \/><\/a><\/div><\/div>[\/vc_column][vc_column width=&#8221;1\/2&#8243;][vc_custom_heading text=&#8221;FORMATOS&#8221; use_theme_fonts=&#8221;yes&#8221; el_class=&#8221;title&#8221;][vc_column_text]Fabrico de formatos\/pranchas \u00e0 medida com diversidade de materiais.<br \/>\nFacilita o empilhamento de produtos de una forma segura.[\/vc_column_text][\/vc_column][\/vc_row]<\/p>\n","protected":false},"excerpt":{"rendered":"<p>[vc_row css=&#8221;.vc_custom_1453476243999{margin-bottom: 15px !important;}&#8221;][vc_column width=&#8221;1\/2&#8243;][\/vc_column][vc_column width=&#8221;1\/2&#8243;][vc_custom_heading text=&#8221;SACOS&#8221; use_theme_fonts=&#8221;yes&#8221; el_class=&#8221;title&#8221;][vc_column_text]Fabrico de sacos e rolos de tubo, possibilidade de medidas e materiais \u00e0 escolha do cliente, aba com e sem fecho, antiest\u00e1tico, laminados, espuma. Ideais para realizar envios sem problemas de golpes &hellip;<\/p>\n","protected":false},"author":1,"featured_media":0,"parent":0,"menu_order":0,"comment_status":"closed","ping_status":"closed","template":"","meta":[],"_links":{"self":[{"href":"https:\/\/airplastic.es\/pt-pt\/wp-json\/wp\/v2\/pages\/2893"}],"collection":[{"href":"https:\/\/airplastic.es\/pt-pt\/wp-json\/wp\/v2\/pages"}],"about":[{"href":"https:\/\/airplastic.es\/pt-pt\/wp-json\/wp\/v2\/types\/page"}],"author":[{"embeddable":true,"href":"https:\/\/airplastic.es\/pt-pt\/wp-json\/wp\/v2\/users\/1"}],"replies":[{"embeddable":true,"href":"https:\/\/airplastic.es\/pt-pt\/wp-json\/wp\/v2\/comments?post=2893"}],"version-history":[{"count":4,"href":"https:\/\/airplastic.es\/pt-pt\/wp-json\/wp\/v2\/pages\/2893\/revisions"}],"predecessor-version":[{"id":3054,"href":"https:\/\/airplastic.es\/pt-pt\/wp-json\/wp\/v2\/pages\/2893\/revisions\/3054"}],"wp:attachment":[{"href":"https:\/\/airplastic.es\/pt-pt\/wp-json\/wp\/v2\/media?parent=2893"}],"curies":[{"name":"wp","href":"https:\/\/api.w.org\/{rel}","templated":true}]}}