{"id":2892,"date":"2020-11-08T15:33:08","date_gmt":"2020-11-08T15:33:08","guid":{"rendered":"https:\/\/airplastic.es\/?page_id=2892"},"modified":"2024-11-13T17:30:05","modified_gmt":"2024-11-13T16:30:05","slug":"reciclando","status":"publish","type":"page","link":"https:\/\/airplastic.es\/pt-pt\/reciclando\/","title":{"rendered":"RECICLANDO"},"content":{"rendered":"<p>[vc_row css=&#8221;.vc_custom_1460122496361{margin-bottom: 30px !important;}&#8221;][vc_column width=&#8221;1\/2&#8243;][vc_custom_heading text=&#8221;RECICLANDO&#8221; use_theme_fonts=&#8221;yes&#8221; el_class=&#8221;title&#8221;][vc_empty_space height=&#8221;20px&#8221;][vc_column_text]Desde a introdu\u00e7\u00e3o do Imposto sobre Embalagens Pl\u00e1sticas N\u00e3o Reutiliz\u00e1veis \u200b\u200bem 2023, conseguimos garantir que todas as nossas linhas de produtos bolha <strong>sejam fabricadas com 50% de material reciclado<\/strong>,\u00a0<strong>conforme indicado por nossa certifica\u00e7\u00e3o atualizada em 2024 (<a href=\"https:\/\/airplastic.es\/wp-content\/uploads\/2024\/11\/CERTIFICADO-UNE-EN-15343-33-2023-REV.2-AIRPLASTIC.pdf\" target=\"_blank\" rel=\"noopener noreferrer\">ver Certificado<\/a>).<\/strong> Foram meses de testes e esfor\u00e7os para alcan\u00e7ar um bom desempenho do material reciclado sem perder qualidade, e continuamos nesse mesmo caminho de inova\u00e7\u00e3o, avan\u00e7ando no aumento desse percentual.<\/p>\n<p>Da mesma forma, para reduzir o impacto ambiental, optimizamos ao m\u00e1ximo os nossos recursos: gerindo os nossos <strong>gastos energ\u00e9ticos e com procedimentos internos <\/strong>para sensibilizar os nossos funcion\u00e1rios e colaboradores para a protec\u00e7\u00e3o integral do nosso ambiente.[\/vc_column_text][\/vc_column][vc_column width=&#8221;1\/2&#8243;][vc_empty_space height=&#8221;64px&#8221;][vc_single_image image=&#8221;2997&#8243; img_size=&#8221;full&#8221;][\/vc_column][\/vc_row]<\/p>\n","protected":false},"excerpt":{"rendered":"<p>[vc_row css=&#8221;.vc_custom_1460122496361{margin-bottom: 30px !important;}&#8221;][vc_column width=&#8221;1\/2&#8243;][vc_custom_heading text=&#8221;RECICLANDO&#8221; use_theme_fonts=&#8221;yes&#8221; el_class=&#8221;title&#8221;][vc_empty_space height=&#8221;20px&#8221;][vc_column_text]Desde a introdu\u00e7\u00e3o do Imposto sobre Embalagens Pl\u00e1sticas N\u00e3o Reutiliz\u00e1veis \u200b\u200bem 2023, conseguimos garantir que todas as nossas linhas de produtos bolha sejam fabricadas com 50% de material reciclado,\u00a0conforme indicado por nossa &hellip;<\/p>\n","protected":false},"author":1,"featured_media":0,"parent":0,"menu_order":0,"comment_status":"closed","ping_status":"closed","template":"","meta":[],"_links":{"self":[{"href":"https:\/\/airplastic.es\/pt-pt\/wp-json\/wp\/v2\/pages\/2892"}],"collection":[{"href":"https:\/\/airplastic.es\/pt-pt\/wp-json\/wp\/v2\/pages"}],"about":[{"href":"https:\/\/airplastic.es\/pt-pt\/wp-json\/wp\/v2\/types\/page"}],"author":[{"embeddable":true,"href":"https:\/\/airplastic.es\/pt-pt\/wp-json\/wp\/v2\/users\/1"}],"replies":[{"embeddable":true,"href":"https:\/\/airplastic.es\/pt-pt\/wp-json\/wp\/v2\/comments?post=2892"}],"version-history":[{"count":10,"href":"https:\/\/airplastic.es\/pt-pt\/wp-json\/wp\/v2\/pages\/2892\/revisions"}],"predecessor-version":[{"id":4182,"href":"https:\/\/airplastic.es\/pt-pt\/wp-json\/wp\/v2\/pages\/2892\/revisions\/4182"}],"wp:attachment":[{"href":"https:\/\/airplastic.es\/pt-pt\/wp-json\/wp\/v2\/media?parent=2892"}],"curies":[{"name":"wp","href":"https:\/\/api.w.org\/{rel}","templated":true}]}}