{"id":2890,"date":"2020-11-08T15:32:12","date_gmt":"2020-11-08T15:32:12","guid":{"rendered":"https:\/\/airplastic.es\/?page_id=2890"},"modified":"2020-11-11T08:41:47","modified_gmt":"2020-11-11T08:41:47","slug":"airplastic","status":"publish","type":"page","link":"https:\/\/airplastic.es\/pt-pt\/airplastic\/","title":{"rendered":"AIRPLASTIC"},"content":{"rendered":"<p>[vc_row css=&#8221;.vc_custom_1460122496361{margin-bottom: 30px !important;}&#8221;][vc_column width=&#8221;1\/2&#8243;][vc_custom_heading text=&#8221;Embalajes Airplastic S.L.U.&#8221; use_theme_fonts=&#8221;yes&#8221; el_class=&#8221;title&#8221;][vc_empty_space height=&#8221;20px&#8221;][vc_column_text]<strong>Embalajes AIRPLASTIC<\/strong>, fundada em 1975 pelo Sr. Eduardo Blanchard Castillo, um grande empres\u00e1rio que soube ver e adaptar-se \u00e0s exig\u00eancias do desenvolvimento industrial da sua \u00e9poca, \u00e9 uma empresa que se dedica ao fabrico de pl\u00e1stico de bolhas de ar em polietileno que oferece uma ampla gama de productos para o embalamento.<br \/>\nEmpresa em cont\u00ednuo crescimento que duplicou as suas instala\u00e7\u00f5es, e sempre est\u00e1<br \/>\n\u00e0 frente em termos de desenvolvimento de novos produtos com os quais amplia o seu cat\u00e1logo e desta forma atende as necessidades atuais de prote\u00e7\u00e3o e embalamento, sendo em todo o momento escrupulosamente respeitadora do meio-ambiente.<br \/>\n<strong>Embalajes AIRPLASTIC<\/strong>, disp\u00f5e de umas instala\u00e7\u00f5es com maquinaria de alta tecnologia, manuseadas por pessoal altamente qualificado, o que lhe permite atender as necessidades dos seus clientes com uma grande variedade de medidas, qualidades e complexados de rolos, bem como de sacos e formatos, cobrindo assim uma maioria de setores como o autom\u00f3vel, o da constru\u00e7\u00e3o, o da eletr\u00f3nica, o do descanso, o das mudan\u00e7as, o da arte, etc\u2026<br \/>\nCom os seus muitos anos de experi\u00eancia e uma excelente localiza\u00e7\u00e3o, disp\u00f5e de uma rede de distribui\u00e7\u00e3o que lhe permite disponibilizar o melhor servi\u00e7o e cumprir os compromissos com os seus clientes de forma r\u00e1pida e eficaz.[\/vc_column_text][\/vc_column][vc_column width=&#8221;1\/2&#8243;][vc_single_image image=&#8221;2133&#8243; img_size=&#8221;full&#8221;][vc_empty_space height=&#8221;64px&#8221;][vc_column_text]<iframe src=\"https:\/\/www.youtube.com\/embed\/oniA5PmZ8l8\" width=\"560\" height=\"315\" frameborder=\"0\" allowfullscreen=\"allowfullscreen\" data-mce-fragment=\"1\"><\/iframe><br \/>\n<iframe src=\"https:\/\/www.youtube.com\/embed\/ibgDY5hV4So\" width=\"560\" height=\"315\" frameborder=\"0\" allowfullscreen=\"allowfullscreen\" data-mce-fragment=\"1\"><\/iframe>[\/vc_column_text][\/vc_column][\/vc_row]<\/p>\n","protected":false},"excerpt":{"rendered":"<p>[vc_row css=&#8221;.vc_custom_1460122496361{margin-bottom: 30px !important;}&#8221;][vc_column width=&#8221;1\/2&#8243;][vc_custom_heading text=&#8221;Embalajes Airplastic S.L.U.&#8221; use_theme_fonts=&#8221;yes&#8221; el_class=&#8221;title&#8221;][vc_empty_space height=&#8221;20px&#8221;][vc_column_text]Embalajes AIRPLASTIC, fundada em 1975 pelo Sr. Eduardo Blanchard Castillo, um grande empres\u00e1rio que soube ver e adaptar-se \u00e0s exig\u00eancias do desenvolvimento industrial da sua \u00e9poca, \u00e9 uma empresa que &hellip;<\/p>\n","protected":false},"author":1,"featured_media":0,"parent":0,"menu_order":0,"comment_status":"closed","ping_status":"closed","template":"","meta":[],"_links":{"self":[{"href":"https:\/\/airplastic.es\/pt-pt\/wp-json\/wp\/v2\/pages\/2890"}],"collection":[{"href":"https:\/\/airplastic.es\/pt-pt\/wp-json\/wp\/v2\/pages"}],"about":[{"href":"https:\/\/airplastic.es\/pt-pt\/wp-json\/wp\/v2\/types\/page"}],"author":[{"embeddable":true,"href":"https:\/\/airplastic.es\/pt-pt\/wp-json\/wp\/v2\/users\/1"}],"replies":[{"embeddable":true,"href":"https:\/\/airplastic.es\/pt-pt\/wp-json\/wp\/v2\/comments?post=2890"}],"version-history":[{"count":4,"href":"https:\/\/airplastic.es\/pt-pt\/wp-json\/wp\/v2\/pages\/2890\/revisions"}],"predecessor-version":[{"id":3048,"href":"https:\/\/airplastic.es\/pt-pt\/wp-json\/wp\/v2\/pages\/2890\/revisions\/3048"}],"wp:attachment":[{"href":"https:\/\/airplastic.es\/pt-pt\/wp-json\/wp\/v2\/media?parent=2890"}],"curies":[{"name":"wp","href":"https:\/\/api.w.org\/{rel}","templated":true}]}}