{"id":2889,"date":"2020-11-08T15:31:24","date_gmt":"2020-11-08T15:31:24","guid":{"rendered":"https:\/\/airplastic.es\/?page_id=2889"},"modified":"2020-11-08T19:35:57","modified_gmt":"2020-11-08T19:35:57","slug":"acomplexado-em-um-e-dois-lados","status":"publish","type":"page","link":"https:\/\/airplastic.es\/pt-pt\/acomplexado-em-um-e-dois-lados\/","title":{"rendered":"ACOMPLEXADO EM UM E DOIS LADOS"},"content":{"rendered":"<p>[vc_row css=&#8221;.vc_custom_1453476243999{margin-bottom: 15px !important;}&#8221;][vc_column width=&#8221;1\/2&#8243;]<div class=\"gallery-fs\"><figure><img src=\"https:\/\/airplastic.es\/wp-content\/uploads\/2020\/10\/kraft1.jpg\" alt=\"\"><figcaption>kraft1<\/figcaption><\/figure><div class=\"gallery-fs-nav\"><button class=\"gallery-fs-fullscreen\"><i class=\"fa fa-arrows-alt\"><\/i><\/button><\/div><div class=\"gallery-fs-thumbnails gallery-fs-thumbnails-col-5 owl-carousel\"><a href='https:\/\/airplastic.es\/wp-content\/uploads\/2020\/10\/kraft1.jpg' data-caption='kraft1' title='kraft1' class=\"selected\"><img width=\"280\" height=\"210\" src=\"https:\/\/airplastic.es\/wp-content\/uploads\/2020\/10\/kraft1-280x210.jpg\" class=\"attachment-anps-gallery-thumb size-anps-gallery-thumb\" alt=\"\" loading=\"lazy\" \/><\/a><a href='https:\/\/airplastic.es\/wp-content\/uploads\/2020\/10\/kraft3.jpg' data-caption='kraft3' title='kraft3'><img width=\"280\" height=\"210\" src=\"https:\/\/airplastic.es\/wp-content\/uploads\/2020\/10\/kraft3-280x210.jpg\" class=\"attachment-anps-gallery-thumb size-anps-gallery-thumb\" alt=\"\" loading=\"lazy\" \/><\/a><a href='https:\/\/airplastic.es\/wp-content\/uploads\/2020\/10\/Burbuja_kraft4.jpg' data-caption='Burbuja_kraft4' title='Burbuja_kraft4'><img width=\"280\" height=\"210\" src=\"https:\/\/airplastic.es\/wp-content\/uploads\/2020\/10\/Burbuja_kraft4-280x210.jpg\" class=\"attachment-anps-gallery-thumb size-anps-gallery-thumb\" alt=\"\" loading=\"lazy\" \/><\/a><\/div><\/div>[\/vc_column][vc_column width=&#8221;1\/2&#8243;][vc_custom_heading text=&#8221;PAPEL KRAFT&#8221; use_theme_fonts=&#8221;yes&#8221; el_class=&#8221;title&#8221;][vc_column_text]Bolha de ar simples complexada com papel Kraft castanho, muito utilizado no setor das mudan\u00e7as para proteger quadros, m\u00f3veis e desloca\u00e7\u00f5es v\u00e1rias.[\/vc_column_text][\/vc_column][vc_column][vc_empty_space][vc_separator el_width=&#8221;60&#8243;][\/vc_column][\/vc_row][vc_row css=&#8221;.vc_custom_1453476243999{margin-bottom: 15px !important;}&#8221;][vc_column width=&#8221;1\/2&#8243;]<div class=\"gallery-fs\"><figure><img src=\"https:\/\/airplastic.es\/wp-content\/uploads\/2020\/10\/POLIPROPILENO.jpg\" alt=\"\"><figcaption>POLIPROPILENO<\/figcaption><\/figure><div class=\"gallery-fs-nav\"><button class=\"gallery-fs-fullscreen\"><i class=\"fa fa-arrows-alt\"><\/i><\/button><\/div><div class=\"gallery-fs-thumbnails gallery-fs-thumbnails-col-5 owl-carousel\"><a href='https:\/\/airplastic.es\/wp-content\/uploads\/2020\/10\/POLIPROPILENO.jpg' data-caption='POLIPROPILENO' title='POLIPROPILENO' class=\"selected\"><img width=\"280\" height=\"210\" src=\"https:\/\/airplastic.es\/wp-content\/uploads\/2020\/10\/POLIPROPILENO-280x210.jpg\" class=\"attachment-anps-gallery-thumb size-anps-gallery-thumb\" alt=\"\" loading=\"lazy\" \/><\/a><a href='https:\/\/airplastic.es\/wp-content\/uploads\/2020\/10\/POLIPROPILENO1.jpg' data-caption='POLIPROPILENO1' title='POLIPROPILENO1'><img width=\"280\" height=\"210\" src=\"https:\/\/airplastic.es\/wp-content\/uploads\/2020\/10\/POLIPROPILENO1-280x210.jpg\" class=\"attachment-anps-gallery-thumb size-anps-gallery-thumb\" alt=\"\" loading=\"lazy\" \/><\/a><\/div><\/div>[\/vc_column][vc_column width=&#8221;1\/2&#8243;][vc_custom_heading text=&#8221;POLIPROPILENO&#8221; use_theme_fonts=&#8221;yes&#8221; el_class=&#8221;title&#8221;][vc_column_text]Bolha de ar simples complexada com polipropileno, que fornece resist\u00eancia extra aos rolos, pode ser numa e nas duas faces, muito utilizado em sacos de sof\u00e1s.<br \/>\nDisponibilidade tamb\u00e9m em branco.[\/vc_column_text][\/vc_column][vc_column][vc_empty_space][vc_separator el_width=&#8221;60&#8243;][\/vc_column][\/vc_row][vc_row css=&#8221;.vc_custom_1453476243999{margin-bottom: 15px !important;}&#8221;][vc_column width=&#8221;1\/2&#8243;]<div class=\"gallery-fs\"><figure><img src=\"https:\/\/airplastic.es\/wp-content\/uploads\/2020\/10\/Lamina_baja_densidad-1.jpg\" alt=\"\"><figcaption>Lamina_baja_densidad<\/figcaption><\/figure><div class=\"gallery-fs-nav\"><button class=\"gallery-fs-fullscreen\"><i class=\"fa fa-arrows-alt\"><\/i><\/button><\/div><div class=\"gallery-fs-thumbnails gallery-fs-thumbnails-col-5 owl-carousel\"><a href='https:\/\/airplastic.es\/wp-content\/uploads\/2020\/10\/Lamina_baja_densidad-1.jpg' data-caption='Lamina_baja_densidad' title='Lamina_baja_densidad' class=\"selected\"><img width=\"280\" height=\"210\" src=\"https:\/\/airplastic.es\/wp-content\/uploads\/2020\/10\/Lamina_baja_densidad-1-280x210.jpg\" class=\"attachment-anps-gallery-thumb size-anps-gallery-thumb\" alt=\"\" loading=\"lazy\" \/><\/a><a href='https:\/\/airplastic.es\/wp-content\/uploads\/2020\/10\/Lamina_baja_densidad2-1.jpg' data-caption='Lamina_baja_densidad2' title='Lamina_baja_densidad2'><img width=\"280\" height=\"210\" src=\"https:\/\/airplastic.es\/wp-content\/uploads\/2020\/10\/Lamina_baja_densidad2-1-280x210.jpg\" class=\"attachment-anps-gallery-thumb size-anps-gallery-thumb\" alt=\"\" loading=\"lazy\" \/><\/a><a href='https:\/\/airplastic.es\/wp-content\/uploads\/2020\/10\/Lamina_baja_densidad3-1.jpg' data-caption='Lamina_baja_densidad3' title='Lamina_baja_densidad3'><img width=\"280\" height=\"210\" src=\"https:\/\/airplastic.es\/wp-content\/uploads\/2020\/10\/Lamina_baja_densidad3-1-280x210.jpg\" class=\"attachment-anps-gallery-thumb size-anps-gallery-thumb\" alt=\"\" loading=\"lazy\" \/><\/a><\/div><\/div>[\/vc_column][vc_column width=&#8221;1\/2&#8243;][vc_custom_heading text=&#8221;L\u00c2MINA BAIXA DENSIDADE&#8221; use_theme_fonts=&#8221;yes&#8221; el_class=&#8221;title&#8221;][vc_column_text]Bolha de ar simples complexada com l\u00e2mina de baixa densidade, pode ser numa e nas duas faces, material flex\u00edvel e resistente, recomendado para material fr\u00e1gil.<br \/>\nDisponibilidade tamb\u00e9m em branco, castanho e preto.[\/vc_column_text][\/vc_column][vc_column][vc_empty_space][vc_separator el_width=&#8221;60&#8243;][\/vc_column][\/vc_row][vc_row css=&#8221;.vc_custom_1453476243999{margin-bottom: 15px !important;}&#8221;][vc_column width=&#8221;1\/2&#8243;]<div class=\"gallery-fs\"><figure><img src=\"https:\/\/airplastic.es\/wp-content\/uploads\/2020\/10\/Burbuja_alta_densidad2.jpg\" alt=\"\"><figcaption>Burbuja_alta_densidad2<\/figcaption><\/figure><div class=\"gallery-fs-nav\"><button class=\"gallery-fs-fullscreen\"><i class=\"fa fa-arrows-alt\"><\/i><\/button><\/div><div class=\"gallery-fs-thumbnails gallery-fs-thumbnails-col-5 owl-carousel\"><a href='https:\/\/airplastic.es\/wp-content\/uploads\/2020\/10\/Burbuja_alta_densidad2.jpg' data-caption='Burbuja_alta_densidad2' title='Burbuja_alta_densidad2' class=\"selected\"><img width=\"280\" height=\"210\" src=\"https:\/\/airplastic.es\/wp-content\/uploads\/2020\/10\/Burbuja_alta_densidad2-280x210.jpg\" class=\"attachment-anps-gallery-thumb size-anps-gallery-thumb\" alt=\"\" loading=\"lazy\" \/><\/a><a href='https:\/\/airplastic.es\/wp-content\/uploads\/2020\/10\/Burbuja_alta_densidad.jpg' data-caption='Burbuja_alta_densidad' title='Burbuja_alta_densidad'><img width=\"280\" height=\"210\" src=\"https:\/\/airplastic.es\/wp-content\/uploads\/2020\/10\/Burbuja_alta_densidad-280x210.jpg\" class=\"attachment-anps-gallery-thumb size-anps-gallery-thumb\" alt=\"\" loading=\"lazy\" \/><\/a><\/div><\/div>[\/vc_column][vc_column width=&#8221;1\/2&#8243;][vc_custom_heading text=&#8221;L\u00c2MINA ALTA DENSIDADE&#8221; use_theme_fonts=&#8221;yes&#8221; el_class=&#8221;title&#8221;][vc_column_text]Bolha de ar simples complexada com l\u00e2mina de alta densidade, pode ser numa e nas duas faces, material leve, fornece rigidez e resist\u00eancia, muito pr\u00e1tico para pequenos sacos.<br \/>\nDisponibilidade tamb\u00e9m em branco.[\/vc_column_text][\/vc_column][vc_column][vc_empty_space][vc_separator el_width=&#8221;60&#8243;][\/vc_column][\/vc_row][vc_row css=&#8221;.vc_custom_1453476243999{margin-bottom: 15px !important;}&#8221;][vc_column width=&#8221;1\/2&#8243;]<div class=\"gallery-fs\"><figure><img src=\"https:\/\/airplastic.es\/wp-content\/uploads\/2020\/10\/Foam_Burbuja.jpg\" alt=\"\"><figcaption>Foam_Burbuja<\/figcaption><\/figure><div class=\"gallery-fs-nav\"><button class=\"gallery-fs-fullscreen\"><i class=\"fa fa-arrows-alt\"><\/i><\/button><\/div><div class=\"gallery-fs-thumbnails gallery-fs-thumbnails-col-5 owl-carousel\"><a href='https:\/\/airplastic.es\/wp-content\/uploads\/2020\/10\/Foam_Burbuja.jpg' data-caption='Foam_Burbuja' title='Foam_Burbuja' class=\"selected\"><img width=\"280\" height=\"210\" src=\"https:\/\/airplastic.es\/wp-content\/uploads\/2020\/10\/Foam_Burbuja-280x210.jpg\" class=\"attachment-anps-gallery-thumb size-anps-gallery-thumb\" alt=\"\" loading=\"lazy\" \/><\/a><a href='https:\/\/airplastic.es\/wp-content\/uploads\/2020\/10\/Burbuja_con_foam_2mm.jpg' data-caption='Burbuja_con_foam_2mm' title='Burbuja_con_foam_2mm'><img width=\"280\" height=\"210\" src=\"https:\/\/airplastic.es\/wp-content\/uploads\/2020\/10\/Burbuja_con_foam_2mm-280x210.jpg\" class=\"attachment-anps-gallery-thumb size-anps-gallery-thumb\" alt=\"\" loading=\"lazy\" \/><\/a><a href='https:\/\/airplastic.es\/wp-content\/uploads\/2020\/10\/Burbuja_con_foam_2mm_2.jpg' data-caption='Burbuja_con_foam_2mm_2' title='Burbuja_con_foam_2mm_2'><img width=\"280\" height=\"210\" src=\"https:\/\/airplastic.es\/wp-content\/uploads\/2020\/10\/Burbuja_con_foam_2mm_2-280x210.jpg\" class=\"attachment-anps-gallery-thumb size-anps-gallery-thumb\" alt=\"\" loading=\"lazy\" \/><\/a><\/div><\/div>[\/vc_column][vc_column width=&#8221;1\/2&#8243;][vc_custom_heading text=&#8221;FOAM&#8221; use_theme_fonts=&#8221;yes&#8221; el_class=&#8221;title&#8221;][vc_column_text]Bolha de ar simples complexada com espuma em diversas espessuras, pode ser numa e nas duas faces, fornece um acolchoado \u00e0 bolha de ar, elevada absor\u00e7\u00e3o ao choque.[\/vc_column_text][\/vc_column][vc_column][vc_empty_space][vc_separator el_width=&#8221;60&#8243;][\/vc_column][\/vc_row][vc_row css=&#8221;.vc_custom_1453476243999{margin-bottom: 15px !important;}&#8221;][vc_column width=&#8221;1\/2&#8243;]<div class=\"gallery-fs\"><figure><img src=\"https:\/\/airplastic.es\/wp-content\/uploads\/2020\/10\/Burbuja_con_Tejido_TNT.jpg\" alt=\"\"><figcaption>Burbuja_con_Tejido_TNT<\/figcaption><\/figure><div class=\"gallery-fs-nav\"><button class=\"gallery-fs-fullscreen\"><i class=\"fa fa-arrows-alt\"><\/i><\/button><\/div><div class=\"gallery-fs-thumbnails gallery-fs-thumbnails-col-5 owl-carousel\"><a href='https:\/\/airplastic.es\/wp-content\/uploads\/2020\/10\/Burbuja_con_Tejido_TNT.jpg' data-caption='Burbuja_con_Tejido_TNT' title='Burbuja_con_Tejido_TNT' class=\"selected\"><img width=\"280\" height=\"210\" src=\"https:\/\/airplastic.es\/wp-content\/uploads\/2020\/10\/Burbuja_con_Tejido_TNT-280x210.jpg\" class=\"attachment-anps-gallery-thumb size-anps-gallery-thumb\" alt=\"\" loading=\"lazy\" \/><\/a><a href='https:\/\/airplastic.es\/wp-content\/uploads\/2020\/10\/Burbuja_con_Tejido_TNT2.jpg' data-caption='Burbuja_con_Tejido_TNT2' title='Burbuja_con_Tejido_TNT2'><img width=\"280\" height=\"210\" src=\"https:\/\/airplastic.es\/wp-content\/uploads\/2020\/10\/Burbuja_con_Tejido_TNT2-280x210.jpg\" class=\"attachment-anps-gallery-thumb size-anps-gallery-thumb\" alt=\"\" loading=\"lazy\" \/><\/a><\/div><\/div>[\/vc_column][vc_column width=&#8221;1\/2&#8243;][vc_custom_heading text=&#8221;TNT (Tecido n\u00e3o tecido)&#8221; use_theme_fonts=&#8221;yes&#8221; el_class=&#8221;title&#8221;][vc_column_text]Bolha de ar simples complexada com Tecido n\u00e3o Tecido, muito apropriado para o setor do descanso e do mobili\u00e1rio pelo seu agrad\u00e1vel acabamento.[\/vc_column_text][\/vc_column][vc_column][vc_empty_space][vc_separator el_width=&#8221;60&#8243;][\/vc_column][\/vc_row][vc_row css=&#8221;.vc_custom_1453476243999{margin-bottom: 15px !important;}&#8221;][vc_column width=&#8221;1\/2&#8243;]<div class=\"gallery-fs\"><figure><img src=\"https:\/\/airplastic.es\/wp-content\/uploads\/2020\/10\/Burbuja_con_Lamina_Adhesiva.jpg\" alt=\"\"><figcaption>Burbuja_con_Lamina_Adhesiva<\/figcaption><\/figure><div class=\"gallery-fs-nav\"><button class=\"gallery-fs-fullscreen\"><i class=\"fa fa-arrows-alt\"><\/i><\/button><\/div><div class=\"gallery-fs-thumbnails gallery-fs-thumbnails-col-5 owl-carousel\"><a href='https:\/\/airplastic.es\/wp-content\/uploads\/2020\/10\/Burbuja_con_Lamina_Adhesiva.jpg' data-caption='Burbuja_con_Lamina_Adhesiva' title='Burbuja_con_Lamina_Adhesiva' class=\"selected\"><img width=\"280\" height=\"210\" src=\"https:\/\/airplastic.es\/wp-content\/uploads\/2020\/10\/Burbuja_con_Lamina_Adhesiva-280x210.jpg\" class=\"attachment-anps-gallery-thumb size-anps-gallery-thumb\" alt=\"\" loading=\"lazy\" \/><\/a><a href='https:\/\/airplastic.es\/wp-content\/uploads\/2020\/10\/Burbuja_con_Lamina_Adhesiva2.jpg' data-caption='Burbuja_con_Lamina_Adhesiva2' title='Burbuja_con_Lamina_Adhesiva2'><img width=\"280\" height=\"210\" src=\"https:\/\/airplastic.es\/wp-content\/uploads\/2020\/10\/Burbuja_con_Lamina_Adhesiva2-280x210.jpg\" class=\"attachment-anps-gallery-thumb size-anps-gallery-thumb\" alt=\"\" loading=\"lazy\" \/><\/a><\/div><\/div>[\/vc_column][vc_column width=&#8221;1\/2&#8243;][vc_custom_heading text=&#8221;L\u00c2MINA ADESIVA&#8221; use_theme_fonts=&#8221;yes&#8221; el_class=&#8221;title&#8221;][vc_column_text]Bolha de ar simples complexada com l\u00e2mina adesiva, focada primordialmente nos processos de picking.[\/vc_column_text][\/vc_column][\/vc_row]<\/p>\n","protected":false},"excerpt":{"rendered":"<p>[vc_row css=&#8221;.vc_custom_1453476243999{margin-bottom: 15px !important;}&#8221;][vc_column width=&#8221;1\/2&#8243;][\/vc_column][vc_column width=&#8221;1\/2&#8243;][vc_custom_heading text=&#8221;PAPEL KRAFT&#8221; use_theme_fonts=&#8221;yes&#8221; el_class=&#8221;title&#8221;][vc_column_text]Bolha de ar simples complexada com papel Kraft castanho, muito utilizado no setor das mudan\u00e7as para proteger quadros, m\u00f3veis e desloca\u00e7\u00f5es v\u00e1rias.[\/vc_column_text][\/vc_column][vc_column][vc_empty_space][vc_separator el_width=&#8221;60&#8243;][\/vc_column][\/vc_row][vc_row css=&#8221;.vc_custom_1453476243999{margin-bottom: 15px !important;}&#8221;][vc_column width=&#8221;1\/2&#8243;][\/vc_column][vc_column width=&#8221;1\/2&#8243;][vc_custom_heading text=&#8221;POLIPROPILENO&#8221; use_theme_fonts=&#8221;yes&#8221; el_class=&#8221;title&#8221;][vc_column_text]Bolha &hellip;<\/p>\n","protected":false},"author":1,"featured_media":0,"parent":0,"menu_order":0,"comment_status":"closed","ping_status":"closed","template":"","meta":[],"_links":{"self":[{"href":"https:\/\/airplastic.es\/pt-pt\/wp-json\/wp\/v2\/pages\/2889"}],"collection":[{"href":"https:\/\/airplastic.es\/pt-pt\/wp-json\/wp\/v2\/pages"}],"about":[{"href":"https:\/\/airplastic.es\/pt-pt\/wp-json\/wp\/v2\/types\/page"}],"author":[{"embeddable":true,"href":"https:\/\/airplastic.es\/pt-pt\/wp-json\/wp\/v2\/users\/1"}],"replies":[{"embeddable":true,"href":"https:\/\/airplastic.es\/pt-pt\/wp-json\/wp\/v2\/comments?post=2889"}],"version-history":[{"count":6,"href":"https:\/\/airplastic.es\/pt-pt\/wp-json\/wp\/v2\/pages\/2889\/revisions"}],"predecessor-version":[{"id":3056,"href":"https:\/\/airplastic.es\/pt-pt\/wp-json\/wp\/v2\/pages\/2889\/revisions\/3056"}],"wp:attachment":[{"href":"https:\/\/airplastic.es\/pt-pt\/wp-json\/wp\/v2\/media?parent=2889"}],"curies":[{"name":"wp","href":"https:\/\/api.w.org\/{rel}","templated":true}]}}