{"id":3225,"date":"2020-11-11T11:35:36","date_gmt":"2020-11-11T11:35:36","guid":{"rendered":"https:\/\/airplastic.es\/?page_id=3225"},"modified":"2020-11-11T12:01:18","modified_gmt":"2020-11-11T12:01:18","slug":"politique-de-confidentialite","status":"publish","type":"page","link":"https:\/\/airplastic.es\/fr\/politique-de-confidentialite\/","title":{"rendered":"Politique de confidentialit\u00e9"},"content":{"rendered":"<p>[vc_row css=\u00a0\u00bb.vc_custom_1605096075966{margin-bottom: 30px !important;}\u00a0\u00bb][vc_column][vc_custom_heading text=\u00a0\u00bbPolitique de confidentialit\u00e9\u00a0\u00bb use_theme_fonts=\u00a0\u00bbyes\u00a0\u00bb el_class=\u00a0\u00bbtitle\u00a0\u00bb][vc_empty_space height=\u00a0\u00bb20px\u00a0\u00bb][vc_column_text]Embalajes AIRPLASTIC S.L.U. consid\u00e8re qu\u2019il est fondamental de garantir le caract\u00e8re priv\u00e9 et la confidentialit\u00e9 des donn\u00e9es \u00e0 caract\u00e8re personnel de ses utilisateurs, collect\u00e9es \u00e0 travers un syst\u00e8me permettant la transmission de donn\u00e9es, et garantit le respect des dispositions du R\u00e8glement g\u00e9n\u00e9ral sur la protection des donn\u00e9es (R\u00e8glement UE 2016\/679), en prenant tous les mesures de s\u00e9curit\u00e9 n\u00e9cessaires pour non seulement assurer leur confidentialit\u00e9, int\u00e9grit\u00e9, disponibilit\u00e9, mais \u00e9galement \u00e9viter leur modification, perte, traitement ou tout acc\u00e8s non autoris\u00e9 par des tiers.<\/p>\n<p>L\u2019utilisateur peut fournir volontairement des informations \u00e0 caract\u00e8re personnel \u00e0 travers les diff\u00e9rents formulaires de collecte de donn\u00e9es qui se trouvent dans les diff\u00e9rentes sections du site Web, ou au moyen des adresses \u00e9lectroniques habilit\u00e9es \u00e0 cet effet. Conform\u00e9ment \u00e0 la loi en vigueur en mati\u00e8re de protection des donn\u00e9es, nous vous informons que le fait de fournir une information \u00e0 caract\u00e8re personnel \u00e0 travers les diff\u00e9rents formulaires et adresses \u00e9lectroniques de ce site Web, implique que vous acceptez et consentez que ces donn\u00e9es soient trait\u00e9es selon les dispositions de la pr\u00e9sente politique de confidentialit\u00e9.<\/p>\n<p>1 \u2013 Responsable du traitement<br \/>\nLe responsable du traitement des donn\u00e9es est le titulaire du site Web :<br \/>\nRaison sociale : Embalajes AIRPLASTIC S.L.U.<br \/>\nSi\u00e8ge social : Pol\u00edgono Industrial Malpica Sta Isabel, Calle E, Parcelas 29-30-31 Naves 12-13-14, 50016 Zaragoza (Espagne)<br \/>\nCIF (num\u00e9ro d\u2019identification fiscale) : B50854165<br \/>\nAdresse de courrier \u00e9lectronique : airplastic@airplastic.es<\/p>\n<p>2. S\u00e9curit\u00e9 des donn\u00e9es<br \/>\nEmbalajes AIRPLASTIC S.L.U. garantit avoir implant\u00e9 toutes les mesures n\u00e9cessaires pour assurer la s\u00e9curit\u00e9 et l\u2019int\u00e9grit\u00e9 des donn\u00e9es personnelles qu\u2019il contient et \u00e9viter leur modification, perte, traitement ou tout acc\u00e8s non autoris\u00e9, compte tenu des limites de la technologie, de la nature des donn\u00e9es stock\u00e9es et des risques, inh\u00e9rents \u00e0 l\u2019action humaine ou de l\u2019environnement physique et naturel, auxquels elles sont expos\u00e9es.<\/p>\n<p>3 \u2013 Objet de la collecte de donn\u00e9es<br \/>\nLa collecte et le traitement automatis\u00e9 des donn\u00e9es \u00e0 caract\u00e8re personnel a pour but de conserver et d\u2019appliquer la relation commerciale \u00e9tablie, mais \u00e9galement d\u2019assurer l\u2019envoi des informations commerciales demand\u00e9es. Les donn\u00e9es ne seront, en aucun cas, utilis\u00e9es dans un but autre en vertu duquel elles ont \u00e9t\u00e9 collect\u00e9es.<br \/>\nEn outre, dans le but d\u2019am\u00e9liorer la navigation, le site Web utilise des cookies (petits fichiers d\u2019information que le serveur envoie \u00e0 l\u2019ordinateur de la personne qui acc\u00e8de au site Web) afin d\u2019effectuer certaines fonctions consid\u00e9r\u00e9es comme indispensables pour le fonctionnement et l\u2019affichage correct du site Web. Consultez notre politique de cookies.<\/p>\n<p>4 \u2013 Obligation d\u2019information et consentement de la personne concern\u00e9e<br \/>\nLorsque l\u2019utilisateur est invit\u00e9 \u00e0 fournir des donn\u00e9es \u00e0 travers le site Web, celles-ci seront incorpor\u00e9es au syst\u00e8me de traitement de Embalajes AIRPLASTIC S.L.U., et trait\u00e9es conform\u00e9ment aux fins et aux termes l\u00e9gaux de la clause jointe \u00e0 tous les formulaires con\u00e7us \u00e0 cet effet, en garantissant le niveau de protection appropri\u00e9, conform\u00e9ment aux dispositions du R\u00e8glement g\u00e9n\u00e9ral sur la protection des donn\u00e9es (R\u00e8glement UE 2016\/679), et en implantant toutes les mesures de s\u00e9curit\u00e9 n\u00e9cessaires pour garantir leur confidentialit\u00e9, int\u00e9grit\u00e9, disponibilit\u00e9 et \u00e9viter leur modification, perte ou tout acc\u00e8s non autoris\u00e9 par des tiers.<br \/>\nLes donn\u00e9es sont conserv\u00e9es pendant la dur\u00e9e de la relation commerciale, tant que vous n\u2019en demandez pas la suppression ou pendant la dur\u00e9e n\u00e9cessaire requise par les lois.<br \/>\nNous vous informons que vous pouvez retirer, \u00e0 tout moment, votre consentement aux divers traitements que nous r\u00e9alisons.<\/p>\n<p>5 \u2013 Cession des donn\u00e9es<br \/>\nEmbalajes AIRPLASTIC S.L.U. s\u2019engage \u00e0 ne pas communiquer vos donn\u00e9es personnelles \u00e0 des tiers, sauf si cette communication a pour but de respecter les fins concernant directement les fonctions du c\u00e9dant et du cessionnaire ou si le titulaire a donn\u00e9 son consentement \u00e0 cette fin, ou si la cession est autoris\u00e9e par la loi.<\/p>\n<p>6 \u2013 Droits du titulaire des donn\u00e9es<br \/>\nL\u2019utilisateur peut exercer, \u00e0 tout moment, son droit d\u2019acc\u00e8s, de rectification, d\u2019opposition, de portabilit\u00e9, de suppression et de limitation du traitement de ses donn\u00e9es personnelles, et de retirer son consentement en envoyant sa demande \u00e0 notre adresse postale : Pol\u00edgono Industrial Malpica Sta Isabel, Calle E, Parcelas 29-30-31 Naves 12-13-14, 50016 Zaragoza (Espagne), ou \u00e0 notre courrier \u00e9lectronique airplastic@airplastic.es, en incluant toujours une photocopie de sa carte d\u2019identit\u00e9 ou d\u2019un document d\u2019identification similaire l\u00e9gal, attestant de sons identit\u00e9.<br \/>\nEn outre, il peut \u00e9galement d\u00e9poser une r\u00e9clamation aupr\u00e8s de l\u2019Agence espagnole pour la protection des donn\u00e9es, s\u2019il consid\u00e8re que le traitement de ses donn\u00e9es est inappropri\u00e9.<\/p>\n<p>7.- L\u00e9gislation<br \/>\nSauf en cas de mention expresse contraire dans le pr\u00e9sent document, Embalajes AIRPLASTIC S.L.U., se soumet aux dispositions des lois espagnols et europ\u00e9ennes en vigueur en la mati\u00e8re.[\/vc_column_text][\/vc_column][\/vc_row]<\/p>\n","protected":false},"excerpt":{"rendered":"<p>[vc_row css=\u00a0\u00bb.vc_custom_1605096075966{margin-bottom: 30px !important;}\u00a0\u00bb][vc_column][vc_custom_heading text=\u00a0\u00bbPolitique de confidentialit\u00e9\u00a0\u00bb use_theme_fonts=\u00a0\u00bbyes\u00a0\u00bb el_class=\u00a0\u00bbtitle\u00a0\u00bb][vc_empty_space height=\u00a0\u00bb20px\u00a0\u00bb][vc_column_text]Embalajes AIRPLASTIC S.L.U. consid\u00e8re qu\u2019il est fondamental de garantir le caract\u00e8re priv\u00e9 et la confidentialit\u00e9 des donn\u00e9es \u00e0 caract\u00e8re personnel de ses utilisateurs, collect\u00e9es \u00e0 travers un syst\u00e8me permettant la transmission &hellip;<\/p>\n","protected":false},"author":1,"featured_media":0,"parent":0,"menu_order":0,"comment_status":"closed","ping_status":"closed","template":"","meta":[],"_links":{"self":[{"href":"https:\/\/airplastic.es\/fr\/wp-json\/wp\/v2\/pages\/3225"}],"collection":[{"href":"https:\/\/airplastic.es\/fr\/wp-json\/wp\/v2\/pages"}],"about":[{"href":"https:\/\/airplastic.es\/fr\/wp-json\/wp\/v2\/types\/page"}],"author":[{"embeddable":true,"href":"https:\/\/airplastic.es\/fr\/wp-json\/wp\/v2\/users\/1"}],"replies":[{"embeddable":true,"href":"https:\/\/airplastic.es\/fr\/wp-json\/wp\/v2\/comments?post=3225"}],"version-history":[{"count":6,"href":"https:\/\/airplastic.es\/fr\/wp-json\/wp\/v2\/pages\/3225\/revisions"}],"predecessor-version":[{"id":3233,"href":"https:\/\/airplastic.es\/fr\/wp-json\/wp\/v2\/pages\/3225\/revisions\/3233"}],"wp:attachment":[{"href":"https:\/\/airplastic.es\/fr\/wp-json\/wp\/v2\/media?parent=3225"}],"curies":[{"name":"wp","href":"https:\/\/api.w.org\/{rel}","templated":true}]}}