{"id":3113,"date":"2020-11-10T13:48:23","date_gmt":"2020-11-10T13:48:23","guid":{"rendered":"https:\/\/airplastic.es\/?page_id=3113"},"modified":"2020-11-10T14:43:12","modified_gmt":"2020-11-10T14:43:12","slug":"devis","status":"publish","type":"page","link":"https:\/\/airplastic.es\/fr\/devis\/","title":{"rendered":"DEVIS"},"content":{"rendered":"<p>[vc_row][vc_column][vc_custom_heading text=\u00a0\u00bbDemandez un devis\u00a0\u00bb use_theme_fonts=\u00a0\u00bbyes\u00a0\u00bb el_class=\u00a0\u00bbtitle\u00a0\u00bb][\/vc_column][\/vc_row][vc_row][vc_column width=\u00a0\u00bb5\/12&Prime;]<table class='info-table'><\/tbody><tr class='info-table-row'><th class='info-table-icon'><i class='fa fas fa-long-arrow-alt-right'><\/i><\/th><td class='info-table-content'>Embalajes AIRPLASTIC S.L.U.<\/td><\/tr><tr class='info-table-row'><th class='info-table-icon'><i class='fa fas fa-phone'><\/i><\/th><td class='info-table-content'>Tlf.:+34 976 57 14 87<\/td><\/tr><tr class='info-table-row'><th class='info-table-icon'><i class='fa fas fa-envelope'><\/i><\/th><td class='info-table-content'>airplastic@airplastic.es<\/td><\/tr><\/table><\/tbody>[\/vc_column][vc_column width=\u00a0\u00bb7\/12&Prime;][vc_column_text]Si vous le souhaitez, vous pouvez nous indiquer vos besoins dans le formulaire. Nous vous pr\u00e9parerons un devis sans engagement et nous vous contacterons dans les plus brefs d\u00e9lais.[\/vc_column_text][vc_column_text]<div role=\"form\" class=\"wpcf7\" id=\"wpcf7-f3120-o1\" lang=\"fr-FR\" dir=\"ltr\">\n<div class=\"screen-reader-response\"><p role=\"status\" aria-live=\"polite\" aria-atomic=\"true\"><\/p> <ul><\/ul><\/div>\n<form action=\"\/fr\/wp-json\/wp\/v2\/pages\/3113#wpcf7-f3120-o1\" method=\"post\" class=\"wpcf7-form init\" novalidate=\"novalidate\" data-status=\"init\">\n<div style=\"display: none;\">\n<input type=\"hidden\" name=\"_wpcf7\" value=\"3120\" \/>\n<input type=\"hidden\" name=\"_wpcf7_version\" value=\"5.3\" \/>\n<input type=\"hidden\" name=\"_wpcf7_locale\" value=\"fr_FR\" \/>\n<input type=\"hidden\" name=\"_wpcf7_unit_tag\" value=\"wpcf7-f3120-o1\" \/>\n<input type=\"hidden\" name=\"_wpcf7_container_post\" value=\"0\" \/>\n<input type=\"hidden\" name=\"_wpcf7_posted_data_hash\" value=\"\" \/>\n<\/div>\n<p><label> Nom \/ Entreprise * (obligatoire)<br \/>\n    <span class=\"wpcf7-form-control-wrap your-name\"><input type=\"text\" name=\"your-name\" value=\"\" size=\"40\" class=\"wpcf7-form-control wpcf7-text wpcf7-validates-as-required\" aria-required=\"true\" aria-invalid=\"false\" \/><\/span> <\/label><\/p>\n<p><label> Email * (obligatoire)<br \/>\n    <span class=\"wpcf7-form-control-wrap your-email\"><input type=\"email\" name=\"your-email\" value=\"\" size=\"40\" class=\"wpcf7-form-control wpcf7-text wpcf7-email wpcf7-validates-as-required wpcf7-validates-as-email\" aria-required=\"true\" aria-invalid=\"false\" \/><\/span> <\/label><\/p>\n<p><label> T\u00e9l\u00e9phone * (obligatoire)<br \/>\n<span class=\"wpcf7-form-control-wrap tel-791\"><input type=\"tel\" name=\"tel-791\" value=\"\" size=\"40\" class=\"wpcf7-form-control wpcf7-text wpcf7-tel wpcf7-validates-as-required wpcf7-validates-as-tel\" aria-required=\"true\" aria-invalid=\"false\" \/><\/span> <\/label><\/p>\n<p><label> Consultation:<br \/>\n    <span class=\"wpcf7-form-control-wrap your-message\"><textarea name=\"your-message\" cols=\"40\" rows=\"10\" class=\"wpcf7-form-control wpcf7-textarea\" aria-invalid=\"false\"><\/textarea><\/span> <\/label><\/p>\n<p> J\u2019ai lu et j\u2019accepte la <a href=\"\/politica-de-privacidad\/\">politique de protection de la vie priv\u00e9e.<\/a> <span class=\"wpcf7-form-control-wrap acceptance-967\"><span class=\"wpcf7-form-control wpcf7-acceptance\"><span class=\"wpcf7-list-item\"><input type=\"checkbox\" name=\"acceptance-967\" value=\"1\" aria-invalid=\"false\" \/><\/span><\/span><\/span><\/p>\n<p><input type=\"submit\" value=\"Envoyer\" class=\"wpcf7-form-control wpcf7-submit\" \/><\/p>\n<div class=\"wpcf7-response-output\" aria-hidden=\"true\"><\/div><\/form><\/div>[\/vc_column_text][vc_column_text]<span style=\"font-size: 12px;\">Embalajes AIRPLASTIC S.L.U. vous informe que les donn\u00e9es recueillies dans ce site internet seront introduites dans un fichier de donn\u00e9es \u00e0 caract\u00e8re personnel.<\/span><\/p>\n<p><span style=\"font-size: 12px;\">Le responsable du fichier est Embalajes AIRPLASTIC S.L.U. Vous pouvez exercer les droits d\u2019opposition, acc\u00e8s, rectification et annulation en vous adressant par \u00e9crit \u00e0 Embalajes AIRPLASTIC S.L.U. Pol\u00edgono Industrial Malpica, calle E, parcelas 29-30-31, naves 12-13-14, 50014 Zaragoza, Espa\u00f1a.<\/span><\/p>\n<p><span style=\"font-size: 12px;\">En acceptant l\u2019envoi des donn\u00e9es, vous AUTORISEZ Embalajes AIRPLASTIC S.L.U. \u00e0 ce qu\u2019elle, conform\u00e9ment aux fins directement li\u00e9es aux fonctions l\u00e9gitimes du cessionnaire, traite vos donn\u00e9es \u00e0 caract\u00e8re personnel dans le domaine de l\u2019institution, ses d\u00e9partements, organismes collaborateurs et institutions annexes, ainsi que la cession aux organismes officiels publics et priv\u00e9s opportuns pour l\u2019exercice de ses attributions, conform\u00e9ment aux dispositions de la Loi 15\/1.999 du 13 d\u00e9cembre.<\/span>[\/vc_column_text][vc_empty_space height=\u00a0\u00bb15&Prime;][\/vc_column][\/vc_row]<\/p>\n","protected":false},"excerpt":{"rendered":"<p>[vc_row][vc_column][vc_custom_heading text=\u00a0\u00bbDemandez un devis\u00a0\u00bb use_theme_fonts=\u00a0\u00bbyes\u00a0\u00bb el_class=\u00a0\u00bbtitle\u00a0\u00bb][\/vc_column][\/vc_row][vc_row][vc_column width=\u00a0\u00bb5\/12&Prime;][\/vc_column][vc_column width=\u00a0\u00bb7\/12&Prime;][vc_column_text]Si vous le souhaitez, vous pouvez nous indiquer vos besoins dans le formulaire. Nous vous pr\u00e9parerons un devis sans engagement et nous vous contacterons dans les plus brefs d\u00e9lais.[\/vc_column_text][vc_column_text][\/vc_column_text][vc_column_text]Embalajes AIRPLASTIC S.L.U. vous informe &hellip;<\/p>\n","protected":false},"author":1,"featured_media":0,"parent":0,"menu_order":0,"comment_status":"closed","ping_status":"closed","template":"","meta":[],"_links":{"self":[{"href":"https:\/\/airplastic.es\/fr\/wp-json\/wp\/v2\/pages\/3113"}],"collection":[{"href":"https:\/\/airplastic.es\/fr\/wp-json\/wp\/v2\/pages"}],"about":[{"href":"https:\/\/airplastic.es\/fr\/wp-json\/wp\/v2\/types\/page"}],"author":[{"embeddable":true,"href":"https:\/\/airplastic.es\/fr\/wp-json\/wp\/v2\/users\/1"}],"replies":[{"embeddable":true,"href":"https:\/\/airplastic.es\/fr\/wp-json\/wp\/v2\/comments?post=3113"}],"version-history":[{"count":9,"href":"https:\/\/airplastic.es\/fr\/wp-json\/wp\/v2\/pages\/3113\/revisions"}],"predecessor-version":[{"id":3129,"href":"https:\/\/airplastic.es\/fr\/wp-json\/wp\/v2\/pages\/3113\/revisions\/3129"}],"wp:attachment":[{"href":"https:\/\/airplastic.es\/fr\/wp-json\/wp\/v2\/media?parent=3113"}],"curies":[{"name":"wp","href":"https:\/\/api.w.org\/{rel}","templated":true}]}}