{"id":2693,"date":"2020-11-08T10:54:09","date_gmt":"2020-11-08T10:54:09","guid":{"rendered":"https:\/\/airplastic.es\/?page_id=2693"},"modified":"2020-11-08T18:24:48","modified_gmt":"2020-11-08T18:24:48","slug":"impressions","status":"publish","type":"page","link":"https:\/\/airplastic.es\/fr\/impressions\/","title":{"rendered":"IMPRESSIONS"},"content":{"rendered":"<p>[vc_row css=\u00a0\u00bb.vc_custom_1453476243999{margin-bottom: 15px !important;}\u00a0\u00bb][vc_column width=\u00a0\u00bb1\/2&Prime;]<div class=\"gallery-fs\"><figure><img src=\"https:\/\/airplastic.es\/wp-content\/uploads\/2020\/10\/impresa_2-scaled.jpg\" alt=\"\"><figcaption>impresa_2<\/figcaption><\/figure><div class=\"gallery-fs-nav\"><button class=\"gallery-fs-fullscreen\"><i class=\"fa fa-arrows-alt\"><\/i><\/button><\/div><div class=\"gallery-fs-thumbnails gallery-fs-thumbnails-col-5 owl-carousel\"><a href='https:\/\/airplastic.es\/wp-content\/uploads\/2020\/10\/impresa_2-scaled.jpg' data-caption='impresa_2' title='impresa_2' class=\"selected\"><img width=\"280\" height=\"210\" src=\"https:\/\/airplastic.es\/wp-content\/uploads\/2020\/10\/impresa_2-280x210.jpg\" class=\"attachment-anps-gallery-thumb size-anps-gallery-thumb\" alt=\"\" loading=\"lazy\" \/><\/a><a href='https:\/\/airplastic.es\/wp-content\/uploads\/2020\/10\/impresa_1-scaled.jpg' data-caption='impresa_1' title='impresa_1'><img width=\"280\" height=\"210\" src=\"https:\/\/airplastic.es\/wp-content\/uploads\/2020\/10\/impresa_1-280x210.jpg\" class=\"attachment-anps-gallery-thumb size-anps-gallery-thumb\" alt=\"\" loading=\"lazy\" \/><\/a><\/div><\/div>[\/vc_column][vc_column width=\u00a0\u00bb1\/2&Prime;][vc_custom_heading text=\u00a0\u00bbIMPRESSIONS\u00a0\u00bb use_theme_fonts=\u00a0\u00bbyes\u00a0\u00bb el_class=\u00a0\u00bbtitle\u00a0\u00bb][vc_column_text]Possibilit\u00e9 d\u2019impressions personnalis\u00e9es aussi bien sur feuille que sur cellulose blanche, personnalisation des bobines selon les pr\u00e9f\u00e9rences du client.[\/vc_column_text][\/vc_column][vc_column][vc_empty_space][vc_separator el_width=\u00a0\u00bb60&Prime;][\/vc_column][\/vc_row]<\/p>\n","protected":false},"excerpt":{"rendered":"<p>[vc_row css=\u00a0\u00bb.vc_custom_1453476243999{margin-bottom: 15px !important;}\u00a0\u00bb][vc_column width=\u00a0\u00bb1\/2&Prime;][\/vc_column][vc_column width=\u00a0\u00bb1\/2&Prime;][vc_custom_heading text=\u00a0\u00bbIMPRESSIONS\u00a0\u00bb use_theme_fonts=\u00a0\u00bbyes\u00a0\u00bb el_class=\u00a0\u00bbtitle\u00a0\u00bb][vc_column_text]Possibilit\u00e9 d\u2019impressions personnalis\u00e9es aussi bien sur feuille que sur cellulose blanche, personnalisation des bobines selon les pr\u00e9f\u00e9rences du client.[\/vc_column_text][\/vc_column][vc_column][vc_empty_space][vc_separator el_width=\u00a0\u00bb60&Prime;][\/vc_column][\/vc_row]<\/p>\n","protected":false},"author":1,"featured_media":0,"parent":0,"menu_order":0,"comment_status":"closed","ping_status":"closed","template":"","meta":[],"_links":{"self":[{"href":"https:\/\/airplastic.es\/fr\/wp-json\/wp\/v2\/pages\/2693"}],"collection":[{"href":"https:\/\/airplastic.es\/fr\/wp-json\/wp\/v2\/pages"}],"about":[{"href":"https:\/\/airplastic.es\/fr\/wp-json\/wp\/v2\/types\/page"}],"author":[{"embeddable":true,"href":"https:\/\/airplastic.es\/fr\/wp-json\/wp\/v2\/users\/1"}],"replies":[{"embeddable":true,"href":"https:\/\/airplastic.es\/fr\/wp-json\/wp\/v2\/comments?post=2693"}],"version-history":[{"count":3,"href":"https:\/\/airplastic.es\/fr\/wp-json\/wp\/v2\/pages\/2693\/revisions"}],"predecessor-version":[{"id":3024,"href":"https:\/\/airplastic.es\/fr\/wp-json\/wp\/v2\/pages\/2693\/revisions\/3024"}],"wp:attachment":[{"href":"https:\/\/airplastic.es\/fr\/wp-json\/wp\/v2\/media?parent=2693"}],"curies":[{"name":"wp","href":"https:\/\/api.w.org\/{rel}","templated":true}]}}