{"id":2688,"date":"2020-11-08T10:45:57","date_gmt":"2020-11-08T10:45:57","guid":{"rendered":"https:\/\/airplastic.es\/?page_id=2688"},"modified":"2020-11-08T18:23:22","modified_gmt":"2020-11-08T18:23:22","slug":"bulle-avec-additifs","status":"publish","type":"page","link":"https:\/\/airplastic.es\/fr\/bulle-avec-additifs\/","title":{"rendered":"BULLE AVEC ADDITIFS"},"content":{"rendered":"<p>[vc_row css=\u00a0\u00bb.vc_custom_1453476243999{margin-bottom: 15px !important;}\u00a0\u00bb][vc_column width=\u00a0\u00bb1\/2&Prime;][vc_single_image image=\u00a0\u00bb2788&Prime; img_size=\u00a0\u00bbfull\u00a0\u00bb onclick=\u00a0\u00bblink_image\u00a0\u00bb][\/vc_column][vc_column width=\u00a0\u00bb1\/2&Prime;][vc_custom_heading text=\u00a0\u00bbANTISTATIQUE\u00a0\u00bb use_theme_fonts=\u00a0\u00bbyes\u00a0\u00bb el_class=\u00a0\u00bbtitle\u00a0\u00bb][vc_column_text]Additif qui \u00e9limine l\u2019\u00e9lectricit\u00e9 statique, d\u2019une l\u00e9g\u00e8re couleur rose, indispensable pour l\u2019envoi de composants \u00e9lectroniques.[\/vc_column_text][\/vc_column][vc_column][vc_empty_space][vc_separator el_width=\u00a0\u00bb60&Prime;][\/vc_column][\/vc_row][vc_row css=\u00a0\u00bb.vc_custom_1453476243999{margin-bottom: 15px !important;}\u00a0\u00bb][vc_column width=\u00a0\u00bb1\/2&Prime;][vc_single_image image=\u00a0\u00bb2792&Prime; img_size=\u00a0\u00bbfull\u00a0\u00bb onclick=\u00a0\u00bblink_image\u00a0\u00bb][\/vc_column][vc_column width=\u00a0\u00bb1\/2&Prime;][vc_custom_heading text=\u00a0\u00bbCOULEUR\u00a0\u00bb use_theme_fonts=\u00a0\u00bbyes\u00a0\u00bb el_class=\u00a0\u00bbtitle\u00a0\u00bb][vc_column_text]Additif pour teindre la bulle, permettant de dissimuler le mat\u00e9riel transport\u00e9, et de le prot\u00e9ger de la lumi\u00e8re solaire.[\/vc_column_text][\/vc_column][vc_column][vc_empty_space][vc_separator el_width=\u00a0\u00bb60&Prime;][\/vc_column][\/vc_row][vc_row css=\u00a0\u00bb.vc_custom_1453476243999{margin-bottom: 15px !important;}\u00a0\u00bb][vc_column width=\u00a0\u00bb1\/2&Prime;][vc_single_image image=\u00a0\u00bb2789&Prime; img_size=\u00a0\u00bbfull\u00a0\u00bb onclick=\u00a0\u00bblink_image\u00a0\u00bb][\/vc_column][vc_column width=\u00a0\u00bb1\/2&Prime;][vc_custom_heading text=\u00a0\u00bbDE GLISSEMENT\u00a0\u00bb use_theme_fonts=\u00a0\u00bbyes\u00a0\u00bb el_class=\u00a0\u00bbtitle\u00a0\u00bb][vc_column_text]Additif qui permet plus de glissement du mat\u00e9riel, utilis\u00e9 surtout en sachets[\/vc_column_text][\/vc_column][vc_column][vc_empty_space][vc_separator el_width=\u00a0\u00bb60&Prime;][\/vc_column][\/vc_row][vc_row css=\u00a0\u00bb.vc_custom_1453476243999{margin-bottom: 15px !important;}\u00a0\u00bb][vc_column width=\u00a0\u00bb1\/2&Prime;][vc_single_image image=\u00a0\u00bb2787&Prime; img_size=\u00a0\u00bbfull\u00a0\u00bb onclick=\u00a0\u00bblink_image\u00a0\u00bb][\/vc_column][vc_column width=\u00a0\u00bb1\/2&Prime;][vc_custom_heading text=\u00a0\u00bbANTI-UVA\u00a0\u00bb use_theme_fonts=\u00a0\u00bbyes\u00a0\u00bb el_class=\u00a0\u00bbtitle\u00a0\u00bb][vc_column_text]Additif qui prot\u00e8ge les bulles de la d\u00e9gradation photochimique et thermo-oxydante, utilis\u00e9 principalement dans la fabrication de recouvrements de piscines.[\/vc_column_text][\/vc_column][vc_column][vc_empty_space][vc_separator el_width=\u00a0\u00bb60&Prime;][\/vc_column][\/vc_row][vc_row css=\u00a0\u00bb.vc_custom_1453476243999{margin-bottom: 15px !important;}\u00a0\u00bb][vc_column width=\u00a0\u00bb1\/2&Prime;][vc_single_image image=\u00a0\u00bb2791&Prime; img_size=\u00a0\u00bbfull\u00a0\u00bb onclick=\u00a0\u00bblink_image\u00a0\u00bb][\/vc_column][vc_column width=\u00a0\u00bb1\/2&Prime;][vc_custom_heading text=\u00a0\u00bbVCI\u00a0\u00bb use_theme_fonts=\u00a0\u00bbyes\u00a0\u00bb el_class=\u00a0\u00bbtitle\u00a0\u00bb][vc_column_text]Additif avec effet anticorrosif, utilis\u00e9 dans l\u2019industrie militaire, l\u2019ing\u00e9nierie \u00e9lectrique ou celles sp\u00e9cialis\u00e9es dans la fabrication et le transport de machines.[\/vc_column_text][\/vc_column][\/vc_row]<\/p>\n","protected":false},"excerpt":{"rendered":"<p>[vc_row css=\u00a0\u00bb.vc_custom_1453476243999{margin-bottom: 15px !important;}\u00a0\u00bb][vc_column width=\u00a0\u00bb1\/2&Prime;][vc_single_image image=\u00a0\u00bb2788&Prime; img_size=\u00a0\u00bbfull\u00a0\u00bb onclick=\u00a0\u00bblink_image\u00a0\u00bb][\/vc_column][vc_column width=\u00a0\u00bb1\/2&Prime;][vc_custom_heading text=\u00a0\u00bbANTISTATIQUE\u00a0\u00bb use_theme_fonts=\u00a0\u00bbyes\u00a0\u00bb el_class=\u00a0\u00bbtitle\u00a0\u00bb][vc_column_text]Additif qui \u00e9limine l\u2019\u00e9lectricit\u00e9 statique, d\u2019une l\u00e9g\u00e8re couleur rose, indispensable pour l\u2019envoi de composants \u00e9lectroniques.[\/vc_column_text][\/vc_column][vc_column][vc_empty_space][vc_separator el_width=\u00a0\u00bb60&Prime;][\/vc_column][\/vc_row][vc_row css=\u00a0\u00bb.vc_custom_1453476243999{margin-bottom: 15px !important;}\u00a0\u00bb][vc_column width=\u00a0\u00bb1\/2&Prime;][vc_single_image image=\u00a0\u00bb2792&Prime; img_size=\u00a0\u00bbfull\u00a0\u00bb onclick=\u00a0\u00bblink_image\u00a0\u00bb][\/vc_column][vc_column width=\u00a0\u00bb1\/2&Prime;][vc_custom_heading text=\u00a0\u00bbCOULEUR\u00a0\u00bb use_theme_fonts=\u00a0\u00bbyes\u00a0\u00bb el_class=\u00a0\u00bbtitle\u00a0\u00bb][vc_column_text]Additif pour teindre &hellip;<\/p>\n","protected":false},"author":1,"featured_media":0,"parent":0,"menu_order":0,"comment_status":"closed","ping_status":"closed","template":"","meta":[],"_links":{"self":[{"href":"https:\/\/airplastic.es\/fr\/wp-json\/wp\/v2\/pages\/2688"}],"collection":[{"href":"https:\/\/airplastic.es\/fr\/wp-json\/wp\/v2\/pages"}],"about":[{"href":"https:\/\/airplastic.es\/fr\/wp-json\/wp\/v2\/types\/page"}],"author":[{"embeddable":true,"href":"https:\/\/airplastic.es\/fr\/wp-json\/wp\/v2\/users\/1"}],"replies":[{"embeddable":true,"href":"https:\/\/airplastic.es\/fr\/wp-json\/wp\/v2\/comments?post=2688"}],"version-history":[{"count":5,"href":"https:\/\/airplastic.es\/fr\/wp-json\/wp\/v2\/pages\/2688\/revisions"}],"predecessor-version":[{"id":3023,"href":"https:\/\/airplastic.es\/fr\/wp-json\/wp\/v2\/pages\/2688\/revisions\/3023"}],"wp:attachment":[{"href":"https:\/\/airplastic.es\/fr\/wp-json\/wp\/v2\/media?parent=2688"}],"curies":[{"name":"wp","href":"https:\/\/api.w.org\/{rel}","templated":true}]}}