{"id":2687,"date":"2020-11-08T10:44:50","date_gmt":"2020-11-08T10:44:50","guid":{"rendered":"https:\/\/airplastic.es\/?page_id=2687"},"modified":"2020-11-08T18:32:50","modified_gmt":"2020-11-08T18:32:50","slug":"bulle","status":"publish","type":"page","link":"https:\/\/airplastic.es\/fr\/bulle\/","title":{"rendered":"BULLE"},"content":{"rendered":"<p>[vc_row css=\u00a0\u00bb.vc_custom_1453476243999{margin-bottom: 15px !important;}\u00a0\u00bb][vc_column width=\u00a0\u00bb1\/2&Prime;]<div class=\"gallery-fs\"><figure><img src=\"https:\/\/airplastic.es\/wp-content\/uploads\/2020\/10\/sencilla-1-1.jpg\" alt=\"\"><figcaption>sencilla 1<\/figcaption><\/figure><div class=\"gallery-fs-nav\"><button class=\"gallery-fs-fullscreen\"><i class=\"fa fa-arrows-alt\"><\/i><\/button><\/div><div class=\"gallery-fs-thumbnails gallery-fs-thumbnails-col-5 owl-carousel\"><a href='https:\/\/airplastic.es\/wp-content\/uploads\/2020\/10\/sencilla-1-1.jpg' data-caption='sencilla 1' title='sencilla 1' class=\"selected\"><img width=\"280\" height=\"210\" src=\"https:\/\/airplastic.es\/wp-content\/uploads\/2020\/10\/sencilla-1-1-280x210.jpg\" class=\"attachment-anps-gallery-thumb size-anps-gallery-thumb\" alt=\"\" loading=\"lazy\" \/><\/a><a href='https:\/\/airplastic.es\/wp-content\/uploads\/2020\/11\/Burbuja-sencilla9.jpg' data-caption='Burbuja sencilla9' title='Burbuja sencilla9'><img width=\"280\" height=\"210\" src=\"https:\/\/airplastic.es\/wp-content\/uploads\/2020\/11\/Burbuja-sencilla9-280x210.jpg\" class=\"attachment-anps-gallery-thumb size-anps-gallery-thumb\" alt=\"\" loading=\"lazy\" \/><\/a><a href='https:\/\/airplastic.es\/wp-content\/uploads\/2020\/11\/Burbuja-sencilla-11.jpg' data-caption='Burbuja sencilla 11' title='Burbuja sencilla 11'><img width=\"280\" height=\"210\" src=\"https:\/\/airplastic.es\/wp-content\/uploads\/2020\/11\/Burbuja-sencilla-11-280x210.jpg\" class=\"attachment-anps-gallery-thumb size-anps-gallery-thumb\" alt=\"\" loading=\"lazy\" \/><\/a><\/div><\/div>[\/vc_column][vc_column width=\u00a0\u00bb1\/2&Prime;][vc_custom_heading text=\u00a0\u00bbBULLE SIMPLE\u00a0\u00bb use_theme_fonts=\u00a0\u00bbyes\u00a0\u00bb el_class=\u00a0\u00bbtitle\u00a0\u00bb][vc_column_text]Bobine de film \u00e0 bulles deux couches, fabrication \u00e0 partir de 35 g\/PE m2, jusqu\u2019\u00e0 2 600 mm de large, possibilit\u00e9 de d\u00e9coupages sur mesure et de pr\u00e9-d\u00e9coupage.<br \/>\nProtection pour l\u2019emballage de tout type de produits gr\u00e2ce \u00e0 l\u2019amortissement de la bulle.[\/vc_column_text][\/vc_column][vc_column][vc_empty_space][vc_separator el_width=\u00a0\u00bb60&Prime;][\/vc_column][\/vc_row][vc_row css=\u00a0\u00bb.vc_custom_1453476243999{margin-bottom: 15px !important;}\u00a0\u00bb][vc_column width=\u00a0\u00bb1\/2&Prime;]<div class=\"gallery-fs\"><figure><img src=\"https:\/\/airplastic.es\/wp-content\/uploads\/2020\/10\/Plastico_Burbuja_Doble.jpg\" alt=\"\"><figcaption>Plastico_Burbuja_Doble<\/figcaption><\/figure><div class=\"gallery-fs-nav\"><button class=\"gallery-fs-fullscreen\"><i class=\"fa fa-arrows-alt\"><\/i><\/button><\/div><div class=\"gallery-fs-thumbnails gallery-fs-thumbnails-col-5 owl-carousel\"><a href='https:\/\/airplastic.es\/wp-content\/uploads\/2020\/10\/Plastico_Burbuja_Doble.jpg' data-caption='Plastico_Burbuja_Doble' title='Plastico_Burbuja_Doble' class=\"selected\"><img width=\"280\" height=\"210\" src=\"https:\/\/airplastic.es\/wp-content\/uploads\/2020\/10\/Plastico_Burbuja_Doble-280x210.jpg\" class=\"attachment-anps-gallery-thumb size-anps-gallery-thumb\" alt=\"\" loading=\"lazy\" \/><\/a><a href='https:\/\/airplastic.es\/wp-content\/uploads\/2020\/10\/Plastico_Burbuja_Doble2-1.jpg' data-caption='Plastico_Burbuja_Doble2' title='Plastico_Burbuja_Doble2'><img width=\"280\" height=\"210\" src=\"https:\/\/airplastic.es\/wp-content\/uploads\/2020\/10\/Plastico_Burbuja_Doble2-1-280x210.jpg\" class=\"attachment-anps-gallery-thumb size-anps-gallery-thumb\" alt=\"\" loading=\"lazy\" \/><\/a><a href='https:\/\/airplastic.es\/wp-content\/uploads\/2020\/10\/Plastico_Burbuja_Doble3-1.jpg' data-caption='Plastico_Burbuja_Doble3' title='Plastico_Burbuja_Doble3'><img width=\"280\" height=\"210\" src=\"https:\/\/airplastic.es\/wp-content\/uploads\/2020\/10\/Plastico_Burbuja_Doble3-1-280x210.jpg\" class=\"attachment-anps-gallery-thumb size-anps-gallery-thumb\" alt=\"\" loading=\"lazy\" \/><\/a><\/div><\/div>[\/vc_column][vc_column width=\u00a0\u00bb1\/2&Prime;][vc_custom_heading text=\u00a0\u00bbBULLE DOUBLE\u00a0\u00bb use_theme_fonts=\u00a0\u00bbyes\u00a0\u00bb el_class=\u00a0\u00bbtitle\u00a0\u00bb][vc_column_text]Processus d\u2019union de deux bobines simples avec comme r\u00e9sultat une bulle double (quatre couches).<br \/>\nProtection extra gr\u00e2ce \u00e0 un produit innovateur.[\/vc_column_text][\/vc_column][\/vc_row]<\/p>\n","protected":false},"excerpt":{"rendered":"<p>[vc_row css=\u00a0\u00bb.vc_custom_1453476243999{margin-bottom: 15px !important;}\u00a0\u00bb][vc_column width=\u00a0\u00bb1\/2&Prime;][\/vc_column][vc_column width=\u00a0\u00bb1\/2&Prime;][vc_custom_heading text=\u00a0\u00bbBULLE SIMPLE\u00a0\u00bb use_theme_fonts=\u00a0\u00bbyes\u00a0\u00bb el_class=\u00a0\u00bbtitle\u00a0\u00bb][vc_column_text]Bobine de film \u00e0 bulles deux couches, fabrication \u00e0 partir de 35 g\/PE m2, jusqu\u2019\u00e0 2 600 mm de large, possibilit\u00e9 de d\u00e9coupages sur mesure et de pr\u00e9-d\u00e9coupage. Protection pour l\u2019emballage &hellip;<\/p>\n","protected":false},"author":1,"featured_media":0,"parent":0,"menu_order":0,"comment_status":"closed","ping_status":"closed","template":"","meta":[],"_links":{"self":[{"href":"https:\/\/airplastic.es\/fr\/wp-json\/wp\/v2\/pages\/2687"}],"collection":[{"href":"https:\/\/airplastic.es\/fr\/wp-json\/wp\/v2\/pages"}],"about":[{"href":"https:\/\/airplastic.es\/fr\/wp-json\/wp\/v2\/types\/page"}],"author":[{"embeddable":true,"href":"https:\/\/airplastic.es\/fr\/wp-json\/wp\/v2\/users\/1"}],"replies":[{"embeddable":true,"href":"https:\/\/airplastic.es\/fr\/wp-json\/wp\/v2\/comments?post=2687"}],"version-history":[{"count":4,"href":"https:\/\/airplastic.es\/fr\/wp-json\/wp\/v2\/pages\/2687\/revisions"}],"predecessor-version":[{"id":3030,"href":"https:\/\/airplastic.es\/fr\/wp-json\/wp\/v2\/pages\/2687\/revisions\/3030"}],"wp:attachment":[{"href":"https:\/\/airplastic.es\/fr\/wp-json\/wp\/v2\/media?parent=2687"}],"curies":[{"name":"wp","href":"https:\/\/api.w.org\/{rel}","templated":true}]}}