{"id":2686,"date":"2020-11-08T10:43:53","date_gmt":"2020-11-08T10:43:53","guid":{"rendered":"https:\/\/airplastic.es\/?page_id=2686"},"modified":"2020-11-08T18:10:58","modified_gmt":"2020-11-08T18:10:58","slug":"sachets-e-formats","status":"publish","type":"page","link":"https:\/\/airplastic.es\/fr\/sachets-e-formats\/","title":{"rendered":"SACHETS E FORMATS"},"content":{"rendered":"<p>[vc_row css=\u00a0\u00bb.vc_custom_1453476243999{margin-bottom: 15px !important;}\u00a0\u00bb][vc_column width=\u00a0\u00bb1\/2&Prime;]<div class=\"gallery-fs\"><figure><img src=\"https:\/\/airplastic.es\/wp-content\/uploads\/2020\/10\/Bolsa_Burbuja.jpg\" alt=\"\"><figcaption>Bolsa_Burbuja<\/figcaption><\/figure><div class=\"gallery-fs-nav\"><button class=\"gallery-fs-fullscreen\"><i class=\"fa fa-arrows-alt\"><\/i><\/button><\/div><div class=\"gallery-fs-thumbnails gallery-fs-thumbnails-col-5 owl-carousel\"><a href='https:\/\/airplastic.es\/wp-content\/uploads\/2020\/10\/Bolsa_Burbuja.jpg' data-caption='Bolsa_Burbuja' title='Bolsa_Burbuja' class=\"selected\"><img width=\"280\" height=\"210\" src=\"https:\/\/airplastic.es\/wp-content\/uploads\/2020\/10\/Bolsa_Burbuja-280x210.jpg\" class=\"attachment-anps-gallery-thumb size-anps-gallery-thumb\" alt=\"\" loading=\"lazy\" \/><\/a><a href='https:\/\/airplastic.es\/wp-content\/uploads\/2020\/10\/Bolsa_Burbuja2.jpg' data-caption='Bolsa_Burbuja2' title='Bolsa_Burbuja2'><img width=\"280\" height=\"210\" src=\"https:\/\/airplastic.es\/wp-content\/uploads\/2020\/10\/Bolsa_Burbuja2-280x210.jpg\" class=\"attachment-anps-gallery-thumb size-anps-gallery-thumb\" alt=\"\" loading=\"lazy\" \/><\/a><a href='https:\/\/airplastic.es\/wp-content\/uploads\/2020\/10\/Bolsa_Burbuja3.jpg' data-caption='Bolsa_Burbuja3' title='Bolsa_Burbuja3'><img width=\"280\" height=\"210\" src=\"https:\/\/airplastic.es\/wp-content\/uploads\/2020\/10\/Bolsa_Burbuja3-280x210.jpg\" class=\"attachment-anps-gallery-thumb size-anps-gallery-thumb\" alt=\"\" loading=\"lazy\" \/><\/a><a href='https:\/\/airplastic.es\/wp-content\/uploads\/2020\/10\/Bolsa_Burbuja4.jpg' data-caption='Bolsa_Burbuja4' title='Bolsa_Burbuja4'><img width=\"280\" height=\"210\" src=\"https:\/\/airplastic.es\/wp-content\/uploads\/2020\/10\/Bolsa_Burbuja4-280x210.jpg\" class=\"attachment-anps-gallery-thumb size-anps-gallery-thumb\" alt=\"\" loading=\"lazy\" \/><\/a><\/div><\/div>[\/vc_column][vc_column width=\u00a0\u00bb1\/2&Prime;][vc_custom_heading text=\u00a0\u00bbSACHETS\u00a0\u00bb use_theme_fonts=\u00a0\u00bbyes\u00a0\u00bb el_class=\u00a0\u00bbtitle\u00a0\u00bb][vc_column_text]Fabrication de sachets et bobines-tubes, possibilit\u00e9 de plusieurs dimensions et mati\u00e8res selon les pr\u00e9f\u00e9rences du client, rabat avec et sans auto-fermeture, antistatique, lamin\u00e9s, foam.<br \/>\nParfaits pour r\u00e9aliser des envois en \u00e9vitant les coups et les dommages, pour les secteurs du meuble, automobile ou industriel.[\/vc_column_text][\/vc_column][vc_column][vc_empty_space][vc_separator el_width=\u00a0\u00bb60&Prime;][\/vc_column][\/vc_row][vc_row css=\u00a0\u00bb.vc_custom_1453476243999{margin-bottom: 15px !important;}\u00a0\u00bb][vc_column width=\u00a0\u00bb1\/2&Prime;]<div class=\"gallery-fs\"><figure><img src=\"https:\/\/airplastic.es\/wp-content\/uploads\/2020\/11\/formatos-1.jpg\" alt=\"\"><figcaption>formatos 1<\/figcaption><\/figure><div class=\"gallery-fs-nav\"><button class=\"gallery-fs-fullscreen\"><i class=\"fa fa-arrows-alt\"><\/i><\/button><\/div><div class=\"gallery-fs-thumbnails gallery-fs-thumbnails-col-5 owl-carousel\"><a href='https:\/\/airplastic.es\/wp-content\/uploads\/2020\/11\/formatos-1.jpg' data-caption='formatos 1' title='formatos 1' class=\"selected\"><img width=\"280\" height=\"210\" src=\"https:\/\/airplastic.es\/wp-content\/uploads\/2020\/11\/formatos-1-280x210.jpg\" class=\"attachment-anps-gallery-thumb size-anps-gallery-thumb\" alt=\"\" loading=\"lazy\" \/><\/a><a href='https:\/\/airplastic.es\/wp-content\/uploads\/2020\/11\/formatos-2.jpg' data-caption='formatos 2' title='formatos 2'><img width=\"280\" height=\"210\" src=\"https:\/\/airplastic.es\/wp-content\/uploads\/2020\/11\/formatos-2-280x210.jpg\" class=\"attachment-anps-gallery-thumb size-anps-gallery-thumb\" alt=\"\" loading=\"lazy\" \/><\/a><\/div><\/div>[\/vc_column][vc_column width=\u00a0\u00bb1\/2&Prime;][vc_custom_heading text=\u00a0\u00bbFORMATS\u00a0\u00bb use_theme_fonts=\u00a0\u00bbyes\u00a0\u00bb el_class=\u00a0\u00bbtitle\u00a0\u00bb][vc_column_text]Fabrication de formats\/plaques sur mesure avec une grande diversit\u00e9 de mati\u00e8res.<br \/>\nFacilite l\u2019empilement de produits d\u2019une mani\u00e8re s\u00fbre.[\/vc_column_text][\/vc_column][\/vc_row]<\/p>\n","protected":false},"excerpt":{"rendered":"<p>[vc_row css=\u00a0\u00bb.vc_custom_1453476243999{margin-bottom: 15px !important;}\u00a0\u00bb][vc_column width=\u00a0\u00bb1\/2&Prime;][\/vc_column][vc_column width=\u00a0\u00bb1\/2&Prime;][vc_custom_heading text=\u00a0\u00bbSACHETS\u00a0\u00bb use_theme_fonts=\u00a0\u00bbyes\u00a0\u00bb el_class=\u00a0\u00bbtitle\u00a0\u00bb][vc_column_text]Fabrication de sachets et bobines-tubes, possibilit\u00e9 de plusieurs dimensions et mati\u00e8res selon les pr\u00e9f\u00e9rences du client, rabat avec et sans auto-fermeture, antistatique, lamin\u00e9s, foam. Parfaits pour r\u00e9aliser des envois en \u00e9vitant les &hellip;<\/p>\n","protected":false},"author":1,"featured_media":0,"parent":0,"menu_order":0,"comment_status":"closed","ping_status":"closed","template":"","meta":[],"_links":{"self":[{"href":"https:\/\/airplastic.es\/fr\/wp-json\/wp\/v2\/pages\/2686"}],"collection":[{"href":"https:\/\/airplastic.es\/fr\/wp-json\/wp\/v2\/pages"}],"about":[{"href":"https:\/\/airplastic.es\/fr\/wp-json\/wp\/v2\/types\/page"}],"author":[{"embeddable":true,"href":"https:\/\/airplastic.es\/fr\/wp-json\/wp\/v2\/users\/1"}],"replies":[{"embeddable":true,"href":"https:\/\/airplastic.es\/fr\/wp-json\/wp\/v2\/comments?post=2686"}],"version-history":[{"count":5,"href":"https:\/\/airplastic.es\/fr\/wp-json\/wp\/v2\/pages\/2686\/revisions"}],"predecessor-version":[{"id":3016,"href":"https:\/\/airplastic.es\/fr\/wp-json\/wp\/v2\/pages\/2686\/revisions\/3016"}],"wp:attachment":[{"href":"https:\/\/airplastic.es\/fr\/wp-json\/wp\/v2\/media?parent=2686"}],"curies":[{"name":"wp","href":"https:\/\/api.w.org\/{rel}","templated":true}]}}