{"id":2685,"date":"2020-11-08T10:35:39","date_gmt":"2020-11-08T10:35:39","guid":{"rendered":"https:\/\/airplastic.es\/?page_id=2685"},"modified":"2024-11-13T17:29:18","modified_gmt":"2024-11-13T16:29:18","slug":"recyclage","status":"publish","type":"page","link":"https:\/\/airplastic.es\/fr\/recyclage\/","title":{"rendered":"RECYCLAGE"},"content":{"rendered":"<p>[vc_row css=\u00a0\u00bb.vc_custom_1460122496361{margin-bottom: 30px !important;}\u00a0\u00bb][vc_column width=\u00a0\u00bb1\/2&Prime;][vc_custom_heading text=\u00a0\u00bbRECYCLAGE\u00a0\u00bb use_theme_fonts=\u00a0\u00bbyes\u00a0\u00bb el_class=\u00a0\u00bbtitle\u00a0\u00bb][vc_empty_space height=\u00a0\u00bb20px\u00a0\u00bb][vc_column_text]Depuis l&rsquo;introduction de la Taxe sur les Emballages Plastiques Non R\u00e9utilisables en 2023, nous avons r\u00e9ussi \u00e0 garantir que toutes nos gammes de produits \u00e0 bulles soient <strong>fabriqu\u00e9es avec 50 % de mat\u00e9riaux recycl\u00e9s, comme l&rsquo;indique notre Certification mise \u00e0 jour en 2024 (<a href=\"https:\/\/airplastic.es\/wp-content\/uploads\/2024\/11\/CERTIFICADO-UNE-EN-15343-33-2023-REV.2-AIRPLASTIC.pdf\" target=\"_blank\" rel=\"noopener\">voir Certificat<\/a>)<\/strong>. Il y a eu des mois de tests et d&rsquo;efforts pour obtenir de bonnes performances du mat\u00e9riau recycl\u00e9 sans perte de qualit\u00e9, et nous continuons sur cette m\u00eame voie d&rsquo;innovation, <strong>en avan\u00e7ant dans une augmentation de ce pourcentage.<\/strong><\/p>\n<p>De m\u00eame, pour r\u00e9duire l&rsquo;impact environnemental, nous optimisons au maximum nos ressources : en g\u00e9rant <strong>nos d\u00e9penses \u00e9nerg\u00e9tiques et avec des proc\u00e9dures internes<\/strong> pour sensibiliser nos employ\u00e9s et collaborateurs \u00e0 la protection int\u00e9grale de notre environnement.[\/vc_column_text][\/vc_column][vc_column width=\u00a0\u00bb1\/2&Prime;][vc_empty_space height=\u00a0\u00bb64px\u00a0\u00bb][vc_single_image image=\u00a0\u00bb2748&Prime; img_size=\u00a0\u00bbfull\u00a0\u00bb][\/vc_column][\/vc_row]<\/p>\n","protected":false},"excerpt":{"rendered":"<p>[vc_row css=\u00a0\u00bb.vc_custom_1460122496361{margin-bottom: 30px !important;}\u00a0\u00bb][vc_column width=\u00a0\u00bb1\/2&Prime;][vc_custom_heading text=\u00a0\u00bbRECYCLAGE\u00a0\u00bb use_theme_fonts=\u00a0\u00bbyes\u00a0\u00bb el_class=\u00a0\u00bbtitle\u00a0\u00bb][vc_empty_space height=\u00a0\u00bb20px\u00a0\u00bb][vc_column_text]Depuis l&rsquo;introduction de la Taxe sur les Emballages Plastiques Non R\u00e9utilisables en 2023, nous avons r\u00e9ussi \u00e0 garantir que toutes nos gammes de produits \u00e0 bulles soient fabriqu\u00e9es avec 50 % de &hellip;<\/p>\n","protected":false},"author":1,"featured_media":0,"parent":0,"menu_order":0,"comment_status":"closed","ping_status":"closed","template":"","meta":[],"_links":{"self":[{"href":"https:\/\/airplastic.es\/fr\/wp-json\/wp\/v2\/pages\/2685"}],"collection":[{"href":"https:\/\/airplastic.es\/fr\/wp-json\/wp\/v2\/pages"}],"about":[{"href":"https:\/\/airplastic.es\/fr\/wp-json\/wp\/v2\/types\/page"}],"author":[{"embeddable":true,"href":"https:\/\/airplastic.es\/fr\/wp-json\/wp\/v2\/users\/1"}],"replies":[{"embeddable":true,"href":"https:\/\/airplastic.es\/fr\/wp-json\/wp\/v2\/comments?post=2685"}],"version-history":[{"count":14,"href":"https:\/\/airplastic.es\/fr\/wp-json\/wp\/v2\/pages\/2685\/revisions"}],"predecessor-version":[{"id":4181,"href":"https:\/\/airplastic.es\/fr\/wp-json\/wp\/v2\/pages\/2685\/revisions\/4181"}],"wp:attachment":[{"href":"https:\/\/airplastic.es\/fr\/wp-json\/wp\/v2\/media?parent=2685"}],"curies":[{"name":"wp","href":"https:\/\/api.w.org\/{rel}","templated":true}]}}