{"id":2683,"date":"2020-11-08T10:13:39","date_gmt":"2020-11-08T10:13:39","guid":{"rendered":"https:\/\/airplastic.es\/?page_id=2683"},"modified":"2020-11-10T09:09:42","modified_gmt":"2020-11-10T09:09:42","slug":"accomplexe-sur-un-ou-deux-cotes","status":"publish","type":"page","link":"https:\/\/airplastic.es\/fr\/accomplexe-sur-un-ou-deux-cotes\/","title":{"rendered":"ACCOMPLEX\u00c9 SUR UN OU DEUX C\u00d4T\u00c9S"},"content":{"rendered":"<p>[vc_row css=\u00a0\u00bb.vc_custom_1453476243999{margin-bottom: 15px !important;}\u00a0\u00bb][vc_column width=\u00a0\u00bb1\/2&Prime;]<div class=\"gallery-fs\"><figure><img src=\"https:\/\/airplastic.es\/wp-content\/uploads\/2020\/10\/kraft1.jpg\" alt=\"\"><figcaption>kraft1<\/figcaption><\/figure><div class=\"gallery-fs-nav\"><button class=\"gallery-fs-fullscreen\"><i class=\"fa fa-arrows-alt\"><\/i><\/button><\/div><div class=\"gallery-fs-thumbnails gallery-fs-thumbnails-col-5 owl-carousel\"><a href='https:\/\/airplastic.es\/wp-content\/uploads\/2020\/10\/kraft1.jpg' data-caption='kraft1' title='kraft1' class=\"selected\"><img width=\"280\" height=\"210\" src=\"https:\/\/airplastic.es\/wp-content\/uploads\/2020\/10\/kraft1-280x210.jpg\" class=\"attachment-anps-gallery-thumb size-anps-gallery-thumb\" alt=\"\" loading=\"lazy\" \/><\/a><a href='https:\/\/airplastic.es\/wp-content\/uploads\/2020\/10\/kraft3.jpg' data-caption='kraft3' title='kraft3'><img width=\"280\" height=\"210\" src=\"https:\/\/airplastic.es\/wp-content\/uploads\/2020\/10\/kraft3-280x210.jpg\" class=\"attachment-anps-gallery-thumb size-anps-gallery-thumb\" alt=\"\" loading=\"lazy\" \/><\/a><a href='https:\/\/airplastic.es\/wp-content\/uploads\/2020\/10\/Burbuja_kraft4.jpg' data-caption='Burbuja_kraft4' title='Burbuja_kraft4'><img width=\"280\" height=\"210\" src=\"https:\/\/airplastic.es\/wp-content\/uploads\/2020\/10\/Burbuja_kraft4-280x210.jpg\" class=\"attachment-anps-gallery-thumb size-anps-gallery-thumb\" alt=\"\" loading=\"lazy\" \/><\/a><\/div><\/div>[\/vc_column][vc_column width=\u00a0\u00bb1\/2&Prime;][vc_custom_heading text=\u00a0\u00bbPAPIER KRAFT\u00a0\u00bb use_theme_fonts=\u00a0\u00bbyes\u00a0\u00bb el_class=\u00a0\u00bbtitle\u00a0\u00bb][vc_column_text]Film \u00e0 bulles simples recouvert de papier Kraft brun, tr\u00e8s utilis\u00e9 dans le secteur des d\u00e9m\u00e9nagements pour prot\u00e9ger tableaux, meubles et objets divers.[\/vc_column_text][\/vc_column][vc_column][vc_empty_space][vc_separator el_width=\u00a0\u00bb60&Prime;][\/vc_column][\/vc_row][vc_row css=\u00a0\u00bb.vc_custom_1453476243999{margin-bottom: 15px !important;}\u00a0\u00bb][vc_column width=\u00a0\u00bb1\/2&Prime;]<div class=\"gallery-fs\"><figure><img src=\"https:\/\/airplastic.es\/wp-content\/uploads\/2020\/10\/POLIPROPILENO.jpg\" alt=\"\"><figcaption>POLIPROPILENO<\/figcaption><\/figure><div class=\"gallery-fs-nav\"><button class=\"gallery-fs-fullscreen\"><i class=\"fa fa-arrows-alt\"><\/i><\/button><\/div><div class=\"gallery-fs-thumbnails gallery-fs-thumbnails-col-5 owl-carousel\"><a href='https:\/\/airplastic.es\/wp-content\/uploads\/2020\/10\/POLIPROPILENO.jpg' data-caption='POLIPROPILENO' title='POLIPROPILENO' class=\"selected\"><img width=\"280\" height=\"210\" src=\"https:\/\/airplastic.es\/wp-content\/uploads\/2020\/10\/POLIPROPILENO-280x210.jpg\" class=\"attachment-anps-gallery-thumb size-anps-gallery-thumb\" alt=\"\" loading=\"lazy\" \/><\/a><a href='https:\/\/airplastic.es\/wp-content\/uploads\/2020\/10\/POLIPROPILENO1.jpg' data-caption='POLIPROPILENO1' title='POLIPROPILENO1'><img width=\"280\" height=\"210\" src=\"https:\/\/airplastic.es\/wp-content\/uploads\/2020\/10\/POLIPROPILENO1-280x210.jpg\" class=\"attachment-anps-gallery-thumb size-anps-gallery-thumb\" alt=\"\" loading=\"lazy\" \/><\/a><\/div><\/div>[\/vc_column][vc_column width=\u00a0\u00bb1\/2&Prime;][vc_custom_heading text=\u00a0\u00bbPOLYPROPYL\u00c8NE\u00a0\u00bb use_theme_fonts=\u00a0\u00bbyes\u00a0\u00bb el_class=\u00a0\u00bbtitle\u00a0\u00bb][vc_column_text]Film \u00e0 bulles simples recouvert de polypropyl\u00e8ne, qui apporte plus de r\u00e9sistance aux bobines, sur une et deux faces, utilis\u00e9 fr\u00e9quemment dans les housses de divans.<br \/>\nDisponible \u00e9galement en blanc.[\/vc_column_text][\/vc_column][vc_column][vc_empty_space][vc_separator el_width=\u00a0\u00bb60&Prime;][\/vc_column][\/vc_row][vc_row css=\u00a0\u00bb.vc_custom_1453476243999{margin-bottom: 15px !important;}\u00a0\u00bb][vc_column width=\u00a0\u00bb1\/2&Prime;]<div class=\"gallery-fs\"><figure><img src=\"https:\/\/airplastic.es\/wp-content\/uploads\/2020\/10\/Lamina_baja_densidad-1.jpg\" alt=\"\"><figcaption>Lamina_baja_densidad<\/figcaption><\/figure><div class=\"gallery-fs-nav\"><button class=\"gallery-fs-fullscreen\"><i class=\"fa fa-arrows-alt\"><\/i><\/button><\/div><div class=\"gallery-fs-thumbnails gallery-fs-thumbnails-col-5 owl-carousel\"><a href='https:\/\/airplastic.es\/wp-content\/uploads\/2020\/10\/Lamina_baja_densidad-1.jpg' data-caption='Lamina_baja_densidad' title='Lamina_baja_densidad' class=\"selected\"><img width=\"280\" height=\"210\" src=\"https:\/\/airplastic.es\/wp-content\/uploads\/2020\/10\/Lamina_baja_densidad-1-280x210.jpg\" class=\"attachment-anps-gallery-thumb size-anps-gallery-thumb\" alt=\"\" loading=\"lazy\" \/><\/a><a href='https:\/\/airplastic.es\/wp-content\/uploads\/2020\/10\/Lamina_baja_densidad2-1.jpg' data-caption='Lamina_baja_densidad2' title='Lamina_baja_densidad2'><img width=\"280\" height=\"210\" src=\"https:\/\/airplastic.es\/wp-content\/uploads\/2020\/10\/Lamina_baja_densidad2-1-280x210.jpg\" class=\"attachment-anps-gallery-thumb size-anps-gallery-thumb\" alt=\"\" loading=\"lazy\" \/><\/a><a href='https:\/\/airplastic.es\/wp-content\/uploads\/2020\/10\/Lamina_baja_densidad3-1.jpg' data-caption='Lamina_baja_densidad3' title='Lamina_baja_densidad3'><img width=\"280\" height=\"210\" src=\"https:\/\/airplastic.es\/wp-content\/uploads\/2020\/10\/Lamina_baja_densidad3-1-280x210.jpg\" class=\"attachment-anps-gallery-thumb size-anps-gallery-thumb\" alt=\"\" loading=\"lazy\" \/><\/a><\/div><\/div>[\/vc_column][vc_column width=\u00a0\u00bb1\/2&Prime;][vc_custom_heading text=\u00a0\u00bbFEUILLE \u00c0 BASSE DENSIT\u00c9\u00a0\u00bb use_theme_fonts=\u00a0\u00bbyes\u00a0\u00bb el_class=\u00a0\u00bbtitle\u00a0\u00bb][vc_column_text]Film \u00e0 bulles simples recouvert d\u2019une feuille \u00e0 basse densit\u00e9, sur une et deux faces, mat\u00e9riau flexible et r\u00e9sistant, recommand\u00e9 pour le mat\u00e9riel fragile.<br \/>\nDisponible \u00e9galement en blanc, brun et noir.[\/vc_column_text][\/vc_column][vc_column][vc_empty_space][vc_separator el_width=\u00a0\u00bb60&Prime;][\/vc_column][\/vc_row][vc_row css=\u00a0\u00bb.vc_custom_1453476243999{margin-bottom: 15px !important;}\u00a0\u00bb][vc_column width=\u00a0\u00bb1\/2&Prime;]<div class=\"gallery-fs\"><figure><img src=\"https:\/\/airplastic.es\/wp-content\/uploads\/2020\/10\/Burbuja_alta_densidad2.jpg\" alt=\"\"><figcaption>Burbuja_alta_densidad2<\/figcaption><\/figure><div class=\"gallery-fs-nav\"><button class=\"gallery-fs-fullscreen\"><i class=\"fa fa-arrows-alt\"><\/i><\/button><\/div><div class=\"gallery-fs-thumbnails gallery-fs-thumbnails-col-5 owl-carousel\"><a href='https:\/\/airplastic.es\/wp-content\/uploads\/2020\/10\/Burbuja_alta_densidad2.jpg' data-caption='Burbuja_alta_densidad2' title='Burbuja_alta_densidad2' class=\"selected\"><img width=\"280\" height=\"210\" src=\"https:\/\/airplastic.es\/wp-content\/uploads\/2020\/10\/Burbuja_alta_densidad2-280x210.jpg\" class=\"attachment-anps-gallery-thumb size-anps-gallery-thumb\" alt=\"\" loading=\"lazy\" \/><\/a><a href='https:\/\/airplastic.es\/wp-content\/uploads\/2020\/10\/Burbuja_alta_densidad.jpg' data-caption='Burbuja_alta_densidad' title='Burbuja_alta_densidad'><img width=\"280\" height=\"210\" src=\"https:\/\/airplastic.es\/wp-content\/uploads\/2020\/10\/Burbuja_alta_densidad-280x210.jpg\" class=\"attachment-anps-gallery-thumb size-anps-gallery-thumb\" alt=\"\" loading=\"lazy\" \/><\/a><\/div><\/div>[\/vc_column][vc_column width=\u00a0\u00bb1\/2&Prime;][vc_custom_heading text=\u00a0\u00bbFEUILLE \u00c0 HAUTE DENSIT\u00c9\u00a0\u00bb use_theme_fonts=\u00a0\u00bbyes\u00a0\u00bb el_class=\u00a0\u00bbtitle\u00a0\u00bb][vc_column_text]Film \u00e0 bulles simples recouvert d\u2019une feuille \u00e0 haute densit\u00e9, sur une et deux faces, mat\u00e9riau l\u00e9ger, apporte rigidit\u00e9 et r\u00e9sistance, tr\u00e8s pratique pour petits sachets.<br \/>\nDisponible \u00e9galement en blanc.[\/vc_column_text][\/vc_column][vc_column][vc_empty_space][vc_separator el_width=\u00a0\u00bb60&Prime;][\/vc_column][\/vc_row][vc_row css=\u00a0\u00bb.vc_custom_1453476243999{margin-bottom: 15px !important;}\u00a0\u00bb][vc_column width=\u00a0\u00bb1\/2&Prime;]<div class=\"gallery-fs\"><figure><img src=\"https:\/\/airplastic.es\/wp-content\/uploads\/2020\/10\/Foam_Burbuja.jpg\" alt=\"\"><figcaption>Foam_Burbuja<\/figcaption><\/figure><div class=\"gallery-fs-nav\"><button class=\"gallery-fs-fullscreen\"><i class=\"fa fa-arrows-alt\"><\/i><\/button><\/div><div class=\"gallery-fs-thumbnails gallery-fs-thumbnails-col-5 owl-carousel\"><a href='https:\/\/airplastic.es\/wp-content\/uploads\/2020\/10\/Foam_Burbuja.jpg' data-caption='Foam_Burbuja' title='Foam_Burbuja' class=\"selected\"><img width=\"280\" height=\"210\" src=\"https:\/\/airplastic.es\/wp-content\/uploads\/2020\/10\/Foam_Burbuja-280x210.jpg\" class=\"attachment-anps-gallery-thumb size-anps-gallery-thumb\" alt=\"\" loading=\"lazy\" \/><\/a><a href='https:\/\/airplastic.es\/wp-content\/uploads\/2020\/10\/Burbuja_con_foam_2mm.jpg' data-caption='Burbuja_con_foam_2mm' title='Burbuja_con_foam_2mm'><img width=\"280\" height=\"210\" src=\"https:\/\/airplastic.es\/wp-content\/uploads\/2020\/10\/Burbuja_con_foam_2mm-280x210.jpg\" class=\"attachment-anps-gallery-thumb size-anps-gallery-thumb\" alt=\"\" loading=\"lazy\" \/><\/a><a href='https:\/\/airplastic.es\/wp-content\/uploads\/2020\/10\/Burbuja_con_foam_2mm_2.jpg' data-caption='Burbuja_con_foam_2mm_2' title='Burbuja_con_foam_2mm_2'><img width=\"280\" height=\"210\" src=\"https:\/\/airplastic.es\/wp-content\/uploads\/2020\/10\/Burbuja_con_foam_2mm_2-280x210.jpg\" class=\"attachment-anps-gallery-thumb size-anps-gallery-thumb\" alt=\"\" loading=\"lazy\" \/><\/a><\/div><\/div>[\/vc_column][vc_column width=\u00a0\u00bb1\/2&Prime;][vc_custom_heading text=\u00a0\u00bbFOAM\u00a0\u00bb use_theme_fonts=\u00a0\u00bbyes\u00a0\u00bb el_class=\u00a0\u00bbtitle\u00a0\u00bb][vc_column_text]Film \u00e0 bulles simples recouvert de foam en plusieurs \u00e9paisseurs, sur une et deux faces, apporte plus de rembourrage \u00e0 la bulle, grande absorption des chocs.[\/vc_column_text][\/vc_column][vc_column][vc_empty_space][vc_separator el_width=\u00a0\u00bb60&Prime;][\/vc_column][\/vc_row][vc_row css=\u00a0\u00bb.vc_custom_1453476243999{margin-bottom: 15px !important;}\u00a0\u00bb][vc_column width=\u00a0\u00bb1\/2&Prime;]<div class=\"gallery-fs\"><figure><img src=\"https:\/\/airplastic.es\/wp-content\/uploads\/2020\/10\/Burbuja_con_Tejido_TNT.jpg\" alt=\"\"><figcaption>Burbuja_con_Tejido_TNT<\/figcaption><\/figure><div class=\"gallery-fs-nav\"><button class=\"gallery-fs-fullscreen\"><i class=\"fa fa-arrows-alt\"><\/i><\/button><\/div><div class=\"gallery-fs-thumbnails gallery-fs-thumbnails-col-5 owl-carousel\"><a href='https:\/\/airplastic.es\/wp-content\/uploads\/2020\/10\/Burbuja_con_Tejido_TNT.jpg' data-caption='Burbuja_con_Tejido_TNT' title='Burbuja_con_Tejido_TNT' class=\"selected\"><img width=\"280\" height=\"210\" src=\"https:\/\/airplastic.es\/wp-content\/uploads\/2020\/10\/Burbuja_con_Tejido_TNT-280x210.jpg\" class=\"attachment-anps-gallery-thumb size-anps-gallery-thumb\" alt=\"\" loading=\"lazy\" \/><\/a><a href='https:\/\/airplastic.es\/wp-content\/uploads\/2020\/10\/Burbuja_con_Tejido_TNT2.jpg' data-caption='Burbuja_con_Tejido_TNT2' title='Burbuja_con_Tejido_TNT2'><img width=\"280\" height=\"210\" src=\"https:\/\/airplastic.es\/wp-content\/uploads\/2020\/10\/Burbuja_con_Tejido_TNT2-280x210.jpg\" class=\"attachment-anps-gallery-thumb size-anps-gallery-thumb\" alt=\"\" loading=\"lazy\" \/><\/a><\/div><\/div>[\/vc_column][vc_column width=\u00a0\u00bb1\/2&Prime;][vc_custom_heading text=\u00a0\u00bbTEXTILE NON-TISS\u00c9\u00a0\u00bb use_theme_fonts=\u00a0\u00bbyes\u00a0\u00bb el_class=\u00a0\u00bbtitle\u00a0\u00bb][vc_column_text]Film \u00e0 bulles simples recouvert de textile non-tiss\u00e9, tr\u00e8s appropri\u00e9 pour le secteur du repos et du meuble en raison de sa finition agr\u00e9able.[\/vc_column_text][\/vc_column][vc_column][vc_empty_space][vc_separator el_width=\u00a0\u00bb60&Prime;][\/vc_column][\/vc_row][vc_row css=\u00a0\u00bb.vc_custom_1453476243999{margin-bottom: 15px !important;}\u00a0\u00bb][vc_column width=\u00a0\u00bb1\/2&Prime;]<div class=\"gallery-fs\"><figure><img src=\"https:\/\/airplastic.es\/wp-content\/uploads\/2020\/10\/Burbuja_con_Lamina_Adhesiva.jpg\" alt=\"\"><figcaption>Burbuja_con_Lamina_Adhesiva<\/figcaption><\/figure><div class=\"gallery-fs-nav\"><button class=\"gallery-fs-fullscreen\"><i class=\"fa fa-arrows-alt\"><\/i><\/button><\/div><div class=\"gallery-fs-thumbnails gallery-fs-thumbnails-col-5 owl-carousel\"><a href='https:\/\/airplastic.es\/wp-content\/uploads\/2020\/10\/Burbuja_con_Lamina_Adhesiva.jpg' data-caption='Burbuja_con_Lamina_Adhesiva' title='Burbuja_con_Lamina_Adhesiva' class=\"selected\"><img width=\"280\" height=\"210\" src=\"https:\/\/airplastic.es\/wp-content\/uploads\/2020\/10\/Burbuja_con_Lamina_Adhesiva-280x210.jpg\" class=\"attachment-anps-gallery-thumb size-anps-gallery-thumb\" alt=\"\" loading=\"lazy\" \/><\/a><a href='https:\/\/airplastic.es\/wp-content\/uploads\/2020\/10\/Burbuja_con_Lamina_Adhesiva2.jpg' data-caption='Burbuja_con_Lamina_Adhesiva2' title='Burbuja_con_Lamina_Adhesiva2'><img width=\"280\" height=\"210\" src=\"https:\/\/airplastic.es\/wp-content\/uploads\/2020\/10\/Burbuja_con_Lamina_Adhesiva2-280x210.jpg\" class=\"attachment-anps-gallery-thumb size-anps-gallery-thumb\" alt=\"\" loading=\"lazy\" \/><\/a><\/div><\/div>[\/vc_column][vc_column width=\u00a0\u00bb1\/2&Prime;][vc_custom_heading text=\u00a0\u00bbFEUILLE ADH\u00c9SIVE\u00a0\u00bb use_theme_fonts=\u00a0\u00bbyes\u00a0\u00bb el_class=\u00a0\u00bbtitle\u00a0\u00bb][vc_column_text]Film \u00e0 bulles simples recouvert d\u2019une feuille adh\u00e9sive, destin\u00e9 principalement aux processus de picking.[\/vc_column_text][\/vc_column][\/vc_row]<\/p>\n","protected":false},"excerpt":{"rendered":"<p>[vc_row css=\u00a0\u00bb.vc_custom_1453476243999{margin-bottom: 15px !important;}\u00a0\u00bb][vc_column width=\u00a0\u00bb1\/2&Prime;][\/vc_column][vc_column width=\u00a0\u00bb1\/2&Prime;][vc_custom_heading text=\u00a0\u00bbPAPIER KRAFT\u00a0\u00bb use_theme_fonts=\u00a0\u00bbyes\u00a0\u00bb el_class=\u00a0\u00bbtitle\u00a0\u00bb][vc_column_text]Film \u00e0 bulles simples recouvert de papier Kraft brun, tr\u00e8s utilis\u00e9 dans le secteur des d\u00e9m\u00e9nagements pour prot\u00e9ger tableaux, meubles et objets divers.[\/vc_column_text][\/vc_column][vc_column][vc_empty_space][vc_separator el_width=\u00a0\u00bb60&Prime;][\/vc_column][\/vc_row][vc_row css=\u00a0\u00bb.vc_custom_1453476243999{margin-bottom: 15px !important;}\u00a0\u00bb][vc_column width=\u00a0\u00bb1\/2&Prime;][\/vc_column][vc_column width=\u00a0\u00bb1\/2&Prime;][vc_custom_heading text=\u00a0\u00bbPOLYPROPYL\u00c8NE\u00a0\u00bb use_theme_fonts=\u00a0\u00bbyes\u00a0\u00bb &hellip;<\/p>\n","protected":false},"author":1,"featured_media":0,"parent":0,"menu_order":0,"comment_status":"closed","ping_status":"closed","template":"","meta":[],"_links":{"self":[{"href":"https:\/\/airplastic.es\/fr\/wp-json\/wp\/v2\/pages\/2683"}],"collection":[{"href":"https:\/\/airplastic.es\/fr\/wp-json\/wp\/v2\/pages"}],"about":[{"href":"https:\/\/airplastic.es\/fr\/wp-json\/wp\/v2\/types\/page"}],"author":[{"embeddable":true,"href":"https:\/\/airplastic.es\/fr\/wp-json\/wp\/v2\/users\/1"}],"replies":[{"embeddable":true,"href":"https:\/\/airplastic.es\/fr\/wp-json\/wp\/v2\/comments?post=2683"}],"version-history":[{"count":5,"href":"https:\/\/airplastic.es\/fr\/wp-json\/wp\/v2\/pages\/2683\/revisions"}],"predecessor-version":[{"id":3018,"href":"https:\/\/airplastic.es\/fr\/wp-json\/wp\/v2\/pages\/2683\/revisions\/3018"}],"wp:attachment":[{"href":"https:\/\/airplastic.es\/fr\/wp-json\/wp\/v2\/media?parent=2683"}],"curies":[{"name":"wp","href":"https:\/\/api.w.org\/{rel}","templated":true}]}}