{"id":2675,"date":"2020-11-08T09:52:36","date_gmt":"2020-11-08T09:52:36","guid":{"rendered":"https:\/\/airplastic.es\/?page_id=2675"},"modified":"2020-11-10T09:05:54","modified_gmt":"2020-11-10T09:05:54","slug":"airplastic","status":"publish","type":"page","link":"https:\/\/airplastic.es\/fr\/airplastic\/","title":{"rendered":"AIRPLASTIC"},"content":{"rendered":"<p>[vc_row css=\u00a0\u00bb.vc_custom_1460122496361{margin-bottom: 30px !important;}\u00a0\u00bb][vc_column width=\u00a0\u00bb1\/2&Prime;][vc_custom_heading text=\u00a0\u00bbEmbalajes Airplastic S.L.U.\u00a0\u00bb use_theme_fonts=\u00a0\u00bbyes\u00a0\u00bb el_class=\u00a0\u00bbtitle\u00a0\u00bb][vc_empty_space height=\u00a0\u00bb20px\u00a0\u00bb][vc_column_text]Embalajes AIRPLASTIC, qui fut fond\u00e9e en 1975 par M. Eduardo Blanchard Castillo, un grand entrepreneur qui a su cerner et s\u2019adapter aux exigences du d\u00e9veloppement industriel de son \u00e9poque, est une entreprise qui se consacre \u00e0 la fabrication de film \u00e0 bulles en poly\u00e9thyl\u00e8ne, et qui offre une large gamme de produits pour l\u2019emballage.<br \/>\nIl s\u2019agit d\u2019une entreprise en croissance continue, qui a doubl\u00e9 ses installations, et toujours en t\u00eate dans le d\u00e9veloppement de nouveaux produits lui permettant d\u2019\u00e9largir son catalogue et de r\u00e9pondre ainsi aux besoins actuels de protection et d\u2019emballage, tout respectant scrupuleusement l\u2019environnement.<br \/>\nEmbalajes AIRPLASTIC, dispose d\u2019installations avec des machines \u00e0 haute technologie, man\u0153uvr\u00e9es par du personnel hautement qualifi\u00e9, ce qui lui permet de r\u00e9pondre aux besoins de ses clients avec une grande vari\u00e9t\u00e9 de dimensions, qualit\u00e9s et bobines de plastiques complexes, ainsi que de sachets et formats, couvrant ainsi une majorit\u00e9 de secteurs tels que l\u2019automobile, la construction, l\u2019\u00e9lectronique, le repos, les d\u00e9m\u00e9nagements, l\u2019art, etc.<br \/>\nGr\u00e2ce \u00e0 ses nombreuses ann\u00e9es d\u2019exp\u00e9rience et \u00e0 une excellente situation, elle dispose d\u2019un r\u00e9seau de distribution qui lui permet de proposer le meilleur service et de r\u00e9pondre aux exigences de ses clients de mani\u00e8re rapide et efficace.[\/vc_column_text][\/vc_column][vc_column width=\u00a0\u00bb1\/2&Prime;][vc_single_image image=\u00a0\u00bb2679&Prime; img_size=\u00a0\u00bbfull\u00a0\u00bb][vc_empty_space height=\u00a0\u00bb64px\u00a0\u00bb][vc_column_text]<iframe src=\"https:\/\/www.youtube.com\/embed\/oniA5PmZ8l8\" width=\"560\" height=\"315\" frameborder=\"0\" allowfullscreen=\"allowfullscreen\" data-mce-fragment=\"1\"><\/iframe><br \/>\n<iframe src=\"https:\/\/www.youtube.com\/embed\/ibgDY5hV4So\" width=\"560\" height=\"315\" frameborder=\"0\" allowfullscreen=\"allowfullscreen\" data-mce-fragment=\"1\"><\/iframe>[\/vc_column_text][\/vc_column][\/vc_row]<\/p>\n","protected":false},"excerpt":{"rendered":"<p>[vc_row css=\u00a0\u00bb.vc_custom_1460122496361{margin-bottom: 30px !important;}\u00a0\u00bb][vc_column width=\u00a0\u00bb1\/2&Prime;][vc_custom_heading text=\u00a0\u00bbEmbalajes Airplastic S.L.U.\u00a0\u00bb use_theme_fonts=\u00a0\u00bbyes\u00a0\u00bb el_class=\u00a0\u00bbtitle\u00a0\u00bb][vc_empty_space height=\u00a0\u00bb20px\u00a0\u00bb][vc_column_text]Embalajes AIRPLASTIC, qui fut fond\u00e9e en 1975 par M. Eduardo Blanchard Castillo, un grand entrepreneur qui a su cerner et s\u2019adapter aux exigences du d\u00e9veloppement industriel de son \u00e9poque, est &hellip;<\/p>\n","protected":false},"author":1,"featured_media":0,"parent":0,"menu_order":0,"comment_status":"closed","ping_status":"closed","template":"","meta":[],"_links":{"self":[{"href":"https:\/\/airplastic.es\/fr\/wp-json\/wp\/v2\/pages\/2675"}],"collection":[{"href":"https:\/\/airplastic.es\/fr\/wp-json\/wp\/v2\/pages"}],"about":[{"href":"https:\/\/airplastic.es\/fr\/wp-json\/wp\/v2\/types\/page"}],"author":[{"embeddable":true,"href":"https:\/\/airplastic.es\/fr\/wp-json\/wp\/v2\/users\/1"}],"replies":[{"embeddable":true,"href":"https:\/\/airplastic.es\/fr\/wp-json\/wp\/v2\/comments?post=2675"}],"version-history":[{"count":5,"href":"https:\/\/airplastic.es\/fr\/wp-json\/wp\/v2\/pages\/2675\/revisions"}],"predecessor-version":[{"id":3008,"href":"https:\/\/airplastic.es\/fr\/wp-json\/wp\/v2\/pages\/2675\/revisions\/3008"}],"wp:attachment":[{"href":"https:\/\/airplastic.es\/fr\/wp-json\/wp\/v2\/media?parent=2675"}],"curies":[{"name":"wp","href":"https:\/\/api.w.org\/{rel}","templated":true}]}}